{"id":29110,"date":"2025-03-02T18:11:15","date_gmt":"2025-03-02T18:11:15","guid":{"rendered":"https:\/\/puregrowshop.com\/?post_type=product&#038;p=29110"},"modified":"2025-11-21T11:06:17","modified_gmt":"2025-11-21T11:06:17","slug":"cbd-kush-dutch-passion","status":"publish","type":"product","link":"https:\/\/puregrowshop.com\/fr\/cbd-kush-dutch-passion\/","title":{"rendered":"CBD Kush. Dutch Passion"},"content":{"rendered":"<p>Las pruebas han demostrado que se han obtenido niveles de CBD de hasta el 8% con una cantidad similar de THC.  Esta variedad se obtuvo a partir de un cruce entre una selecci\u00f3n Kandy Kush rica en THC y una variedad dominante en CBD.  Es una mezcla de gen\u00e9tica Sativa e Indica pero el patr\u00f3n de crecimiento generalmente demuestra que tiene un aspecto Indica dominante con buenos rendimientos y un aroma muy agradable.  Las plantas normalmente alcanzan el metro de altura. <\/p>\n<p>Atractiva para los usuarios medicinales que buscan una variedad CBD, tambi\u00e9n esperamos que algunos cultivadores aficionados se sientan atra\u00eddos por el potente coloc\u00f3n corporal y por una sensaci\u00f3n euf\u00f3rica agradable y controlable. <\/p>\n","protected":false},"excerpt":{"rendered":"<p>Una variedad producida en colaboraci\u00f3n con CBD Crew.  CBD Kush es una variedad rica en CBD con un \u00edndice aproximado de 1:1 de THC:CBD.<\/p>\n","protected":false},"featured_media":13793,"comment_status":"open","ping_status":"closed","template":"","meta":{"_bst_post_transparent":"","_bst_post_title":"","_bst_post_layout":"","_bst_post_sidebar_id":"","_bst_post_content_style":"","_bst_post_vertical_padding":"","_bst_post_feature":"","_bst_post_feature_position":"","_bst_post_header":false,"_bst_post_footer":false},"pwb-brand":[186],"product_brand":[],"product_cat":[69],"product_tag":[],"class_list":{"0":"post-29110","1":"product","2":"type-product","3":"status-publish","4":"has-post-thumbnail","6":"pwb-brand-dutch-passion","7":"product_cat-feminizadas","9":"first","10":"instock","11":"sale","12":"taxable","13":"shipping-taxable","14":"purchasable","15":"product-type-variable","16":"has-default-attributes","17":"entry","18":"content-bg","19":"loop-entry"},"brands":[{"id":186,"name":"Dutch Passion","slug":"dutch-passion"}],"_links":{"self":[{"href":"https:\/\/puregrowshop.com\/fr\/wp-json\/wp\/v2\/product\/29110","targetHints":{"allow":["GET"]}}],"collection":[{"href":"https:\/\/puregrowshop.com\/fr\/wp-json\/wp\/v2\/product"}],"about":[{"href":"https:\/\/puregrowshop.com\/fr\/wp-json\/wp\/v2\/types\/product"}],"replies":[{"embeddable":true,"href":"https:\/\/puregrowshop.com\/fr\/wp-json\/wp\/v2\/comments?post=29110"}],"wp:featuredmedia":[{"embeddable":true,"href":"https:\/\/puregrowshop.com\/fr\/wp-json\/wp\/v2\/media\/13793"}],"wp:attachment":[{"href":"https:\/\/puregrowshop.com\/fr\/wp-json\/wp\/v2\/media?parent=29110"}],"wp:term":[{"taxonomy":"pwb-brand","embeddable":true,"href":"https:\/\/puregrowshop.com\/fr\/wp-json\/wp\/v2\/pwb-brand?post=29110"},{"taxonomy":"product_brand","embeddable":true,"href":"https:\/\/puregrowshop.com\/fr\/wp-json\/wp\/v2\/product_brand?post=29110"},{"taxonomy":"product_cat","embeddable":true,"href":"https:\/\/puregrowshop.com\/fr\/wp-json\/wp\/v2\/product_cat?post=29110"},{"taxonomy":"product_tag","embeddable":true,"href":"https:\/\/puregrowshop.com\/fr\/wp-json\/wp\/v2\/product_tag?post=29110"}],"curies":[{"name":"wp","href":"https:\/\/api.w.org\/{rel}","templated":true}]}}