{"id":29084,"date":"2025-03-02T18:11:05","date_gmt":"2025-03-02T18:11:05","guid":{"rendered":"https:\/\/puregrowshop.com\/?post_type=product&#038;p=29084"},"modified":"2025-11-21T11:06:17","modified_gmt":"2025-11-21T11:06:17","slug":"california-orange-fem-dutch-passion","status":"publish","type":"product","link":"https:\/\/puregrowshop.com\/fr\/california-orange-fem-dutch-passion\/","title":{"rendered":"California Orange feminizada Dutch Passion"},"content":{"rendered":"<p>La gen\u00e9tica viene de una excepcional variedad californiana, tiene un efecto de la m\u00e1xima calidad, muy claro y estimulante, que resulta muy social. Si fumas demasiado el efecto se vuelve m\u00e1s pesado aunque la calidad no disminuye. Las plantas suelen alcanzan entre 1,2 y 2 metros y producen unos 400 g\/m2 con un nivel normal de c\u00e1lices\/hojas. Algunas de las plantas tienen un aroma c\u00edtrico muy pronunciado que las vuelve especialmente apetecibles, es una variedad potente que ha satisfecho a los miles de cultivadores que la han probado.<br \/>Californian Orange es una variedad fuerte y estable con altos niveles de producci\u00f3n de resina, incluso sobre las hojas. A veces, una variedad cl\u00e1sica como Californian Orange mantiene un grupo de seguidores que la siguen cultivando durante muchos a\u00f1os a pesar de todas las nuevas y excitantes variedades e h\u00edbridos que van saliendo. Es el caso de Californian Orange que mantiene su atractivo gracias al efecto fresco, fuerte y claro de la vieja escuela junto con su aroma y sabor caracter\u00edstico de naranja. Las cosechas son algo superiores a la media pero la experiencia es cualquier cosa menos \u201cnormal\u201d. Es una belleza, alta calidad tradicional californiana que viene de la era hippy. Fue una variedad excepcional cuando se present\u00f3 y, todav\u00eda hoy, sigue siendo una gen\u00e9tica muy buscada.<\/p>\n","protected":false},"excerpt":{"rendered":"<p>Original Californian Orange<br \/>Californian Orange es un cl\u00e1sico de la vieja escuela que s\u00f3lo est\u00e1 disponible a trav\u00e9s de Dutch Passion. Es un h\u00edbrido 50% \u00edndica y 50% sativa que data de 1980 y, desde entonces, s\u00f3lo ha sido seleccionado por inbreeding.<\/p>\n","protected":false},"featured_media":13551,"comment_status":"open","ping_status":"closed","template":"","meta":{"_bst_post_transparent":"","_bst_post_title":"","_bst_post_layout":"","_bst_post_sidebar_id":"","_bst_post_content_style":"","_bst_post_vertical_padding":"","_bst_post_feature":"","_bst_post_feature_position":"","_bst_post_header":false,"_bst_post_footer":false},"pwb-brand":[186],"product_brand":[],"product_cat":[69],"product_tag":[],"class_list":{"0":"post-29084","1":"product","2":"type-product","3":"status-publish","4":"has-post-thumbnail","6":"pwb-brand-dutch-passion","7":"product_cat-feminizadas","9":"first","10":"instock","11":"sale","12":"taxable","13":"shipping-taxable","14":"purchasable","15":"product-type-variable","16":"entry","17":"content-bg","18":"loop-entry"},"brands":[{"id":186,"name":"Dutch Passion","slug":"dutch-passion"}],"_links":{"self":[{"href":"https:\/\/puregrowshop.com\/fr\/wp-json\/wp\/v2\/product\/29084","targetHints":{"allow":["GET"]}}],"collection":[{"href":"https:\/\/puregrowshop.com\/fr\/wp-json\/wp\/v2\/product"}],"about":[{"href":"https:\/\/puregrowshop.com\/fr\/wp-json\/wp\/v2\/types\/product"}],"replies":[{"embeddable":true,"href":"https:\/\/puregrowshop.com\/fr\/wp-json\/wp\/v2\/comments?post=29084"}],"wp:featuredmedia":[{"embeddable":true,"href":"https:\/\/puregrowshop.com\/fr\/wp-json\/wp\/v2\/media\/13551"}],"wp:attachment":[{"href":"https:\/\/puregrowshop.com\/fr\/wp-json\/wp\/v2\/media?parent=29084"}],"wp:term":[{"taxonomy":"pwb-brand","embeddable":true,"href":"https:\/\/puregrowshop.com\/fr\/wp-json\/wp\/v2\/pwb-brand?post=29084"},{"taxonomy":"product_brand","embeddable":true,"href":"https:\/\/puregrowshop.com\/fr\/wp-json\/wp\/v2\/product_brand?post=29084"},{"taxonomy":"product_cat","embeddable":true,"href":"https:\/\/puregrowshop.com\/fr\/wp-json\/wp\/v2\/product_cat?post=29084"},{"taxonomy":"product_tag","embeddable":true,"href":"https:\/\/puregrowshop.com\/fr\/wp-json\/wp\/v2\/product_tag?post=29084"}],"curies":[{"name":"wp","href":"https:\/\/api.w.org\/{rel}","templated":true}]}}