{"id":29083,"date":"2025-03-02T18:11:05","date_gmt":"2025-03-02T18:11:05","guid":{"rendered":"https:\/\/puregrowshop.com\/?post_type=product&#038;p=29083"},"modified":"2025-11-21T11:06:17","modified_gmt":"2025-11-21T11:06:17","slug":"c-vibez-fem-dutch-passion","status":"publish","type":"product","link":"https:\/\/puregrowshop.com\/fr\/c-vibez-fem-dutch-passion\/","title":{"rendered":"C- Vibez feminizada Dutch Passion"},"content":{"rendered":"<p><\/p>\n","protected":false},"excerpt":{"rendered":"<p>Mad Scientist X Voodoo<br \/>C-Vibez es una variedad h\u00edbrida de floraci\u00f3n r\u00e1pida. Esta belleza de grandes rendimientos crece r\u00e1pidamente hasta la madurez produciendo densos y arom\u00e1ticos cogollos. Tarda aproximadamente 8 semanas en terminar de florecer sus cogollos duros como rocas. La altura promedio es de cerca de 1.0m &#8211; 1.5m.<\/p>\n<p>La mayor\u00eda de estas semillas feminizadas de alta calidad se convierten en plantas bajitas y verdes. Aproximadamente el 30% de ellas muestran algo de color (de morado a rosa). Es una planta con grandes resultados y un perfil de terpenos excepcional.<\/p>\n<p>Las gen\u00e9ticas provienen de Mad Scientist, acompa\u00f1ada de unas excelentes gen\u00e9ticas Voodoo. Voodoo es una variedad Thai original de Dutch Passion incre\u00edblemente potente. Estas gen\u00e9ticas son responsables por el fuerte &#8216;coloc\u00f3n&#8217; que los consumidores experimentan al vapear\/fumar el resultado final.<\/p>\n<p>A pesar de que C-Vibez es una variedad indica dominante, su sabor tiene notables toques a frutas\/lim\u00f3n, especialmente cuando se quema.<\/p>\n<p>Esta variedad no ha sido deliberadamente cultivada para lograr una estabilidad completa. Esto asegura una rica selecci\u00f3n de fenotipos de alta calidad con un vigor que normalmente se encuentra en las F2 y F3.<\/p>\n","protected":false},"featured_media":13835,"comment_status":"open","ping_status":"closed","template":"","meta":{"_bst_post_transparent":"","_bst_post_title":"","_bst_post_layout":"","_bst_post_sidebar_id":"","_bst_post_content_style":"","_bst_post_vertical_padding":"","_bst_post_feature":"","_bst_post_feature_position":"","_bst_post_header":false,"_bst_post_footer":false},"pwb-brand":[186],"product_brand":[],"product_cat":[69],"product_tag":[],"class_list":{"0":"post-29083","1":"product","2":"type-product","3":"status-publish","4":"has-post-thumbnail","6":"pwb-brand-dutch-passion","7":"product_cat-feminizadas","9":"first","10":"instock","11":"sale","12":"taxable","13":"shipping-taxable","14":"purchasable","15":"product-type-variable","16":"entry","17":"content-bg","18":"loop-entry"},"brands":[{"id":186,"name":"Dutch Passion","slug":"dutch-passion"}],"_links":{"self":[{"href":"https:\/\/puregrowshop.com\/fr\/wp-json\/wp\/v2\/product\/29083","targetHints":{"allow":["GET"]}}],"collection":[{"href":"https:\/\/puregrowshop.com\/fr\/wp-json\/wp\/v2\/product"}],"about":[{"href":"https:\/\/puregrowshop.com\/fr\/wp-json\/wp\/v2\/types\/product"}],"replies":[{"embeddable":true,"href":"https:\/\/puregrowshop.com\/fr\/wp-json\/wp\/v2\/comments?post=29083"}],"wp:featuredmedia":[{"embeddable":true,"href":"https:\/\/puregrowshop.com\/fr\/wp-json\/wp\/v2\/media\/13835"}],"wp:attachment":[{"href":"https:\/\/puregrowshop.com\/fr\/wp-json\/wp\/v2\/media?parent=29083"}],"wp:term":[{"taxonomy":"pwb-brand","embeddable":true,"href":"https:\/\/puregrowshop.com\/fr\/wp-json\/wp\/v2\/pwb-brand?post=29083"},{"taxonomy":"product_brand","embeddable":true,"href":"https:\/\/puregrowshop.com\/fr\/wp-json\/wp\/v2\/product_brand?post=29083"},{"taxonomy":"product_cat","embeddable":true,"href":"https:\/\/puregrowshop.com\/fr\/wp-json\/wp\/v2\/product_cat?post=29083"},{"taxonomy":"product_tag","embeddable":true,"href":"https:\/\/puregrowshop.com\/fr\/wp-json\/wp\/v2\/product_tag?post=29083"}],"curies":[{"name":"wp","href":"https:\/\/api.w.org\/{rel}","templated":true}]}}