{"id":29082,"date":"2025-03-02T18:11:05","date_gmt":"2025-03-02T18:11:05","guid":{"rendered":"https:\/\/puregrowshop.com\/?post_type=product&#038;p=29082"},"modified":"2025-11-21T11:06:17","modified_gmt":"2025-11-21T11:06:17","slug":"bubba-island-kush-fem-dutch-passion","status":"publish","type":"product","link":"https:\/\/puregrowshop.com\/fr\/bubba-island-kush-fem-dutch-passion\/","title":{"rendered":"Bubba Island Kush feminizada Dutch Passion"},"content":{"rendered":"<p>Con su altura promedio de 1 metro en el interior, un r\u00e1pido per\u00edodo de floraci\u00f3n de 7,5 semanas y tonos Kush amargos y afrutados, Bubba Island Kush es una adici\u00f3n especial de Kush a la colecci\u00f3n Dutch Passion. <\/p>\n<p>Sus hojas pueden oscurecerse durante la floraci\u00f3n, lo que le da una apariencia de planta de hach\u00eds real con cogollos extremadamente resinosos. A los fabricantes de concentrados les encantar\u00e1 esta variedad debido a su exclusivo perfil de terpeno, ideal para hacer hash, o BHO. <\/p>\n<p>Bubba Island Kush\u00ae tiene un aroma terroso de Kush, pero los tonos amargos y afrutados son dominantes. Los cogollos son densos, compactos y de alta potencia. El alto efecto relajante es profundo y agradable. Esta Indica r\u00e1pida es perfecta para los cultivadores que buscan la mejor calidad en el menor tiempo posible.<\/p>\n","protected":false},"excerpt":{"rendered":"<p>pre \u201898 Bubba Kush X (Grandaddy Purple x OG Kush)<br \/>&#8211; Semillas feminizadas<br \/>&#8211; Ciclo de vida:  7 semanas<br \/>&#8211; Producci\u00f3n: L<br \/>&#8211; Dominancia: Indica<\/p>\n","protected":false},"featured_media":13791,"comment_status":"open","ping_status":"closed","template":"","meta":{"_bst_post_transparent":"","_bst_post_title":"","_bst_post_layout":"","_bst_post_sidebar_id":"","_bst_post_content_style":"","_bst_post_vertical_padding":"","_bst_post_feature":"","_bst_post_feature_position":"","_bst_post_header":false,"_bst_post_footer":false},"pwb-brand":[186],"product_brand":[],"product_cat":[69],"product_tag":[],"class_list":{"0":"post-29082","1":"product","2":"type-product","3":"status-publish","4":"has-post-thumbnail","6":"pwb-brand-dutch-passion","7":"product_cat-feminizadas","9":"first","10":"instock","11":"sale","12":"taxable","13":"shipping-taxable","14":"purchasable","15":"product-type-variable","16":"entry","17":"content-bg","18":"loop-entry"},"brands":[{"id":186,"name":"Dutch Passion","slug":"dutch-passion"}],"_links":{"self":[{"href":"https:\/\/puregrowshop.com\/fr\/wp-json\/wp\/v2\/product\/29082","targetHints":{"allow":["GET"]}}],"collection":[{"href":"https:\/\/puregrowshop.com\/fr\/wp-json\/wp\/v2\/product"}],"about":[{"href":"https:\/\/puregrowshop.com\/fr\/wp-json\/wp\/v2\/types\/product"}],"replies":[{"embeddable":true,"href":"https:\/\/puregrowshop.com\/fr\/wp-json\/wp\/v2\/comments?post=29082"}],"wp:featuredmedia":[{"embeddable":true,"href":"https:\/\/puregrowshop.com\/fr\/wp-json\/wp\/v2\/media\/13791"}],"wp:attachment":[{"href":"https:\/\/puregrowshop.com\/fr\/wp-json\/wp\/v2\/media?parent=29082"}],"wp:term":[{"taxonomy":"pwb-brand","embeddable":true,"href":"https:\/\/puregrowshop.com\/fr\/wp-json\/wp\/v2\/pwb-brand?post=29082"},{"taxonomy":"product_brand","embeddable":true,"href":"https:\/\/puregrowshop.com\/fr\/wp-json\/wp\/v2\/product_brand?post=29082"},{"taxonomy":"product_cat","embeddable":true,"href":"https:\/\/puregrowshop.com\/fr\/wp-json\/wp\/v2\/product_cat?post=29082"},{"taxonomy":"product_tag","embeddable":true,"href":"https:\/\/puregrowshop.com\/fr\/wp-json\/wp\/v2\/product_tag?post=29082"}],"curies":[{"name":"wp","href":"https:\/\/api.w.org\/{rel}","templated":true}]}}