{"id":29081,"date":"2025-03-02T18:11:05","date_gmt":"2025-03-02T18:11:05","guid":{"rendered":"https:\/\/puregrowshop.com\/?post_type=product&#038;p=29081"},"modified":"2025-11-21T11:06:17","modified_gmt":"2025-11-21T11:06:17","slug":"blueberry-fem-dutch-passion","status":"publish","type":"product","link":"https:\/\/puregrowshop.com\/fr\/blueberry-fem-dutch-passion\/","title":{"rendered":"Blueberry feminizada Dutch Passion"},"content":{"rendered":"<p>La gen\u00e9tica es 80% Indica y 20% Sativa y es originaria de los a\u00f1os 70. Los cultivadores habituales de Blueberry a menudo les gusta germinar varias semillas para encontrar una planta madre especial; es f\u00e1cil obtener esquejes de esta planta y nunca te cansar\u00e1s de los buds Blueberry de excelente calidad. Aunque tiene un buen rendimiento en condiciones ideales es, principalmente, una variedad de cultivo para los productores que buscan aquel subid\u00f3n Blueberry especial, relajante y refinado. <\/p>\n<p>Quiz\u00e1s no sea la variedad m\u00e1s f\u00e1cil de cultivar para los productores m\u00e1s novatos, y puede que sea una planta quisquillosa con la alimentaci\u00f3n, pero recompensar\u00e1 a los cultivadores experimentados con cosechas de, posiblemente, una de las mejores variedades de cannabis disponibles. A\u00fan es una de las preferidas en los coffeshops, despu\u00e9s de d\u00e9cadas de su presentaci\u00f3n.<\/p>\n","protected":false},"excerpt":{"rendered":"<p>1970\u2019s Original Blueberry<br \/>Dutch Passion Blueberry es la original; una famosa planta de cannabis sofisticada y agradable combinada con sabores afrutados y coloraciones azules en las hojas y en los buds. <\/p>\n","protected":false},"featured_media":13559,"comment_status":"open","ping_status":"closed","template":"","meta":{"_bst_post_transparent":"","_bst_post_title":"","_bst_post_layout":"","_bst_post_sidebar_id":"","_bst_post_content_style":"","_bst_post_vertical_padding":"","_bst_post_feature":"","_bst_post_feature_position":"","_bst_post_header":false,"_bst_post_footer":false},"pwb-brand":[186],"product_brand":[],"product_cat":[69],"product_tag":[],"class_list":{"0":"post-29081","1":"product","2":"type-product","3":"status-publish","4":"has-post-thumbnail","6":"pwb-brand-dutch-passion","7":"product_cat-feminizadas","9":"first","10":"instock","11":"sale","12":"taxable","13":"shipping-taxable","14":"purchasable","15":"product-type-variable","16":"entry","17":"content-bg","18":"loop-entry"},"brands":[{"id":186,"name":"Dutch Passion","slug":"dutch-passion"}],"_links":{"self":[{"href":"https:\/\/puregrowshop.com\/fr\/wp-json\/wp\/v2\/product\/29081","targetHints":{"allow":["GET"]}}],"collection":[{"href":"https:\/\/puregrowshop.com\/fr\/wp-json\/wp\/v2\/product"}],"about":[{"href":"https:\/\/puregrowshop.com\/fr\/wp-json\/wp\/v2\/types\/product"}],"replies":[{"embeddable":true,"href":"https:\/\/puregrowshop.com\/fr\/wp-json\/wp\/v2\/comments?post=29081"}],"wp:featuredmedia":[{"embeddable":true,"href":"https:\/\/puregrowshop.com\/fr\/wp-json\/wp\/v2\/media\/13559"}],"wp:attachment":[{"href":"https:\/\/puregrowshop.com\/fr\/wp-json\/wp\/v2\/media?parent=29081"}],"wp:term":[{"taxonomy":"pwb-brand","embeddable":true,"href":"https:\/\/puregrowshop.com\/fr\/wp-json\/wp\/v2\/pwb-brand?post=29081"},{"taxonomy":"product_brand","embeddable":true,"href":"https:\/\/puregrowshop.com\/fr\/wp-json\/wp\/v2\/product_brand?post=29081"},{"taxonomy":"product_cat","embeddable":true,"href":"https:\/\/puregrowshop.com\/fr\/wp-json\/wp\/v2\/product_cat?post=29081"},{"taxonomy":"product_tag","embeddable":true,"href":"https:\/\/puregrowshop.com\/fr\/wp-json\/wp\/v2\/product_tag?post=29081"}],"curies":[{"name":"wp","href":"https:\/\/api.w.org\/{rel}","templated":true}]}}