{"id":29056,"date":"2025-03-02T18:10:57","date_gmt":"2025-03-02T18:10:57","guid":{"rendered":"https:\/\/puregrowshop.com\/?post_type=product&#038;p=29056"},"modified":"2025-11-21T11:06:26","modified_gmt":"2025-11-21T11:06:26","slug":"blue-auto-mazar-fem-dutch-passion","status":"publish","type":"product","link":"https:\/\/puregrowshop.com\/fr\/blue-auto-mazar-fem-dutch-passion\/","title":{"rendered":"Blue Auto Mazar feminizada Dutch Passion"},"content":{"rendered":"<p>Es un cruce entre Auto Blueberry\u00ae y Auto Mazar\u00ae, dos de nuestras variedades de semillas de cannabis m\u00e1s apreciadas y m\u00e1s vendidas.  El parentesco de calidad excepcional de la Auto Blueberry se beneficia de la potencia y de los elevados rendimientos de la gen\u00e9tica Auto Mazar; es una de las mejores autom\u00e1ticas disponibles en el mercado actual y creemos que muy dif\u00edcil de superar.  La Blue Auto Mazar\u00ae est\u00e1 lista para cosechar al cabo de unos 75 d\u00edas despu\u00e9s de la germinaci\u00f3n y es un 75% indica y un 25% sativa.  Esta variedad produce unas plantas de cannabis que son una mezcla de ambas gen\u00e9ticas originales pero tambi\u00e9n se pueden observar algunas plantas parecidas a la Auto Blueberry y algunas que se asemejan bastante a la Auto Mazar original.  En el periodo de floraci\u00f3n, recompensa al cultivador con una compleja gama de aromas frutales y espor\u00e1dicas fragancias de especies, pimienta y tierra.<\/p>\n","protected":false},"excerpt":{"rendered":"<p>Auto Blueberry X Auto Mazar<br \/>Las semillas de cannabis Blue Auto Mazar\u00ae combinan lo mejor de dos legendarias autom\u00e1ticas de Dutch Passion en una nueva y sorprendente h\u00edbrida muy potente.<\/p>\n","protected":false},"featured_media":13607,"comment_status":"open","ping_status":"closed","template":"","meta":{"_bst_post_transparent":"","_bst_post_title":"","_bst_post_layout":"","_bst_post_sidebar_id":"","_bst_post_content_style":"","_bst_post_vertical_padding":"","_bst_post_feature":"","_bst_post_feature_position":"","_bst_post_header":false,"_bst_post_footer":false},"pwb-brand":[186],"product_brand":[],"product_cat":[69],"product_tag":[],"class_list":{"0":"post-29056","1":"product","2":"type-product","3":"status-publish","4":"has-post-thumbnail","6":"pwb-brand-dutch-passion","7":"product_cat-feminizadas","9":"first","10":"instock","11":"sale","12":"taxable","13":"shipping-taxable","14":"purchasable","15":"product-type-variable","16":"entry","17":"content-bg","18":"loop-entry"},"brands":[{"id":186,"name":"Dutch Passion","slug":"dutch-passion"}],"_links":{"self":[{"href":"https:\/\/puregrowshop.com\/fr\/wp-json\/wp\/v2\/product\/29056","targetHints":{"allow":["GET"]}}],"collection":[{"href":"https:\/\/puregrowshop.com\/fr\/wp-json\/wp\/v2\/product"}],"about":[{"href":"https:\/\/puregrowshop.com\/fr\/wp-json\/wp\/v2\/types\/product"}],"replies":[{"embeddable":true,"href":"https:\/\/puregrowshop.com\/fr\/wp-json\/wp\/v2\/comments?post=29056"}],"wp:featuredmedia":[{"embeddable":true,"href":"https:\/\/puregrowshop.com\/fr\/wp-json\/wp\/v2\/media\/13607"}],"wp:attachment":[{"href":"https:\/\/puregrowshop.com\/fr\/wp-json\/wp\/v2\/media?parent=29056"}],"wp:term":[{"taxonomy":"pwb-brand","embeddable":true,"href":"https:\/\/puregrowshop.com\/fr\/wp-json\/wp\/v2\/pwb-brand?post=29056"},{"taxonomy":"product_brand","embeddable":true,"href":"https:\/\/puregrowshop.com\/fr\/wp-json\/wp\/v2\/product_brand?post=29056"},{"taxonomy":"product_cat","embeddable":true,"href":"https:\/\/puregrowshop.com\/fr\/wp-json\/wp\/v2\/product_cat?post=29056"},{"taxonomy":"product_tag","embeddable":true,"href":"https:\/\/puregrowshop.com\/fr\/wp-json\/wp\/v2\/product_tag?post=29056"}],"curies":[{"name":"wp","href":"https:\/\/api.w.org\/{rel}","templated":true}]}}