{"id":29055,"date":"2025-03-02T18:10:57","date_gmt":"2025-03-02T18:10:57","guid":{"rendered":"https:\/\/puregrowshop.com\/?post_type=product&#038;p=29055"},"modified":"2025-11-21T11:06:26","modified_gmt":"2025-11-21T11:06:26","slug":"banana-blaze-fem-dutch-passion","status":"publish","type":"product","link":"https:\/\/puregrowshop.com\/fr\/banana-blaze-fem-dutch-passion\/","title":{"rendered":"Banana Blaze feminizada Dutch Passion"},"content":{"rendered":"<p><\/p>\n","protected":false},"excerpt":{"rendered":"<p>Old School Banana Indica<br \/>Trata a esta se\u00f1orita con cari\u00f1o y te devolver\u00e1 el favor siendo todo un encanto. S\u00e9 conservador con los nutrientes, no necesita una fuerte alimentaci\u00f3n para alcanzar su potencial XL completo. Cuando se cultiva correctamente, Banana Blaze producir\u00e1 grandes cosechas de cogollos deliciosos gracias a las m\u00faltiples ramas laterales.<\/p>\n<p>Suele terminar en forma de \u00e1rbol de Navidad con flores largas. Puede llegar hasta 1.50m de altura y florece durante unas 8 semanas. Puedes notar un aroma distintivo a pl\u00e1tano cerca del momento de la cosecha y esto tambi\u00e9n se puede notar en el sabor, especialmente en la exhalaci\u00f3n al fumar. Esta indica dominante proporciona un efecto corporal placentero y relajante.<\/p>\n<p>Las gen\u00e9ticas especiales provienen de un incre\u00edble banco de genes de banana indica de Dutch Passion de los a\u00f1os 90. Hab\u00edamos guardado esta banana indica &#8216;de la vieja escuela&#8217; para un programa especial de cultivo como este. El equipo qued\u00f3 muy impresionado con el vigor y el asombroso perfil de terpenos de esta banana indica.<\/p>\n","protected":false},"featured_media":13827,"comment_status":"open","ping_status":"closed","template":"","meta":{"_bst_post_transparent":"","_bst_post_title":"","_bst_post_layout":"","_bst_post_sidebar_id":"","_bst_post_content_style":"","_bst_post_vertical_padding":"","_bst_post_feature":"","_bst_post_feature_position":"","_bst_post_header":false,"_bst_post_footer":false},"pwb-brand":[186],"product_brand":[],"product_cat":[69],"product_tag":[],"class_list":{"0":"post-29055","1":"product","2":"type-product","3":"status-publish","4":"has-post-thumbnail","6":"pwb-brand-dutch-passion","7":"product_cat-feminizadas","9":"first","10":"instock","11":"sale","12":"taxable","13":"shipping-taxable","14":"purchasable","15":"product-type-variable","16":"entry","17":"content-bg","18":"loop-entry"},"brands":[{"id":186,"name":"Dutch Passion","slug":"dutch-passion"}],"_links":{"self":[{"href":"https:\/\/puregrowshop.com\/fr\/wp-json\/wp\/v2\/product\/29055","targetHints":{"allow":["GET"]}}],"collection":[{"href":"https:\/\/puregrowshop.com\/fr\/wp-json\/wp\/v2\/product"}],"about":[{"href":"https:\/\/puregrowshop.com\/fr\/wp-json\/wp\/v2\/types\/product"}],"replies":[{"embeddable":true,"href":"https:\/\/puregrowshop.com\/fr\/wp-json\/wp\/v2\/comments?post=29055"}],"wp:featuredmedia":[{"embeddable":true,"href":"https:\/\/puregrowshop.com\/fr\/wp-json\/wp\/v2\/media\/13827"}],"wp:attachment":[{"href":"https:\/\/puregrowshop.com\/fr\/wp-json\/wp\/v2\/media?parent=29055"}],"wp:term":[{"taxonomy":"pwb-brand","embeddable":true,"href":"https:\/\/puregrowshop.com\/fr\/wp-json\/wp\/v2\/pwb-brand?post=29055"},{"taxonomy":"product_brand","embeddable":true,"href":"https:\/\/puregrowshop.com\/fr\/wp-json\/wp\/v2\/product_brand?post=29055"},{"taxonomy":"product_cat","embeddable":true,"href":"https:\/\/puregrowshop.com\/fr\/wp-json\/wp\/v2\/product_cat?post=29055"},{"taxonomy":"product_tag","embeddable":true,"href":"https:\/\/puregrowshop.com\/fr\/wp-json\/wp\/v2\/product_tag?post=29055"}],"curies":[{"name":"wp","href":"https:\/\/api.w.org\/{rel}","templated":true}]}}