{"id":29054,"date":"2025-03-02T18:10:57","date_gmt":"2025-03-02T18:10:57","guid":{"rendered":"https:\/\/puregrowshop.com\/?post_type=product&#038;p=29054"},"modified":"2026-03-20T12:31:19","modified_gmt":"2026-03-20T12:31:19","slug":"auto-xtreme-fem-dutch-passion","status":"publish","type":"product","link":"https:\/\/puregrowshop.com\/fr\/auto-xtreme-fem-dutch-passion\/","title":{"rendered":"Auto Xtreme  Dutch Passion"},"content":{"rendered":"<p>El proyecto implico una larga selecci\u00f3n y cultivo cuidadoso antes de que acept\u00e1ramos su aprobaci\u00f3n. La gen\u00e9tica, basada en nuestra variedad fotoperi\u00f3dica Outlaw Amnesia\u00ae (Amnesia x Super Haze), se ha adaptado a una Autoflorecientes que proporciona una potente influencia Haze Sativa junto con unas cosechas muy generosas. Esta variedad la encontrar\u00e1s exclusivamente en Dutch Passion.<\/p>\n<p>La Auto Xtreme\u00ae se cosecha al cabo de unos 80 d\u00edas despu\u00e9s de la germinaci\u00f3n. Tarda un poquito m\u00e1s que el resto de autofloreceintes pero, con esta variedad, se necesitaba este tiempo adicional para otorgarle la mejor combinaci\u00f3n de potencia, gusto y tama\u00f1o de cosecha. Como resultado, las plantas pueden llegar a ser un poquito m\u00e1s grandes de lo normal, hasta 1,5 metros de altura. Es una nueva autofloreceinte, muy dif\u00edcil de superar.<\/p>\n","protected":false},"excerpt":{"rendered":"<p>Outlaw Amnesia (Amnesia x Super Haze)<br \/>Auto Xtreme\u00ae es el resultado excepcional de 2 a\u00f1os de trabajo conjunto entre Dutch Passion y DinaFem utilizando algunas gen\u00e9ticas Haze especiales de Dutch Passion<\/p>\n","protected":false},"featured_media":13767,"comment_status":"open","ping_status":"closed","template":"","meta":{"_bst_post_transparent":"","_bst_post_title":"","_bst_post_layout":"","_bst_post_sidebar_id":"","_bst_post_content_style":"","_bst_post_vertical_padding":"","_bst_post_feature":"","_bst_post_feature_position":"","_bst_post_header":false,"_bst_post_footer":false},"pwb-brand":[186],"product_brand":[],"product_cat":[56],"product_tag":[],"class_list":{"0":"post-29054","1":"product","2":"type-product","3":"status-publish","4":"has-post-thumbnail","6":"pwb-brand-dutch-passion","7":"product_cat-autoflorecientes","9":"first","10":"instock","11":"sale","12":"taxable","13":"shipping-taxable","14":"purchasable","15":"product-type-variable","16":"entry","17":"content-bg","18":"loop-entry"},"brands":[{"id":186,"name":"Dutch Passion","slug":"dutch-passion"}],"_links":{"self":[{"href":"https:\/\/puregrowshop.com\/fr\/wp-json\/wp\/v2\/product\/29054","targetHints":{"allow":["GET"]}}],"collection":[{"href":"https:\/\/puregrowshop.com\/fr\/wp-json\/wp\/v2\/product"}],"about":[{"href":"https:\/\/puregrowshop.com\/fr\/wp-json\/wp\/v2\/types\/product"}],"replies":[{"embeddable":true,"href":"https:\/\/puregrowshop.com\/fr\/wp-json\/wp\/v2\/comments?post=29054"}],"wp:featuredmedia":[{"embeddable":true,"href":"https:\/\/puregrowshop.com\/fr\/wp-json\/wp\/v2\/media\/13767"}],"wp:attachment":[{"href":"https:\/\/puregrowshop.com\/fr\/wp-json\/wp\/v2\/media?parent=29054"}],"wp:term":[{"taxonomy":"pwb-brand","embeddable":true,"href":"https:\/\/puregrowshop.com\/fr\/wp-json\/wp\/v2\/pwb-brand?post=29054"},{"taxonomy":"product_brand","embeddable":true,"href":"https:\/\/puregrowshop.com\/fr\/wp-json\/wp\/v2\/product_brand?post=29054"},{"taxonomy":"product_cat","embeddable":true,"href":"https:\/\/puregrowshop.com\/fr\/wp-json\/wp\/v2\/product_cat?post=29054"},{"taxonomy":"product_tag","embeddable":true,"href":"https:\/\/puregrowshop.com\/fr\/wp-json\/wp\/v2\/product_tag?post=29054"}],"curies":[{"name":"wp","href":"https:\/\/api.w.org\/{rel}","templated":true}]}}