{"id":29053,"date":"2025-03-02T18:10:56","date_gmt":"2025-03-02T18:10:56","guid":{"rendered":"https:\/\/puregrowshop.com\/?post_type=product&#038;p=29053"},"modified":"2026-03-20T12:31:19","modified_gmt":"2026-03-20T12:31:19","slug":"auto-white-widow-fem-dutch-passion","status":"publish","type":"product","link":"https:\/\/puregrowshop.com\/fr\/auto-white-widow-fem-dutch-passion\/","title":{"rendered":"Auto White Widow  Dutch Passion"},"content":{"rendered":"<p>Esta es la esperada versi\u00f3n autom\u00e1tica de la original White Widow, nuestro \u00e9xito de ventas.  Auto White Widow\u00ae es una autom\u00e1tica potente y robusta que proporciona un incre\u00edble subid\u00f3n. Se obtuvo a partir de nuestra planta madre White Widow original utilizando la misma gen\u00e9tica que ha ganado incontables premios y ha satisfecho a miles de cultivadores.  La Auto White Widow\u00ae es una planta harmonizada y f\u00e1cil de cultivar en cualquier m\u00e9todo. Nuestra versi\u00f3n autom\u00e1tica est\u00e1 lista para cosechar al cabo de 75 d\u00edas de la germinaci\u00f3n y, en exterior, una sola planta puede producir de 50 a 150 gramos de cannabis.  Los expertos cultivadores de interior pueden llegar a obtener m\u00e1s de 200 gramos de una sola planta, especialmente si se cultiva en sistemas de Deep Water Culture.  Las plantas pueden alcanzar una altura de 60 cm a 1 metro.<\/p>\n<p>La Auto White Widow\u00ae es una de las mejores autom\u00e1ticas que hemos desarrollado y es altamente recomendable para aquellos que buscan una autom\u00e1tica de cultivo f\u00e1cil y potente, con generosos rendimientos.<\/p>\n","protected":false},"excerpt":{"rendered":"<p>White Widow Autoflower<br \/>Despu\u00e9s de varios a\u00f1os de esmerada selecci\u00f3n, Dutch Passion se complace en presentar nuestras semillas especiales de cannabis Auto White Widow\u00ae<\/p>\n","protected":false},"featured_media":13765,"comment_status":"open","ping_status":"closed","template":"","meta":{"_bst_post_transparent":"","_bst_post_title":"","_bst_post_layout":"","_bst_post_sidebar_id":"","_bst_post_content_style":"","_bst_post_vertical_padding":"","_bst_post_feature":"","_bst_post_feature_position":"","_bst_post_header":false,"_bst_post_footer":false},"pwb-brand":[186],"product_brand":[],"product_cat":[56],"product_tag":[],"class_list":{"0":"post-29053","1":"product","2":"type-product","3":"status-publish","4":"has-post-thumbnail","6":"pwb-brand-dutch-passion","7":"product_cat-autoflorecientes","9":"first","10":"instock","11":"sale","12":"taxable","13":"shipping-taxable","14":"purchasable","15":"product-type-variable","16":"entry","17":"content-bg","18":"loop-entry"},"brands":[{"id":186,"name":"Dutch Passion","slug":"dutch-passion"}],"_links":{"self":[{"href":"https:\/\/puregrowshop.com\/fr\/wp-json\/wp\/v2\/product\/29053","targetHints":{"allow":["GET"]}}],"collection":[{"href":"https:\/\/puregrowshop.com\/fr\/wp-json\/wp\/v2\/product"}],"about":[{"href":"https:\/\/puregrowshop.com\/fr\/wp-json\/wp\/v2\/types\/product"}],"replies":[{"embeddable":true,"href":"https:\/\/puregrowshop.com\/fr\/wp-json\/wp\/v2\/comments?post=29053"}],"wp:featuredmedia":[{"embeddable":true,"href":"https:\/\/puregrowshop.com\/fr\/wp-json\/wp\/v2\/media\/13765"}],"wp:attachment":[{"href":"https:\/\/puregrowshop.com\/fr\/wp-json\/wp\/v2\/media?parent=29053"}],"wp:term":[{"taxonomy":"pwb-brand","embeddable":true,"href":"https:\/\/puregrowshop.com\/fr\/wp-json\/wp\/v2\/pwb-brand?post=29053"},{"taxonomy":"product_brand","embeddable":true,"href":"https:\/\/puregrowshop.com\/fr\/wp-json\/wp\/v2\/product_brand?post=29053"},{"taxonomy":"product_cat","embeddable":true,"href":"https:\/\/puregrowshop.com\/fr\/wp-json\/wp\/v2\/product_cat?post=29053"},{"taxonomy":"product_tag","embeddable":true,"href":"https:\/\/puregrowshop.com\/fr\/wp-json\/wp\/v2\/product_tag?post=29053"}],"curies":[{"name":"wp","href":"https:\/\/api.w.org\/{rel}","templated":true}]}}