{"id":29052,"date":"2025-03-02T18:10:56","date_gmt":"2025-03-02T18:10:56","guid":{"rendered":"https:\/\/puregrowshop.com\/?post_type=product&#038;p=29052"},"modified":"2026-03-20T12:31:19","modified_gmt":"2026-03-20T12:31:19","slug":"auto-ultimate-fem-dutch-passion","status":"publish","type":"product","link":"https:\/\/puregrowshop.com\/fr\/auto-ultimate-fem-dutch-passion\/","title":{"rendered":"Auto Ultimate  Dutch Passion"},"content":{"rendered":"<p>Los mejores resultados se obtuvieron cuando The Ultimate\u00ae se automatiz\u00f3 junto con algunas gen\u00e9ticas de nuestra original y legendaria Auto Mazar\u00ae. El resultado es una variedad con un potente rendimiento que crece hasta los 80-100 cm con buds compactos de un tama\u00f1o mediano-grande. Son pegajosos y revestidos de una capa de resina dulce y arom\u00e1tica. El sabor y efecto de la Auto Ultimate\u00ae son muy parecidos en calidad a la original.<\/p>\n<p>Con una gen\u00e9tica demostrada, y con las mejores t\u00e9cnicas de reproducci\u00f3n autom\u00e1tica de Dutch Passion, Auto Ultimate\u00ae garantiza un excelente rendimiento en su sala de cultivo. Creemos que es una de las mejores combinaciones disponibles en el mercado, en cuanto a rendimiento, calidad y consistencia, incluso dentro de nuestra nueva colecci\u00f3n.<\/p>\n","protected":false},"excerpt":{"rendered":"<p>The Ultimate X Auto Mazar<br \/>Auto Ultimate\u00ae es la versi\u00f3n autofloreceinte de nuestro \u00e9xito de ventas \u201cThe Ultimate\u00ae\u201d. Es una planta que ofrece unos buenos niveles de producci\u00f3n de cannabis potente, muy recomendable y con unas cosechas normalmente excelentes.<\/p>\n","protected":false},"featured_media":13763,"comment_status":"open","ping_status":"closed","template":"","meta":{"_bst_post_transparent":"","_bst_post_title":"","_bst_post_layout":"","_bst_post_sidebar_id":"","_bst_post_content_style":"","_bst_post_vertical_padding":"","_bst_post_feature":"","_bst_post_feature_position":"","_bst_post_header":false,"_bst_post_footer":false},"pwb-brand":[186],"product_brand":[],"product_cat":[56],"product_tag":[],"class_list":{"0":"post-29052","1":"product","2":"type-product","3":"status-publish","4":"has-post-thumbnail","6":"pwb-brand-dutch-passion","7":"product_cat-autoflorecientes","9":"first","10":"instock","11":"sale","12":"taxable","13":"shipping-taxable","14":"purchasable","15":"product-type-variable","16":"entry","17":"content-bg","18":"loop-entry"},"brands":[{"id":186,"name":"Dutch Passion","slug":"dutch-passion"}],"_links":{"self":[{"href":"https:\/\/puregrowshop.com\/fr\/wp-json\/wp\/v2\/product\/29052","targetHints":{"allow":["GET"]}}],"collection":[{"href":"https:\/\/puregrowshop.com\/fr\/wp-json\/wp\/v2\/product"}],"about":[{"href":"https:\/\/puregrowshop.com\/fr\/wp-json\/wp\/v2\/types\/product"}],"replies":[{"embeddable":true,"href":"https:\/\/puregrowshop.com\/fr\/wp-json\/wp\/v2\/comments?post=29052"}],"wp:featuredmedia":[{"embeddable":true,"href":"https:\/\/puregrowshop.com\/fr\/wp-json\/wp\/v2\/media\/13763"}],"wp:attachment":[{"href":"https:\/\/puregrowshop.com\/fr\/wp-json\/wp\/v2\/media?parent=29052"}],"wp:term":[{"taxonomy":"pwb-brand","embeddable":true,"href":"https:\/\/puregrowshop.com\/fr\/wp-json\/wp\/v2\/pwb-brand?post=29052"},{"taxonomy":"product_brand","embeddable":true,"href":"https:\/\/puregrowshop.com\/fr\/wp-json\/wp\/v2\/product_brand?post=29052"},{"taxonomy":"product_cat","embeddable":true,"href":"https:\/\/puregrowshop.com\/fr\/wp-json\/wp\/v2\/product_cat?post=29052"},{"taxonomy":"product_tag","embeddable":true,"href":"https:\/\/puregrowshop.com\/fr\/wp-json\/wp\/v2\/product_tag?post=29052"}],"curies":[{"name":"wp","href":"https:\/\/api.w.org\/{rel}","templated":true}]}}