{"id":29049,"date":"2025-03-02T18:10:54","date_gmt":"2025-03-02T18:10:54","guid":{"rendered":"https:\/\/puregrowshop.com\/auto-think-big-fem-dutch-passion\/"},"modified":"2026-03-20T12:31:19","modified_gmt":"2026-03-20T12:31:19","slug":"auto-think-big-fem-dutch-passion","status":"publish","type":"product","link":"https:\/\/puregrowshop.com\/fr\/auto-think-big-fem-dutch-passion\/","title":{"rendered":"Auto Think Big  Dutch Passion"},"content":{"rendered":"<p>La Think Big\u00ae puede crecer y ser m\u00e1s grande que la Think Different AutoFem y necesita un par de semanas m\u00e1s para cosecharse. Estas dos o tres semanas adicionales que la Think Big\u00ae necesita para terminar son las responsables del enorme e incre\u00edble rendimiento que ofrece cuando se trata con amor. La cobertura de resina es sensacional, el cannabis es potente y sopor\u00edfero con un subid\u00f3n galopante de sativa. El sabor tiene toques c\u00edtricos, de lim\u00f3n e incienso. El tiempo de cosecha suele ser de 13 a 14 semanas despu\u00e9s de la germinaci\u00f3n y los rendimientos, tanto en interior como en exterior, tienen un potencial XXL. \u00a1La maravillosa gen\u00e9tica autofloreciente acaba de saltar a otro nivel!<\/p>\n","protected":false},"excerpt":{"rendered":"<p>Think Different XXL selection<br \/>Think Big\u00ae es una nueva AutoFem de alto rendimiento basada en la legendaria gen\u00e9tica de Think Different. Se cre\u00f3 despu\u00e9s de seleccionar un peque\u00f1o n\u00famero de plantas Think Different XXL especiales de entre centenares de plantas cultivadas a partir de la semilla y utilizadas como base gen\u00e9tica de la Think Big\u00ae. <\/p>\n","protected":false},"featured_media":13789,"comment_status":"open","ping_status":"closed","template":"","meta":{"_bst_post_transparent":"","_bst_post_title":"","_bst_post_layout":"","_bst_post_sidebar_id":"","_bst_post_content_style":"","_bst_post_vertical_padding":"","_bst_post_feature":"","_bst_post_feature_position":"","_bst_post_header":false,"_bst_post_footer":false},"pwb-brand":[186],"product_brand":[],"product_cat":[56],"product_tag":[],"class_list":{"0":"post-29049","1":"product","2":"type-product","3":"status-publish","4":"has-post-thumbnail","6":"pwb-brand-dutch-passion","7":"product_cat-autoflorecientes","9":"first","10":"instock","11":"sale","12":"taxable","13":"shipping-taxable","14":"purchasable","15":"product-type-variable","16":"entry","17":"content-bg","18":"loop-entry"},"brands":[{"id":186,"name":"Dutch Passion","slug":"dutch-passion"}],"_links":{"self":[{"href":"https:\/\/puregrowshop.com\/fr\/wp-json\/wp\/v2\/product\/29049","targetHints":{"allow":["GET"]}}],"collection":[{"href":"https:\/\/puregrowshop.com\/fr\/wp-json\/wp\/v2\/product"}],"about":[{"href":"https:\/\/puregrowshop.com\/fr\/wp-json\/wp\/v2\/types\/product"}],"replies":[{"embeddable":true,"href":"https:\/\/puregrowshop.com\/fr\/wp-json\/wp\/v2\/comments?post=29049"}],"wp:featuredmedia":[{"embeddable":true,"href":"https:\/\/puregrowshop.com\/fr\/wp-json\/wp\/v2\/media\/13789"}],"wp:attachment":[{"href":"https:\/\/puregrowshop.com\/fr\/wp-json\/wp\/v2\/media?parent=29049"}],"wp:term":[{"taxonomy":"pwb-brand","embeddable":true,"href":"https:\/\/puregrowshop.com\/fr\/wp-json\/wp\/v2\/pwb-brand?post=29049"},{"taxonomy":"product_brand","embeddable":true,"href":"https:\/\/puregrowshop.com\/fr\/wp-json\/wp\/v2\/product_brand?post=29049"},{"taxonomy":"product_cat","embeddable":true,"href":"https:\/\/puregrowshop.com\/fr\/wp-json\/wp\/v2\/product_cat?post=29049"},{"taxonomy":"product_tag","embeddable":true,"href":"https:\/\/puregrowshop.com\/fr\/wp-json\/wp\/v2\/product_tag?post=29049"}],"curies":[{"name":"wp","href":"https:\/\/api.w.org\/{rel}","templated":true}]}}