{"id":29023,"date":"2025-03-02T18:10:48","date_gmt":"2025-03-02T18:10:48","guid":{"rendered":"https:\/\/puregrowshop.com\/?post_type=product&#038;p=29023"},"modified":"2026-03-20T12:32:23","modified_gmt":"2026-03-20T12:32:23","slug":"auto-orange-bud-fem-dutch-passion","status":"publish","type":"product","link":"https:\/\/puregrowshop.com\/fr\/auto-orange-bud-fem-dutch-passion\/","title":{"rendered":"Auto Orange Bud  Dutch Passion"},"content":{"rendered":"<p>El reproductor principal de Dutch Passion, responsable de algunas de las gen\u00e9ticas autoflorecientes m\u00e1s modernas como, por ejemplo, Mazar\u00ae, Auto Ultimate\u00ae y Auto Daiquiri Lime\u00ae, prest\u00f3 especial atenci\u00f3n para crear Auto Orange Bud\u00ae. Primero se cruz\u00f3 un individuo macho Auto Daiquiri Lime autofloreciente con nuestra excelente planta madre fotoperi\u00f3dica original Orange Bud.   Esper\u00f3 hasta que tuviera la capacidad suficiente para seleccionar el mayor n\u00famero de plantas posibles con el fin de obtener lo mejor de las 12 generaciones siguientes. <\/p>\n<p>El proyecto dur\u00f3 tres a\u00f1os, nuestro programa de reproducci\u00f3n autofloreciente m\u00e1s grande y m\u00e1s complejo hasta el momento. El reproductor cri\u00f3 selectivamente esas plantas con los niveles m\u00e1s altos de THC, con los mayores rendimientos y con el efecto, el sabor y el aroma de la aut\u00e9ntica Orange Bud. El resultado fue una variedad autofloreciente que es tan buena como nuestra Orange bud fotoperi\u00f3dica original en potencia, calidad, aroma y sabor. Incluso nuestro grupo de expertos no pudo notar la diferencia en una prueba a ciegas.<\/p>\n","protected":false},"excerpt":{"rendered":"<p>Orange Bud X Auto Daiquiri Lime<br \/>&#8211; Semillas feminizadas<br \/>&#8211; Ciclo de vida:  10-11 semanas<br \/>&#8211; Producci\u00f3n: XL<br \/>&#8211; Dominancia: Sativa<\/p>\n","protected":false},"featured_media":13787,"comment_status":"open","ping_status":"closed","template":"","meta":{"_bst_post_transparent":"","_bst_post_title":"","_bst_post_layout":"","_bst_post_sidebar_id":"","_bst_post_content_style":"","_bst_post_vertical_padding":"","_bst_post_feature":"","_bst_post_feature_position":"","_bst_post_header":false,"_bst_post_footer":false},"pwb-brand":[186],"product_brand":[],"product_cat":[56],"product_tag":[],"class_list":{"0":"post-29023","1":"product","2":"type-product","3":"status-publish","4":"has-post-thumbnail","6":"pwb-brand-dutch-passion","7":"product_cat-autoflorecientes","9":"first","10":"instock","11":"sale","12":"taxable","13":"shipping-taxable","14":"purchasable","15":"product-type-variable","16":"entry","17":"content-bg","18":"loop-entry"},"brands":[{"id":186,"name":"Dutch Passion","slug":"dutch-passion"}],"_links":{"self":[{"href":"https:\/\/puregrowshop.com\/fr\/wp-json\/wp\/v2\/product\/29023","targetHints":{"allow":["GET"]}}],"collection":[{"href":"https:\/\/puregrowshop.com\/fr\/wp-json\/wp\/v2\/product"}],"about":[{"href":"https:\/\/puregrowshop.com\/fr\/wp-json\/wp\/v2\/types\/product"}],"replies":[{"embeddable":true,"href":"https:\/\/puregrowshop.com\/fr\/wp-json\/wp\/v2\/comments?post=29023"}],"wp:featuredmedia":[{"embeddable":true,"href":"https:\/\/puregrowshop.com\/fr\/wp-json\/wp\/v2\/media\/13787"}],"wp:attachment":[{"href":"https:\/\/puregrowshop.com\/fr\/wp-json\/wp\/v2\/media?parent=29023"}],"wp:term":[{"taxonomy":"pwb-brand","embeddable":true,"href":"https:\/\/puregrowshop.com\/fr\/wp-json\/wp\/v2\/pwb-brand?post=29023"},{"taxonomy":"product_brand","embeddable":true,"href":"https:\/\/puregrowshop.com\/fr\/wp-json\/wp\/v2\/product_brand?post=29023"},{"taxonomy":"product_cat","embeddable":true,"href":"https:\/\/puregrowshop.com\/fr\/wp-json\/wp\/v2\/product_cat?post=29023"},{"taxonomy":"product_tag","embeddable":true,"href":"https:\/\/puregrowshop.com\/fr\/wp-json\/wp\/v2\/product_tag?post=29023"}],"curies":[{"name":"wp","href":"https:\/\/api.w.org\/{rel}","templated":true}]}}