{"id":28996,"date":"2025-03-02T18:10:39","date_gmt":"2025-03-02T18:10:39","guid":{"rendered":"https:\/\/puregrowshop.com\/?post_type=product&#038;p=28996"},"modified":"2026-03-20T12:31:19","modified_gmt":"2026-03-20T12:31:19","slug":"auto-mazar-fem-dutch-passion","status":"publish","type":"product","link":"https:\/\/puregrowshop.com\/fr\/auto-mazar-fem-dutch-passion\/","title":{"rendered":"Auto Mazar  Dutch Passion"},"content":{"rendered":"<p>La Auto Mazar\u00ae proporciona un subid\u00f3n aut\u00e9nticamente fuerte y de larga duraci\u00f3n. Es una de las autofloreceinte m\u00e1s consistentes jam\u00e1s creadas y se encuentra entre las autofloreceinte m\u00e1s vendidas de Dutch Passion por muchos motivos.<\/p>\n<p>La Mazar original es una legendaria variedad ganadora de premios que no necesita ning\u00fan tipo de presentaci\u00f3n; la cruzamos con una Auto con Indica dominante para crear la Auto Mazar\u00ae. Normalmente las plantas alcanzan los 70-80 cm; crecen muy robustas y producen buenas cosechas. Los nuevos cultivadores a menudo pueden llegar a cosechar m\u00e1s de 50 gramos de buds potentes y pegajosos por cada una de sus plantas. Los productores experimentados habitualmente recogen entre 100 y 200 gramos por planta, especialmente en sistemas hidrop\u00f3nicos. El mejor resultado conseguido hasta el momento es de 900 gramos.<\/p>\n","protected":false},"excerpt":{"rendered":"<p>Mazar X Indica autoflower<br \/>Auto Mazar\u00ae es una autofloreceinte de elevado rendimiento, robusta y f\u00e1cil de cultivar. Tambi\u00e9n es una productora fiable de cannabis de excelente calidad, tanto si se cultiva en tierra como en fibra de coco o en un sistema hidro.<\/p>\n","protected":false},"featured_media":13759,"comment_status":"open","ping_status":"closed","template":"","meta":{"_bst_post_transparent":"","_bst_post_title":"","_bst_post_layout":"","_bst_post_sidebar_id":"","_bst_post_content_style":"","_bst_post_vertical_padding":"","_bst_post_feature":"","_bst_post_feature_position":"","_bst_post_header":false,"_bst_post_footer":false},"pwb-brand":[186],"product_brand":[],"product_cat":[56],"product_tag":[],"class_list":{"0":"post-28996","1":"product","2":"type-product","3":"status-publish","4":"has-post-thumbnail","6":"pwb-brand-dutch-passion","7":"product_cat-autoflorecientes","9":"first","10":"instock","11":"sale","12":"taxable","13":"shipping-taxable","14":"purchasable","15":"product-type-variable","16":"entry","17":"content-bg","18":"loop-entry"},"brands":[{"id":186,"name":"Dutch Passion","slug":"dutch-passion"}],"_links":{"self":[{"href":"https:\/\/puregrowshop.com\/fr\/wp-json\/wp\/v2\/product\/28996","targetHints":{"allow":["GET"]}}],"collection":[{"href":"https:\/\/puregrowshop.com\/fr\/wp-json\/wp\/v2\/product"}],"about":[{"href":"https:\/\/puregrowshop.com\/fr\/wp-json\/wp\/v2\/types\/product"}],"replies":[{"embeddable":true,"href":"https:\/\/puregrowshop.com\/fr\/wp-json\/wp\/v2\/comments?post=28996"}],"wp:featuredmedia":[{"embeddable":true,"href":"https:\/\/puregrowshop.com\/fr\/wp-json\/wp\/v2\/media\/13759"}],"wp:attachment":[{"href":"https:\/\/puregrowshop.com\/fr\/wp-json\/wp\/v2\/media?parent=28996"}],"wp:term":[{"taxonomy":"pwb-brand","embeddable":true,"href":"https:\/\/puregrowshop.com\/fr\/wp-json\/wp\/v2\/pwb-brand?post=28996"},{"taxonomy":"product_brand","embeddable":true,"href":"https:\/\/puregrowshop.com\/fr\/wp-json\/wp\/v2\/product_brand?post=28996"},{"taxonomy":"product_cat","embeddable":true,"href":"https:\/\/puregrowshop.com\/fr\/wp-json\/wp\/v2\/product_cat?post=28996"},{"taxonomy":"product_tag","embeddable":true,"href":"https:\/\/puregrowshop.com\/fr\/wp-json\/wp\/v2\/product_tag?post=28996"}],"curies":[{"name":"wp","href":"https:\/\/api.w.org\/{rel}","templated":true}]}}