{"id":28993,"date":"2025-03-02T18:10:39","date_gmt":"2025-03-02T18:10:39","guid":{"rendered":"https:\/\/puregrowshop.com\/?post_type=product&#038;p=28993"},"modified":"2026-03-20T12:31:19","modified_gmt":"2026-03-20T12:31:19","slug":"auto-kerosene-krash-fem-dutch-passion","status":"publish","type":"product","link":"https:\/\/puregrowshop.com\/fr\/auto-kerosene-krash-fem-dutch-passion\/","title":{"rendered":"Auto Kerosene Krash  Dutch Passion"},"content":{"rendered":"","protected":false},"excerpt":{"rendered":"<p>Kerosene Krash x (Kerosene Krash x Auto Glueberry O.G.)<br \/>Auto Kerosene Krash es una h\u00edbrida con potencial XL y crece hasta convertirse en una estructura robusta, similar a un \u00e1rbol de Navidad, con cogollos densos y duros del tama\u00f1o de pelotas de golf y una hermosa cola principal. Tarda alrededor de 12 semanas en crecer desde la semilla hasta la cosecha en interiores bajo 20 horas de luz diaria.<\/p>\n","protected":false},"featured_media":13909,"comment_status":"open","ping_status":"closed","template":"","meta":{"_bst_post_transparent":"","_bst_post_title":"","_bst_post_layout":"","_bst_post_sidebar_id":"","_bst_post_content_style":"","_bst_post_vertical_padding":"","_bst_post_feature":"","_bst_post_feature_position":"","_bst_post_header":false,"_bst_post_footer":false},"pwb-brand":[186],"product_brand":[],"product_cat":[56],"product_tag":[],"class_list":{"0":"post-28993","1":"product","2":"type-product","3":"status-publish","4":"has-post-thumbnail","6":"pwb-brand-dutch-passion","7":"product_cat-autoflorecientes","9":"first","10":"instock","11":"sale","12":"taxable","13":"shipping-taxable","14":"purchasable","15":"product-type-variable","16":"entry","17":"content-bg","18":"loop-entry"},"brands":[{"id":186,"name":"Dutch Passion","slug":"dutch-passion"}],"_links":{"self":[{"href":"https:\/\/puregrowshop.com\/fr\/wp-json\/wp\/v2\/product\/28993","targetHints":{"allow":["GET"]}}],"collection":[{"href":"https:\/\/puregrowshop.com\/fr\/wp-json\/wp\/v2\/product"}],"about":[{"href":"https:\/\/puregrowshop.com\/fr\/wp-json\/wp\/v2\/types\/product"}],"replies":[{"embeddable":true,"href":"https:\/\/puregrowshop.com\/fr\/wp-json\/wp\/v2\/comments?post=28993"}],"wp:featuredmedia":[{"embeddable":true,"href":"https:\/\/puregrowshop.com\/fr\/wp-json\/wp\/v2\/media\/13909"}],"wp:attachment":[{"href":"https:\/\/puregrowshop.com\/fr\/wp-json\/wp\/v2\/media?parent=28993"}],"wp:term":[{"taxonomy":"pwb-brand","embeddable":true,"href":"https:\/\/puregrowshop.com\/fr\/wp-json\/wp\/v2\/pwb-brand?post=28993"},{"taxonomy":"product_brand","embeddable":true,"href":"https:\/\/puregrowshop.com\/fr\/wp-json\/wp\/v2\/product_brand?post=28993"},{"taxonomy":"product_cat","embeddable":true,"href":"https:\/\/puregrowshop.com\/fr\/wp-json\/wp\/v2\/product_cat?post=28993"},{"taxonomy":"product_tag","embeddable":true,"href":"https:\/\/puregrowshop.com\/fr\/wp-json\/wp\/v2\/product_tag?post=28993"}],"curies":[{"name":"wp","href":"https:\/\/api.w.org\/{rel}","templated":true}]}}