{"id":28992,"date":"2025-03-02T18:10:38","date_gmt":"2025-03-02T18:10:38","guid":{"rendered":"https:\/\/puregrowshop.com\/?post_type=product&#038;p=28992"},"modified":"2026-03-20T12:31:19","modified_gmt":"2026-03-20T12:31:19","slug":"auto-glueberry-og-fem-dutch-passion","status":"publish","type":"product","link":"https:\/\/puregrowshop.com\/fr\/auto-glueberry-og-fem-dutch-passion\/","title":{"rendered":"Auto Glueberry OG  Dutch Passion"},"content":{"rendered":"<p>Si buscas una h\u00edbrida potente con sativa dominante, que pueda usarse perfectamente en cultivos SOG y SCROG, entonces, prueba esta delicia americana.<\/p>\n<p>Con sutiles toques di\u00e9sel y tonos Blueberry afrutados, la Auto Glueberry O.G se puede considerar como una variedad de sabor dulce con ra\u00edces americanas y asi\u00e1ticas.<\/p>\n<p>Esta h\u00edbrida autofloreciente sativa dominante con unos rendimientos extremadamente grandes satisfar\u00e1 a todos los cultivadores, sean de interior o exterior (en climas soleados) y garantiza una gran cosecha para disfrute de familiares y amigos.<\/p>\n","protected":false},"excerpt":{"rendered":"<p>Glueberry O.G. X Auto Blueberry<br \/>Auto Glueberry O.G. es la versi\u00f3n autofloreciente de la Glueberry O.G., una variedad fotoperi\u00f3dica potente y resinosa. Para convertir la Glueberry O.G. en una autofloreciente, cruzamos la Gorrila Glue x O.G. con la Auto Blueberry para garantizar el mismo sabor y efecto que su hermana fotoperi\u00f3dica.<\/p>\n","protected":false},"featured_media":13757,"comment_status":"open","ping_status":"closed","template":"","meta":{"_bst_post_transparent":"","_bst_post_title":"","_bst_post_layout":"","_bst_post_sidebar_id":"","_bst_post_content_style":"","_bst_post_vertical_padding":"","_bst_post_feature":"","_bst_post_feature_position":"","_bst_post_header":false,"_bst_post_footer":false},"pwb-brand":[186],"product_brand":[],"product_cat":[56],"product_tag":[],"class_list":{"0":"post-28992","1":"product","2":"type-product","3":"status-publish","4":"has-post-thumbnail","6":"pwb-brand-dutch-passion","7":"product_cat-autoflorecientes","9":"first","10":"instock","11":"sale","12":"taxable","13":"shipping-taxable","14":"purchasable","15":"product-type-variable","16":"entry","17":"content-bg","18":"loop-entry"},"brands":[{"id":186,"name":"Dutch Passion","slug":"dutch-passion"}],"_links":{"self":[{"href":"https:\/\/puregrowshop.com\/fr\/wp-json\/wp\/v2\/product\/28992","targetHints":{"allow":["GET"]}}],"collection":[{"href":"https:\/\/puregrowshop.com\/fr\/wp-json\/wp\/v2\/product"}],"about":[{"href":"https:\/\/puregrowshop.com\/fr\/wp-json\/wp\/v2\/types\/product"}],"replies":[{"embeddable":true,"href":"https:\/\/puregrowshop.com\/fr\/wp-json\/wp\/v2\/comments?post=28992"}],"wp:featuredmedia":[{"embeddable":true,"href":"https:\/\/puregrowshop.com\/fr\/wp-json\/wp\/v2\/media\/13757"}],"wp:attachment":[{"href":"https:\/\/puregrowshop.com\/fr\/wp-json\/wp\/v2\/media?parent=28992"}],"wp:term":[{"taxonomy":"pwb-brand","embeddable":true,"href":"https:\/\/puregrowshop.com\/fr\/wp-json\/wp\/v2\/pwb-brand?post=28992"},{"taxonomy":"product_brand","embeddable":true,"href":"https:\/\/puregrowshop.com\/fr\/wp-json\/wp\/v2\/product_brand?post=28992"},{"taxonomy":"product_cat","embeddable":true,"href":"https:\/\/puregrowshop.com\/fr\/wp-json\/wp\/v2\/product_cat?post=28992"},{"taxonomy":"product_tag","embeddable":true,"href":"https:\/\/puregrowshop.com\/fr\/wp-json\/wp\/v2\/product_tag?post=28992"}],"curies":[{"name":"wp","href":"https:\/\/api.w.org\/{rel}","templated":true}]}}