{"id":28990,"date":"2025-03-02T18:10:38","date_gmt":"2025-03-02T18:10:38","guid":{"rendered":"https:\/\/puregrowshop.com\/?post_type=product&#038;p=28990"},"modified":"2026-03-20T12:31:19","modified_gmt":"2026-03-20T12:31:19","slug":"auto-euforia-fem-dutch-passion","status":"publish","type":"product","link":"https:\/\/puregrowshop.com\/fr\/auto-euforia-fem-dutch-passion\/","title":{"rendered":"Auto Euforia  Dutch Passion"},"content":{"rendered":"<p>La Euforia\u00ae en si misma es una selecci\u00f3n Skunk fotoperi\u00f3dica original de la d\u00e9cada de los 90 escogida por su subid\u00f3n euf\u00f3rico exclusivo que mucha gente experimenta.  El sentimiento euf\u00f3rico y de antiestr\u00e9s es la calidad m\u00e1s apreciada de ambas l\u00edneas gen\u00e9ticas de la Euforia\u00ae: fotoperi\u00f3dica y autom\u00e1tica.  Es una Sativa autom\u00e1tica con unos factores de bienestar y ansiol\u00edtico \u00fanicos; el hecho de que sea f\u00e1cil de cultivar y regale unos rendimientos excelentes es un plus excelente.<\/p>\n<p>Auto Euforia\u00ae es una variedad compacta y tupida con un sabor skunky y un aroma suave. Tambi\u00e9n es una variedad productora de cogollos y de resina, con unos rendimientos superiores a la media y una altura de 1 metro aproximadamente.  Normalmente, esta variedad se cosecha al cabo de 10 u 11 semanas despu\u00e9s de la germinaci\u00f3n. Auto Euforia\u00ae produce un cannabis intenso con un subid\u00f3n energizante y de felicidad que es, al mismo tiempo, refrescante y sopor\u00edfero.  Es una excelente opci\u00f3n si necesitas una variedad cuyo cultivo no sea complicado pero sea capaz de producir cosechas de excelente calidad.  Es una variedad resistente y robusta, tambi\u00e9n adecuada para cultivadores de autom\u00e1ticas menos experimentados.<\/p>\n","protected":false},"excerpt":{"rendered":"<p>Euforia X Automatic Skunk<br \/>Auto Euforia\u00ae combina gen\u00e9ticas de nuestra Euforia\u00ae fotoperi\u00f3dica original con una Skunk autom\u00e1tica cuidadosamente seleccionada<\/p>\n","protected":false},"featured_media":13629,"comment_status":"open","ping_status":"closed","template":"","meta":{"_bst_post_transparent":"","_bst_post_title":"","_bst_post_layout":"","_bst_post_sidebar_id":"","_bst_post_content_style":"","_bst_post_vertical_padding":"","_bst_post_feature":"","_bst_post_feature_position":"","_bst_post_header":false,"_bst_post_footer":false},"pwb-brand":[186],"product_brand":[],"product_cat":[56],"product_tag":[],"class_list":{"0":"post-28990","1":"product","2":"type-product","3":"status-publish","4":"has-post-thumbnail","6":"pwb-brand-dutch-passion","7":"product_cat-autoflorecientes","9":"first","10":"instock","11":"sale","12":"taxable","13":"shipping-taxable","14":"purchasable","15":"product-type-variable","16":"entry","17":"content-bg","18":"loop-entry"},"brands":[{"id":186,"name":"Dutch Passion","slug":"dutch-passion"}],"_links":{"self":[{"href":"https:\/\/puregrowshop.com\/fr\/wp-json\/wp\/v2\/product\/28990","targetHints":{"allow":["GET"]}}],"collection":[{"href":"https:\/\/puregrowshop.com\/fr\/wp-json\/wp\/v2\/product"}],"about":[{"href":"https:\/\/puregrowshop.com\/fr\/wp-json\/wp\/v2\/types\/product"}],"replies":[{"embeddable":true,"href":"https:\/\/puregrowshop.com\/fr\/wp-json\/wp\/v2\/comments?post=28990"}],"wp:featuredmedia":[{"embeddable":true,"href":"https:\/\/puregrowshop.com\/fr\/wp-json\/wp\/v2\/media\/13629"}],"wp:attachment":[{"href":"https:\/\/puregrowshop.com\/fr\/wp-json\/wp\/v2\/media?parent=28990"}],"wp:term":[{"taxonomy":"pwb-brand","embeddable":true,"href":"https:\/\/puregrowshop.com\/fr\/wp-json\/wp\/v2\/pwb-brand?post=28990"},{"taxonomy":"product_brand","embeddable":true,"href":"https:\/\/puregrowshop.com\/fr\/wp-json\/wp\/v2\/product_brand?post=28990"},{"taxonomy":"product_cat","embeddable":true,"href":"https:\/\/puregrowshop.com\/fr\/wp-json\/wp\/v2\/product_cat?post=28990"},{"taxonomy":"product_tag","embeddable":true,"href":"https:\/\/puregrowshop.com\/fr\/wp-json\/wp\/v2\/product_tag?post=28990"}],"curies":[{"name":"wp","href":"https:\/\/api.w.org\/{rel}","templated":true}]}}