{"id":28965,"date":"2025-03-02T18:10:29","date_gmt":"2025-03-02T18:10:29","guid":{"rendered":"https:\/\/puregrowshop.com\/?post_type=product&#038;p=28965"},"modified":"2026-03-20T12:31:19","modified_gmt":"2026-03-20T12:31:19","slug":"auto-desfran-fem-dutch-passion","status":"publish","type":"product","link":"https:\/\/puregrowshop.com\/fr\/auto-desfran-fem-dutch-passion\/","title":{"rendered":"Auto Desfran  Dutch Passion"},"content":{"rendered":"<p>Usando la gen\u00e9tica legendaria sativa Desfr\u00e1n, esta es una de las mejores sativas autoflorecientes desarrollados por Dutch Passion. Auto Desfr\u00e1n tiene un efecto muy potente, \u00a1no para principiantes ni para antes de irse a la cama! Los cogollos contienen un glaseado de resina blanca y un aroma skunk tropical.<\/p>\n<p>La gen\u00e9tica puramente sativa Desfr\u00e1n, de fotoperiodo, se ha  podido transformar en autofloreciente gracias a la gen\u00e9tica sativa de Auto Daiquiri Lime, esta hibridaci\u00f3n sativa asegura que se conserven todos los mejores atributos de sativa. La fuerte influencia sativa significa que este auto tardar\u00e1 en florecer , hasta 15 semanas desde la semilla hasta la cosecha.<\/p>\n<p>Pero los expertos en autocultivo encontrar\u00e1n que las semanas extras merecen la espera para poder disfrutar de esta excepcional calidad con un alto nivel psicoactivo.<\/p>\n","protected":false},"excerpt":{"rendered":"<p>Desfr\u00e1n X Auto Daiquiri Lime<br \/>&#8211; Lugar: interior<br \/>&#8211; Ciclo de vida: 15 weeks<br \/>&#8211; Porcentaje de THC: 19 %<br \/>&#8211; Dominancia: Sativa<\/p>\n","protected":false},"featured_media":13753,"comment_status":"open","ping_status":"closed","template":"","meta":{"_bst_post_transparent":"","_bst_post_title":"","_bst_post_layout":"","_bst_post_sidebar_id":"","_bst_post_content_style":"","_bst_post_vertical_padding":"","_bst_post_feature":"","_bst_post_feature_position":"","_bst_post_header":false,"_bst_post_footer":false},"pwb-brand":[186],"product_brand":[],"product_cat":[56],"product_tag":[],"class_list":{"0":"post-28965","1":"product","2":"type-product","3":"status-publish","4":"has-post-thumbnail","6":"pwb-brand-dutch-passion","7":"product_cat-autoflorecientes","9":"first","10":"instock","11":"sale","12":"taxable","13":"shipping-taxable","14":"purchasable","15":"product-type-variable","16":"entry","17":"content-bg","18":"loop-entry"},"brands":[{"id":186,"name":"Dutch Passion","slug":"dutch-passion"}],"_links":{"self":[{"href":"https:\/\/puregrowshop.com\/fr\/wp-json\/wp\/v2\/product\/28965","targetHints":{"allow":["GET"]}}],"collection":[{"href":"https:\/\/puregrowshop.com\/fr\/wp-json\/wp\/v2\/product"}],"about":[{"href":"https:\/\/puregrowshop.com\/fr\/wp-json\/wp\/v2\/types\/product"}],"replies":[{"embeddable":true,"href":"https:\/\/puregrowshop.com\/fr\/wp-json\/wp\/v2\/comments?post=28965"}],"wp:featuredmedia":[{"embeddable":true,"href":"https:\/\/puregrowshop.com\/fr\/wp-json\/wp\/v2\/media\/13753"}],"wp:attachment":[{"href":"https:\/\/puregrowshop.com\/fr\/wp-json\/wp\/v2\/media?parent=28965"}],"wp:term":[{"taxonomy":"pwb-brand","embeddable":true,"href":"https:\/\/puregrowshop.com\/fr\/wp-json\/wp\/v2\/pwb-brand?post=28965"},{"taxonomy":"product_brand","embeddable":true,"href":"https:\/\/puregrowshop.com\/fr\/wp-json\/wp\/v2\/product_brand?post=28965"},{"taxonomy":"product_cat","embeddable":true,"href":"https:\/\/puregrowshop.com\/fr\/wp-json\/wp\/v2\/product_cat?post=28965"},{"taxonomy":"product_tag","embeddable":true,"href":"https:\/\/puregrowshop.com\/fr\/wp-json\/wp\/v2\/product_tag?post=28965"}],"curies":[{"name":"wp","href":"https:\/\/api.w.org\/{rel}","templated":true}]}}