{"id":28964,"date":"2025-03-02T18:10:29","date_gmt":"2025-03-02T18:10:29","guid":{"rendered":"https:\/\/puregrowshop.com\/?post_type=product&#038;p=28964"},"modified":"2026-03-20T12:32:23","modified_gmt":"2026-03-20T12:32:23","slug":"auto-daiquiri-lime-fem-dutch-passion","status":"publish","type":"product","link":"https:\/\/puregrowshop.com\/fr\/auto-daiquiri-lime-fem-dutch-passion\/","title":{"rendered":"Auto Daiquiri Lime  Dutch Passion"},"content":{"rendered":"<p>La AutoDaiquiri Lime combina la potencia auto de la soberbia Dutch Passion normal con un atractivo aroma diesel y afrutado anormalmente rico y un sabor \u00e1cido fresco.<\/p>\n<p>Est\u00e1 lista para la cosecha al cabo de 11 semanas de su germinaci\u00f3n y prefiere un r\u00e9gimen nutritivo ligero. Esta variedad es adecuada para los productores que buscan cosechas XXL de estilo americano y un coloc\u00f3n potente con un crecimiento r\u00e1pido. Es enorme, r\u00e1pida y f\u00e1cil, bastante f\u00e1cil para un cultivador novato. Gen\u00e9tica americana original de primera calidad con un sabor \u00e1cido y afrutado, y un coloc\u00f3n potente.<\/p>\n","protected":false},"excerpt":{"rendered":"<p>Californian Orange X USA Sour Diesel<br \/>La AutoDaiquiri Lime se basa en un fenotipo \u00fanico de la Californian Orange con un agudo sabor c\u00edtrico a lima, que se cruz\u00f3 con un exclusivo esqueje de la Sour Diesel americana, fotoperi\u00f3dica y resinosa; esto la convirti\u00f3 en una variedad autom\u00e1tica feminizada.<\/p>\n","protected":false},"featured_media":13751,"comment_status":"open","ping_status":"closed","template":"","meta":{"_bst_post_transparent":"","_bst_post_title":"","_bst_post_layout":"","_bst_post_sidebar_id":"","_bst_post_content_style":"","_bst_post_vertical_padding":"","_bst_post_feature":"","_bst_post_feature_position":"","_bst_post_header":false,"_bst_post_footer":false},"pwb-brand":[186],"product_brand":[],"product_cat":[56],"product_tag":[],"class_list":{"0":"post-28964","1":"product","2":"type-product","3":"status-publish","4":"has-post-thumbnail","6":"pwb-brand-dutch-passion","7":"product_cat-autoflorecientes","9":"first","10":"instock","11":"sale","12":"taxable","13":"shipping-taxable","14":"purchasable","15":"product-type-variable","16":"entry","17":"content-bg","18":"loop-entry"},"brands":[{"id":186,"name":"Dutch Passion","slug":"dutch-passion"}],"_links":{"self":[{"href":"https:\/\/puregrowshop.com\/fr\/wp-json\/wp\/v2\/product\/28964","targetHints":{"allow":["GET"]}}],"collection":[{"href":"https:\/\/puregrowshop.com\/fr\/wp-json\/wp\/v2\/product"}],"about":[{"href":"https:\/\/puregrowshop.com\/fr\/wp-json\/wp\/v2\/types\/product"}],"replies":[{"embeddable":true,"href":"https:\/\/puregrowshop.com\/fr\/wp-json\/wp\/v2\/comments?post=28964"}],"wp:featuredmedia":[{"embeddable":true,"href":"https:\/\/puregrowshop.com\/fr\/wp-json\/wp\/v2\/media\/13751"}],"wp:attachment":[{"href":"https:\/\/puregrowshop.com\/fr\/wp-json\/wp\/v2\/media?parent=28964"}],"wp:term":[{"taxonomy":"pwb-brand","embeddable":true,"href":"https:\/\/puregrowshop.com\/fr\/wp-json\/wp\/v2\/pwb-brand?post=28964"},{"taxonomy":"product_brand","embeddable":true,"href":"https:\/\/puregrowshop.com\/fr\/wp-json\/wp\/v2\/product_brand?post=28964"},{"taxonomy":"product_cat","embeddable":true,"href":"https:\/\/puregrowshop.com\/fr\/wp-json\/wp\/v2\/product_cat?post=28964"},{"taxonomy":"product_tag","embeddable":true,"href":"https:\/\/puregrowshop.com\/fr\/wp-json\/wp\/v2\/product_tag?post=28964"}],"curies":[{"name":"wp","href":"https:\/\/api.w.org\/{rel}","templated":true}]}}