{"id":28963,"date":"2025-03-02T18:10:29","date_gmt":"2025-03-02T18:10:29","guid":{"rendered":"https:\/\/puregrowshop.com\/?post_type=product&#038;p=28963"},"modified":"2026-03-20T12:32:23","modified_gmt":"2026-03-20T12:32:23","slug":"auto-critical-orange-punch-fem-dutch-passion","status":"publish","type":"product","link":"https:\/\/puregrowshop.com\/fr\/auto-critical-orange-punch-fem-dutch-passion\/","title":{"rendered":"Auto Critical Orange Punch  Dutch Passion"},"content":{"rendered":"<p>La Auto Critical Orange Punch es una variedad de semillas autoflorecientes feminizadas, la primera auto de Dutch Passion que utiliza gen\u00e9tica Critical. Al aire libre, esta auto necesita unos 75 d\u00edas para crecer desde la semilla hasta la cosecha, y es f\u00e1cil de cultivar. Se desarrolla bien en 20 horas de luz diaria y regala unas aut\u00e9nticas cosechas extraenormes. La base gen\u00e9tica fue Grandaddy Purps con Orange Bud (y recibi\u00f3 el nombre de Orange Punch), encargada de darle la gran potencia y el sabor que ten\u00eda, pero los rendimientos eran por debajo de la media hasta que se cruz\u00f3 con una selecta Auto Kritical Bilbo XXL. Auto Critical Orange Punch es una de nuestras variedades m\u00e1s potentes con rendimientos muy cuantiosos y con unos cogollos blancos de resina. Algunos fenotipos pueden necesitar una o dos semanas m\u00e1s al final y ofrecen unos rendimientos a\u00fan m\u00e1s grandes de lo normal. Normalmente alcanza los 70-100 cm en el interior, con una aroma c\u00edtrico skunk y un rico sabor a hach\u00eds afgano. El subid\u00f3n euf\u00f3rico potente es especialmente agradable y de larga duraci\u00f3n.<\/p>\n","protected":false},"excerpt":{"rendered":"<p>Orange Punch X Auto Kritical Bilbo<br \/>Ciclo de vida: 10 weeks<br \/>Producci\u00f3n: XXL<br \/>Gen\u00e9tica: Indica\/Sativa<\/p>\n","protected":false},"featured_media":13749,"comment_status":"open","ping_status":"closed","template":"","meta":{"_bst_post_transparent":"","_bst_post_title":"","_bst_post_layout":"","_bst_post_sidebar_id":"","_bst_post_content_style":"","_bst_post_vertical_padding":"","_bst_post_feature":"","_bst_post_feature_position":"","_bst_post_header":false,"_bst_post_footer":false},"pwb-brand":[186],"product_brand":[],"product_cat":[56],"product_tag":[],"class_list":{"0":"post-28963","1":"product","2":"type-product","3":"status-publish","4":"has-post-thumbnail","6":"pwb-brand-dutch-passion","7":"product_cat-autoflorecientes","9":"first","10":"instock","11":"sale","12":"taxable","13":"shipping-taxable","14":"purchasable","15":"product-type-variable","16":"entry","17":"content-bg","18":"loop-entry"},"brands":[{"id":186,"name":"Dutch Passion","slug":"dutch-passion"}],"_links":{"self":[{"href":"https:\/\/puregrowshop.com\/fr\/wp-json\/wp\/v2\/product\/28963","targetHints":{"allow":["GET"]}}],"collection":[{"href":"https:\/\/puregrowshop.com\/fr\/wp-json\/wp\/v2\/product"}],"about":[{"href":"https:\/\/puregrowshop.com\/fr\/wp-json\/wp\/v2\/types\/product"}],"replies":[{"embeddable":true,"href":"https:\/\/puregrowshop.com\/fr\/wp-json\/wp\/v2\/comments?post=28963"}],"wp:featuredmedia":[{"embeddable":true,"href":"https:\/\/puregrowshop.com\/fr\/wp-json\/wp\/v2\/media\/13749"}],"wp:attachment":[{"href":"https:\/\/puregrowshop.com\/fr\/wp-json\/wp\/v2\/media?parent=28963"}],"wp:term":[{"taxonomy":"pwb-brand","embeddable":true,"href":"https:\/\/puregrowshop.com\/fr\/wp-json\/wp\/v2\/pwb-brand?post=28963"},{"taxonomy":"product_brand","embeddable":true,"href":"https:\/\/puregrowshop.com\/fr\/wp-json\/wp\/v2\/product_brand?post=28963"},{"taxonomy":"product_cat","embeddable":true,"href":"https:\/\/puregrowshop.com\/fr\/wp-json\/wp\/v2\/product_cat?post=28963"},{"taxonomy":"product_tag","embeddable":true,"href":"https:\/\/puregrowshop.com\/fr\/wp-json\/wp\/v2\/product_tag?post=28963"}],"curies":[{"name":"wp","href":"https:\/\/api.w.org\/{rel}","templated":true}]}}