{"id":28962,"date":"2025-03-02T18:10:29","date_gmt":"2025-03-02T18:10:29","guid":{"rendered":"https:\/\/puregrowshop.com\/?post_type=product&#038;p=28962"},"modified":"2026-03-20T12:32:23","modified_gmt":"2026-03-20T12:32:23","slug":"auto-colorado-cookies-fem-dutch-passion","status":"publish","type":"product","link":"https:\/\/puregrowshop.com\/fr\/auto-colorado-cookies-fem-dutch-passion\/","title":{"rendered":"Auto Colorado Cookies Dutch Passion"},"content":{"rendered":"<p data-start=\"228\" data-end=\"575\">Auto Colorado Cookies de <strong data-start=\"257\" data-end=\"274\">Dutch Passion<\/strong> es una cepa autom\u00e1tica que combina lo mejor de dos mundos: la facilidad de cultivo de una planta autofloreciente con la potencia y el sabor de las mejores gen\u00e9ticas Cookies. Esta variedad es perfecta tanto para cultivadores novatos como experimentados que buscan una cosecha r\u00e1pida y de alta calidad.<\/p>\n<p data-start=\"577\" data-end=\"597\"><strong data-start=\"577\" data-end=\"597\">Caracter\u00edsticas:<\/strong><\/p>\n<ul data-start=\"599\" data-end=\"1167\">\n<li data-start=\"599\" data-end=\"799\">\n<p data-start=\"601\" data-end=\"799\"><strong data-start=\"601\" data-end=\"614\">Gen\u00e9tica:<\/strong> Auto Colorado Cookies Fem es el cruce entre una selecci\u00f3n de la famosa <strong data-start=\"686\" data-end=\"706\">Colorado Cookies<\/strong> y una gen\u00e9tica autofloreciente, resultando en una planta potente, r\u00e1pida y de f\u00e1cil cultivo.<\/p>\n<\/li>\n<li data-start=\"800\" data-end=\"903\">\n<p data-start=\"802\" data-end=\"903\"><strong data-start=\"802\" data-end=\"811\">Tipo:<\/strong> Autofloreciente y Feminizada, lo que asegura un cultivo sin macho y con plantas de calidad.<\/p>\n<\/li>\n<li data-start=\"904\" data-end=\"979\">\n<p data-start=\"906\" data-end=\"979\"><strong data-start=\"906\" data-end=\"919\">Genotipo:<\/strong> H\u00edbrido con predominancia Indica (80% Indica \/ 20% Sativa).<\/p>\n<\/li>\n<li data-start=\"980\" data-end=\"1085\">\n<p data-start=\"982\" data-end=\"1085\"><strong data-start=\"982\" data-end=\"990\">THC:<\/strong> 20-22%, una excelente concentraci\u00f3n para quienes buscan un fuerte efecto euf\u00f3rico y relajante.<\/p>\n<\/li>\n<li data-start=\"1086\" data-end=\"1167\">\n<p data-start=\"1088\" data-end=\"1167\"><strong data-start=\"1088\" data-end=\"1096\">CBD:<\/strong> Bajo, lo que hace que sus efectos sean predominantemente psicoactivos.<\/p>\n<\/li>\n<\/ul>\n<p data-start=\"1169\" data-end=\"1187\"><strong data-start=\"1169\" data-end=\"1187\">Aroma y Sabor:<\/strong><\/p>\n<p data-start=\"1189\" data-end=\"1528\">Esta cepa ofrece una compleja combinaci\u00f3n de aromas dulces y terrosos, con notas de galleta horneada y un toque ligeramente afrutado. El sabor es igualmente delicioso, con un fondo dulce y cremoso que recuerda a las famosas galletas de chocolate y vainilla, lo que la convierte en una opci\u00f3n muy popular entre los consumidores de cannabis.<\/p>\n<p data-start=\"1530\" data-end=\"1542\"><strong data-start=\"1530\" data-end=\"1542\">Efectos:<\/strong><\/p>\n<p data-start=\"1544\" data-end=\"1934\">Auto Colorado Cookies Fem ofrece una experiencia de alta calidad, con un potente efecto relajante y euf\u00f3rico. Gracias a su predominancia Indica, es ideal para relajarse despu\u00e9s de un d\u00eda largo, aliviar el estr\u00e9s y la tensi\u00f3n muscular. Aunque sus efectos son principalmente relajantes, su toque Sativa a\u00f1ade una ligera estimulaci\u00f3n mental, favoreciendo la creatividad y el bienestar general.<\/p>\n<p data-start=\"1936\" data-end=\"1948\"><strong data-start=\"1936\" data-end=\"1948\">Cultivo:<\/strong><\/p>\n<p data-start=\"1950\" data-end=\"2315\">Gracias a su gen\u00e9tica autofloreciente, <strong data-start=\"1989\" data-end=\"2018\">Auto Colorado Cookies Fem<\/strong> es muy f\u00e1cil de cultivar, y se adapta bien a diferentes ambientes. Esta variedad tiene un tiempo de crecimiento r\u00e1pido y es ideal para cultivadores que desean obtener resultados en poco tiempo. En interiores, se pueden esperar cosechas de calidad en tan solo <strong data-start=\"2278\" data-end=\"2293\">8-9 semanas<\/strong> desde la germinaci\u00f3n.<\/p>\n<ul data-start=\"2317\" data-end=\"2503\">\n<li data-start=\"2317\" data-end=\"2385\">\n<p data-start=\"2319\" data-end=\"2385\"><strong data-start=\"2319\" data-end=\"2344\">Rendimiento interior:<\/strong> Hasta 450-500 gramos por metro cuadrado.<\/p>\n<\/li>\n<li data-start=\"2386\" data-end=\"2442\">\n<p data-start=\"2388\" data-end=\"2442\"><strong data-start=\"2388\" data-end=\"2413\">Rendimiento exterior:<\/strong> Hasta 150 gramos por planta.<\/p>\n<\/li>\n<li data-start=\"2443\" data-end=\"2503\">\n<p data-start=\"2445\" data-end=\"2503\"><strong data-start=\"2445\" data-end=\"2469\">Tiempo de floraci\u00f3n:<\/strong> 8-9 semanas desde la germinaci\u00f3n.<\/p>\n<\/li>\n<\/ul>\n<p data-start=\"2505\" data-end=\"2529\"><strong data-start=\"2505\" data-end=\"2529\">Consejos de cultivo:<\/strong><\/p>\n<p data-start=\"2531\" data-end=\"2822\">Es una planta que no requiere mucha atenci\u00f3n, pero para maximizar el rendimiento, se recomienda un sustrato bien aireado y un buen ciclo de luz. Aunque es una autofloreciente, su crecimiento es vigoroso, por lo que en cultivos exteriores puede beneficiarse de una exposici\u00f3n completa al sol.<\/p>\n<p data-start=\"2824\" data-end=\"2839\"><strong data-start=\"2824\" data-end=\"2839\">Ideal para:<\/strong><\/p>\n<ul data-start=\"2841\" data-end=\"3080\">\n<li data-start=\"2841\" data-end=\"2925\">\n<p data-start=\"2843\" data-end=\"2925\">Cultivadores que buscan una planta autofloreciente con alta calidad y rendimiento.<\/p>\n<\/li>\n<li data-start=\"2926\" data-end=\"2989\">\n<p data-start=\"2928\" data-end=\"2989\">Aquellos interesados en cepas con sabor y efectos relajantes.<\/p>\n<\/li>\n<li data-start=\"2990\" data-end=\"3080\">\n<p data-start=\"2992\" data-end=\"3080\">Consumidores que buscan una variedad potente, f\u00e1cil de cultivar y de r\u00e1pido crecimiento.<\/p>\n<\/li>\n<\/ul>\n","protected":false},"excerpt":{"rendered":"<p>Originaria de Colorado con algunas de las gen\u00e9ticas auto indica dominantes m\u00e1s potentes que hemos encontrado hasta el momento, es una variedad autofloreciente americana que combina un delicioso sabor afrutado con la potencia extrema t\u00edpica de Dutch Passion y unos rendimientos significativamente superiores a la media.<\/p>\n","protected":false},"featured_media":13747,"comment_status":"open","ping_status":"closed","template":"","meta":{"_bst_post_transparent":"default","_bst_post_title":"","_bst_post_layout":"default","_bst_post_sidebar_id":"","_bst_post_content_style":"default","_bst_post_vertical_padding":"default","_bst_post_feature":"","_bst_post_feature_position":"","_bst_post_header":false,"_bst_post_footer":false},"pwb-brand":[186],"product_brand":[],"product_cat":[56],"product_tag":[],"class_list":{"0":"post-28962","1":"product","2":"type-product","3":"status-publish","4":"has-post-thumbnail","6":"pwb-brand-dutch-passion","7":"product_cat-autoflorecientes","9":"first","10":"instock","11":"sale","12":"taxable","13":"shipping-taxable","14":"purchasable","15":"product-type-variable","16":"entry","17":"content-bg","18":"loop-entry"},"brands":[{"id":186,"name":"Dutch Passion","slug":"dutch-passion"}],"_links":{"self":[{"href":"https:\/\/puregrowshop.com\/fr\/wp-json\/wp\/v2\/product\/28962","targetHints":{"allow":["GET"]}}],"collection":[{"href":"https:\/\/puregrowshop.com\/fr\/wp-json\/wp\/v2\/product"}],"about":[{"href":"https:\/\/puregrowshop.com\/fr\/wp-json\/wp\/v2\/types\/product"}],"replies":[{"embeddable":true,"href":"https:\/\/puregrowshop.com\/fr\/wp-json\/wp\/v2\/comments?post=28962"}],"wp:featuredmedia":[{"embeddable":true,"href":"https:\/\/puregrowshop.com\/fr\/wp-json\/wp\/v2\/media\/13747"}],"wp:attachment":[{"href":"https:\/\/puregrowshop.com\/fr\/wp-json\/wp\/v2\/media?parent=28962"}],"wp:term":[{"taxonomy":"pwb-brand","embeddable":true,"href":"https:\/\/puregrowshop.com\/fr\/wp-json\/wp\/v2\/pwb-brand?post=28962"},{"taxonomy":"product_brand","embeddable":true,"href":"https:\/\/puregrowshop.com\/fr\/wp-json\/wp\/v2\/product_brand?post=28962"},{"taxonomy":"product_cat","embeddable":true,"href":"https:\/\/puregrowshop.com\/fr\/wp-json\/wp\/v2\/product_cat?post=28962"},{"taxonomy":"product_tag","embeddable":true,"href":"https:\/\/puregrowshop.com\/fr\/wp-json\/wp\/v2\/product_tag?post=28962"}],"curies":[{"name":"wp","href":"https:\/\/api.w.org\/{rel}","templated":true}]}}