{"id":28959,"date":"2025-03-02T18:10:26","date_gmt":"2025-03-02T18:10:26","guid":{"rendered":"https:\/\/puregrowshop.com\/auto-cbd-victory-dutch-passion\/"},"modified":"2026-03-20T12:25:52","modified_gmt":"2026-03-20T12:25:52","slug":"auto-cbd-victory-dutch-passion","status":"publish","type":"product","link":"https:\/\/puregrowshop.com\/fr\/auto-cbd-victory-dutch-passion\/","title":{"rendered":"Auto CBD Victory. Dutch Passion"},"content":{"rendered":"<p><\/p>\n","protected":false},"excerpt":{"rendered":"<p>Auto CBD-Victory es 75% sativa \/ 25% \u00edndica. Tarda alrededor de 10 semanas desde la semilla hasta la cosecha en interior bajo 20 horas de luz diaria con buenos rendimientos de flores en forma de mazorca de ma\u00edz. Utiliza la fuente de genes de \u201cInvestigaci\u00f3n gen\u00e9tica\u201d como material base. Despu\u00e9s de cuatro a\u00f1os de desarrollo, ahora est\u00e1n listos para lanzar al mercado estas nuevas semillas autoflorecientes CBD \/ CBDV.<\/p>\n","protected":false},"featured_media":13877,"comment_status":"open","ping_status":"closed","template":"","meta":{"_bst_post_transparent":"","_bst_post_title":"","_bst_post_layout":"","_bst_post_sidebar_id":"","_bst_post_content_style":"","_bst_post_vertical_padding":"","_bst_post_feature":"","_bst_post_feature_position":"","_bst_post_header":false,"_bst_post_footer":false},"pwb-brand":[186],"product_brand":[],"product_cat":[56],"product_tag":[],"class_list":{"0":"post-28959","1":"product","2":"type-product","3":"status-publish","4":"has-post-thumbnail","6":"pwb-brand-dutch-passion","7":"product_cat-autoflorecientes","9":"first","10":"instock","11":"sale","12":"taxable","13":"shipping-taxable","14":"purchasable","15":"product-type-variable","16":"entry","17":"content-bg","18":"loop-entry"},"brands":[{"id":186,"name":"Dutch Passion","slug":"dutch-passion"}],"_links":{"self":[{"href":"https:\/\/puregrowshop.com\/fr\/wp-json\/wp\/v2\/product\/28959","targetHints":{"allow":["GET"]}}],"collection":[{"href":"https:\/\/puregrowshop.com\/fr\/wp-json\/wp\/v2\/product"}],"about":[{"href":"https:\/\/puregrowshop.com\/fr\/wp-json\/wp\/v2\/types\/product"}],"replies":[{"embeddable":true,"href":"https:\/\/puregrowshop.com\/fr\/wp-json\/wp\/v2\/comments?post=28959"}],"wp:featuredmedia":[{"embeddable":true,"href":"https:\/\/puregrowshop.com\/fr\/wp-json\/wp\/v2\/media\/13877"}],"wp:attachment":[{"href":"https:\/\/puregrowshop.com\/fr\/wp-json\/wp\/v2\/media?parent=28959"}],"wp:term":[{"taxonomy":"pwb-brand","embeddable":true,"href":"https:\/\/puregrowshop.com\/fr\/wp-json\/wp\/v2\/pwb-brand?post=28959"},{"taxonomy":"product_brand","embeddable":true,"href":"https:\/\/puregrowshop.com\/fr\/wp-json\/wp\/v2\/product_brand?post=28959"},{"taxonomy":"product_cat","embeddable":true,"href":"https:\/\/puregrowshop.com\/fr\/wp-json\/wp\/v2\/product_cat?post=28959"},{"taxonomy":"product_tag","embeddable":true,"href":"https:\/\/puregrowshop.com\/fr\/wp-json\/wp\/v2\/product_tag?post=28959"}],"curies":[{"name":"wp","href":"https:\/\/api.w.org\/{rel}","templated":true}]}}