{"id":28934,"date":"2025-03-02T18:10:18","date_gmt":"2025-03-02T18:10:18","guid":{"rendered":"https:\/\/puregrowshop.com\/?post_type=product&#038;p=28934"},"modified":"2026-03-20T12:32:23","modified_gmt":"2026-03-20T12:32:23","slug":"auto-brooklyn-sunrise-fem-dutch-passion","status":"publish","type":"product","link":"https:\/\/puregrowshop.com\/fr\/auto-brooklyn-sunrise-fem-dutch-passion\/","title":{"rendered":"Auto Brooklyn Sunrise  Dutch Passion"},"content":{"rendered":"<p>La gen\u00e9tica procede del clon de la aclamada East Coast &#8216;Brooklyn&#8217; Diesel americana, destacada por su famoso aroma diesel y por su potente subid\u00f3n, que se combin\u00f3 con una gen\u00e9tica AK de expertos del norte del estado de Nueva York y se convirti\u00f3 en una variedad autofloreciente feminizada. El resultado re\u00fane la mejor gen\u00e9tica de la Costa Este con enormes rendimientos y una nueva auto de excelente sabor con un subid\u00f3n suave aunque potente. <\/p>\n<p>La AutoBrooklyn Sunrise proporciona un subid\u00f3n euf\u00f3rico inicial anormalmente fuerte; es una opci\u00f3n perfecta para el desayuno, de ah\u00ed su nombre. Esta Big-Apple Auto se encuentra como en casa en cualquier sala de cultivo urbano y se presenta con nuestras mejores recomendaciones.<\/p>\n","protected":false},"excerpt":{"rendered":"<p>La AutoBrooklyn Sunrise combina un sabor picante distintivo con enormes rendimientos de excelente cannabis escarchado y potente.<\/p>\n","protected":false},"featured_media":13741,"comment_status":"open","ping_status":"closed","template":"","meta":{"_bst_post_transparent":"","_bst_post_title":"","_bst_post_layout":"","_bst_post_sidebar_id":"","_bst_post_content_style":"","_bst_post_vertical_padding":"","_bst_post_feature":"","_bst_post_feature_position":"","_bst_post_header":false,"_bst_post_footer":false},"pwb-brand":[186],"product_brand":[],"product_cat":[56],"product_tag":[],"class_list":{"0":"post-28934","1":"product","2":"type-product","3":"status-publish","4":"has-post-thumbnail","6":"pwb-brand-dutch-passion","7":"product_cat-autoflorecientes","9":"first","10":"instock","11":"sale","12":"taxable","13":"shipping-taxable","14":"purchasable","15":"product-type-variable","16":"entry","17":"content-bg","18":"loop-entry"},"brands":[{"id":186,"name":"Dutch Passion","slug":"dutch-passion"}],"_links":{"self":[{"href":"https:\/\/puregrowshop.com\/fr\/wp-json\/wp\/v2\/product\/28934","targetHints":{"allow":["GET"]}}],"collection":[{"href":"https:\/\/puregrowshop.com\/fr\/wp-json\/wp\/v2\/product"}],"about":[{"href":"https:\/\/puregrowshop.com\/fr\/wp-json\/wp\/v2\/types\/product"}],"replies":[{"embeddable":true,"href":"https:\/\/puregrowshop.com\/fr\/wp-json\/wp\/v2\/comments?post=28934"}],"wp:featuredmedia":[{"embeddable":true,"href":"https:\/\/puregrowshop.com\/fr\/wp-json\/wp\/v2\/media\/13741"}],"wp:attachment":[{"href":"https:\/\/puregrowshop.com\/fr\/wp-json\/wp\/v2\/media?parent=28934"}],"wp:term":[{"taxonomy":"pwb-brand","embeddable":true,"href":"https:\/\/puregrowshop.com\/fr\/wp-json\/wp\/v2\/pwb-brand?post=28934"},{"taxonomy":"product_brand","embeddable":true,"href":"https:\/\/puregrowshop.com\/fr\/wp-json\/wp\/v2\/product_brand?post=28934"},{"taxonomy":"product_cat","embeddable":true,"href":"https:\/\/puregrowshop.com\/fr\/wp-json\/wp\/v2\/product_cat?post=28934"},{"taxonomy":"product_tag","embeddable":true,"href":"https:\/\/puregrowshop.com\/fr\/wp-json\/wp\/v2\/product_tag?post=28934"}],"curies":[{"name":"wp","href":"https:\/\/api.w.org\/{rel}","templated":true}]}}