{"id":28932,"date":"2025-03-02T18:10:18","date_gmt":"2025-03-02T18:10:18","guid":{"rendered":"https:\/\/puregrowshop.com\/?post_type=product&#038;p=28932"},"modified":"2026-03-20T12:31:19","modified_gmt":"2026-03-20T12:31:19","slug":"auto-blackberry-kush-fem-dutch-passion","status":"publish","type":"product","link":"https:\/\/puregrowshop.com\/fr\/auto-blackberry-kush-fem-dutch-passion\/","title":{"rendered":"Auto Blackberry Kush  Dutch Passion"},"content":{"rendered":"<p>Se ha presentado para ofrecer una Indica de calidad excepcional combinada con un coloc\u00f3n potente junto con un fresco sabor Kush afrutado.  Puede que ocasionalmente las caracter\u00edsticas Kush dominen ligeramente la Blueberry, d\u00e1ndole un toque afrutado y dulz\u00f3n junto con la potente contribuci\u00f3n Indica terrosa de la Kush.  La Auto BlackberryKush crece vigorosamente con una potente floraci\u00f3n principal y numerosas ramas laterales t\u00edpicas de una autofloreceinte Indica.  La mayor\u00eda de las plantas muestran una coloraci\u00f3n en las hojas y en los cogollos en el momento de la cosecha; espor\u00e1dicamente, los cogollos compactos y duros pueden desarrollar colores particularmente oscuros.<\/p>\n<p>Es una Kush autom\u00e1tica visualmente bonita que produce unos efectos de excelente calidad junto con un agradable aroma y sabor; una magn\u00edfica autom\u00e1tica nueva que lo tiene todo. \u00a1Muy recomendable!<\/p>\n","protected":false},"excerpt":{"rendered":"<p>Blueberry X Dark hash-plant<br \/>Auto Blackberry Kush\u00ae es un cruce autom\u00e1tico entre la Blueberry original de Dutch Passion y una planta de hach\u00eds Kush resinosa y de color oscuro seleccionada de nuestro banco de gen\u00e9tica.<\/p>\n","protected":false},"featured_media":13737,"comment_status":"open","ping_status":"closed","template":"","meta":{"_bst_post_transparent":"","_bst_post_title":"","_bst_post_layout":"","_bst_post_sidebar_id":"","_bst_post_content_style":"","_bst_post_vertical_padding":"","_bst_post_feature":"","_bst_post_feature_position":"","_bst_post_header":false,"_bst_post_footer":false},"pwb-brand":[186],"product_brand":[],"product_cat":[56],"product_tag":[],"class_list":{"0":"post-28932","1":"product","2":"type-product","3":"status-publish","4":"has-post-thumbnail","6":"pwb-brand-dutch-passion","7":"product_cat-autoflorecientes","9":"first","10":"instock","11":"sale","12":"taxable","13":"shipping-taxable","14":"purchasable","15":"product-type-variable","16":"entry","17":"content-bg","18":"loop-entry"},"brands":[{"id":186,"name":"Dutch Passion","slug":"dutch-passion"}],"_links":{"self":[{"href":"https:\/\/puregrowshop.com\/fr\/wp-json\/wp\/v2\/product\/28932","targetHints":{"allow":["GET"]}}],"collection":[{"href":"https:\/\/puregrowshop.com\/fr\/wp-json\/wp\/v2\/product"}],"about":[{"href":"https:\/\/puregrowshop.com\/fr\/wp-json\/wp\/v2\/types\/product"}],"replies":[{"embeddable":true,"href":"https:\/\/puregrowshop.com\/fr\/wp-json\/wp\/v2\/comments?post=28932"}],"wp:featuredmedia":[{"embeddable":true,"href":"https:\/\/puregrowshop.com\/fr\/wp-json\/wp\/v2\/media\/13737"}],"wp:attachment":[{"href":"https:\/\/puregrowshop.com\/fr\/wp-json\/wp\/v2\/media?parent=28932"}],"wp:term":[{"taxonomy":"pwb-brand","embeddable":true,"href":"https:\/\/puregrowshop.com\/fr\/wp-json\/wp\/v2\/pwb-brand?post=28932"},{"taxonomy":"product_brand","embeddable":true,"href":"https:\/\/puregrowshop.com\/fr\/wp-json\/wp\/v2\/product_brand?post=28932"},{"taxonomy":"product_cat","embeddable":true,"href":"https:\/\/puregrowshop.com\/fr\/wp-json\/wp\/v2\/product_cat?post=28932"},{"taxonomy":"product_tag","embeddable":true,"href":"https:\/\/puregrowshop.com\/fr\/wp-json\/wp\/v2\/product_tag?post=28932"}],"curies":[{"name":"wp","href":"https:\/\/api.w.org\/{rel}","templated":true}]}}