{"id":28931,"date":"2025-03-02T18:10:18","date_gmt":"2025-03-02T18:10:18","guid":{"rendered":"https:\/\/puregrowshop.com\/?post_type=product&#038;p=28931"},"modified":"2026-03-20T12:32:23","modified_gmt":"2026-03-20T12:32:23","slug":"auto-banana-blaze-fem-dutch-passion","status":"publish","type":"product","link":"https:\/\/puregrowshop.com\/fr\/auto-banana-blaze-fem-dutch-passion\/","title":{"rendered":"Auto Banana Blaze  Dutch Passion"},"content":{"rendered":"","protected":false},"excerpt":{"rendered":"<p>Banana Blaze X Auto Mazar<br \/>La versi\u00f3n autofloreciente de Banana Blaze es tan potente como la versi\u00f3n original fotoperi\u00f3dica. El poderoso efecto y el sabor dulce, afrutado, parecido al pl\u00e1tano son muy similares. En 12 semanas, esta autofloreciente de alimentaci\u00f3n ligera pasa de ser una semilla feminizada autofloreciente a ser un lindo y peque\u00f1o \u00e1rbol de Navidad de hasta un metro de altura. Puede que no necesite nutrientes cada vez que la riegas, pero al mirar a la planta podr\u00e1s ver exactamente c\u00f3mo se siente y qu\u00e9 necesita. \u00a1Es una buena pr\u00e1ctica para todos los cultivadores!<\/p>\n<p>En las manos adecuadas, Auto Banana Blaze puede producir 150 gramos de cogollos de la mejor calidad por planta. Siempre que sea posible, recomendamos cultivar esta se\u00f1orita de forma org\u00e1nica. Los rendimientos pueden no ser tan altos como con las plantas de cultivo hidrop\u00f3nico, pero el sabor y la calidad del producto pueden alcanzar nuevos niveles.<\/p>\n","protected":false},"featured_media":13867,"comment_status":"open","ping_status":"closed","template":"","meta":{"_bst_post_transparent":"","_bst_post_title":"","_bst_post_layout":"","_bst_post_sidebar_id":"","_bst_post_content_style":"","_bst_post_vertical_padding":"","_bst_post_feature":"","_bst_post_feature_position":"","_bst_post_header":false,"_bst_post_footer":false},"pwb-brand":[186],"product_brand":[],"product_cat":[56],"product_tag":[],"class_list":{"0":"post-28931","1":"product","2":"type-product","3":"status-publish","4":"has-post-thumbnail","6":"pwb-brand-dutch-passion","7":"product_cat-autoflorecientes","9":"first","10":"instock","11":"sale","12":"taxable","13":"shipping-taxable","14":"purchasable","15":"product-type-variable","16":"entry","17":"content-bg","18":"loop-entry"},"brands":[{"id":186,"name":"Dutch Passion","slug":"dutch-passion"}],"_links":{"self":[{"href":"https:\/\/puregrowshop.com\/fr\/wp-json\/wp\/v2\/product\/28931","targetHints":{"allow":["GET"]}}],"collection":[{"href":"https:\/\/puregrowshop.com\/fr\/wp-json\/wp\/v2\/product"}],"about":[{"href":"https:\/\/puregrowshop.com\/fr\/wp-json\/wp\/v2\/types\/product"}],"replies":[{"embeddable":true,"href":"https:\/\/puregrowshop.com\/fr\/wp-json\/wp\/v2\/comments?post=28931"}],"wp:featuredmedia":[{"embeddable":true,"href":"https:\/\/puregrowshop.com\/fr\/wp-json\/wp\/v2\/media\/13867"}],"wp:attachment":[{"href":"https:\/\/puregrowshop.com\/fr\/wp-json\/wp\/v2\/media?parent=28931"}],"wp:term":[{"taxonomy":"pwb-brand","embeddable":true,"href":"https:\/\/puregrowshop.com\/fr\/wp-json\/wp\/v2\/pwb-brand?post=28931"},{"taxonomy":"product_brand","embeddable":true,"href":"https:\/\/puregrowshop.com\/fr\/wp-json\/wp\/v2\/product_brand?post=28931"},{"taxonomy":"product_cat","embeddable":true,"href":"https:\/\/puregrowshop.com\/fr\/wp-json\/wp\/v2\/product_cat?post=28931"},{"taxonomy":"product_tag","embeddable":true,"href":"https:\/\/puregrowshop.com\/fr\/wp-json\/wp\/v2\/product_tag?post=28931"}],"curies":[{"name":"wp","href":"https:\/\/api.w.org\/{rel}","templated":true}]}}