{"id":28520,"date":"2025-01-21T14:07:55","date_gmt":"2025-01-21T14:07:55","guid":{"rendered":"https:\/\/puregrowshop.com\/amnesia-granel-100-ud\/"},"modified":"2026-02-20T19:27:29","modified_gmt":"2026-02-20T19:27:29","slug":"amnesia-granel","status":"publish","type":"product","link":"https:\/\/puregrowshop.com\/fr\/amnesia-granel\/","title":{"rendered":"Amnesia  Granel"},"content":{"rendered":"<p data-start=\"601\" data-end=\"1112\">Las <strong data-start=\"605\" data-end=\"632\">semillas Amnesia Granel<\/strong> son una de las variedades m\u00e1s <strong data-start=\"663\" data-end=\"675\">potentes<\/strong> y <strong data-start=\"678\" data-end=\"692\">respetadas<\/strong> dentro del mundo del cannabis, especialmente entre los cultivadores que buscan <strong data-start=\"772\" data-end=\"792\">cosechas grandes<\/strong>, <strong data-start=\"794\" data-end=\"825\">efectos cerebrales intensos<\/strong> y una <strong data-start=\"832\" data-end=\"856\">producci\u00f3n excelente<\/strong> de <strong data-start=\"860\" data-end=\"870\">resina<\/strong>. Con una gen\u00e9tica <strong data-start=\"889\" data-end=\"899\">sativa<\/strong> dominante, la <strong data-start=\"914\" data-end=\"932\">Amnesia Granel<\/strong> es la elecci\u00f3n perfecta para aquellos que buscan una <strong data-start=\"986\" data-end=\"1004\">planta robusta<\/strong>, de <strong data-start=\"1009\" data-end=\"1029\">floraci\u00f3n r\u00e1pida<\/strong>, y con un <strong data-start=\"1040\" data-end=\"1062\">efecto estimulante<\/strong> que favorece la creatividad y la claridad mental.<\/p>\n<p data-start=\"1114\" data-end=\"1354\">Esta variedad es un <strong data-start=\"1134\" data-end=\"1153\">h\u00edbrido estable<\/strong> de <strong data-start=\"1157\" data-end=\"1173\">Amnesia Haze<\/strong>, conocido por su <strong data-start=\"1191\" data-end=\"1223\">efecto energ\u00e9tico y cerebral<\/strong> que promueve un estado de \u00e1nimo elevado, ideal para cultivadores que desean un toque <strong data-start=\"1309\" data-end=\"1321\">euf\u00f3rico<\/strong> sin perder la <strong data-start=\"1336\" data-end=\"1353\">productividad<\/strong>.<\/p>\n<h2>Principales caracter\u00edsticas de las semillas Amnesia a granel<\/h2>\n<p data-start=\"1432\" data-end=\"1620\">Las <strong data-start=\"1436\" data-end=\"1463\">semillas Amnesia Granel<\/strong> tienen una serie de <strong data-start=\"1484\" data-end=\"1531\">caracter\u00edsticas que las hacen excepcionales<\/strong> para cualquier cultivador que busque calidad en su cultivo y un rendimiento destacable.<\/p>\n<ul data-start=\"1622\" data-end=\"2127\">\n<li data-start=\"1622\" data-end=\"1662\">\n<p data-start=\"1624\" data-end=\"1662\"><strong data-start=\"1624\" data-end=\"1632\">Tipo<\/strong>: H\u00edbrido (predomina sativa)<\/p>\n<\/li>\n<li data-start=\"1663\" data-end=\"1682\">\n<p data-start=\"1665\" data-end=\"1682\"><strong data-start=\"1665\" data-end=\"1672\">THC<\/strong>: 21-23%<\/p>\n<\/li>\n<li data-start=\"1683\" data-end=\"1809\">\n<p data-start=\"1685\" data-end=\"1809\"><strong data-start=\"1685\" data-end=\"1695\">Efecto<\/strong>: Estimulante y cerebral, ideal para <strong data-start=\"1732\" data-end=\"1750\">consumo diurno<\/strong>. Proporciona una <strong data-start=\"1768\" data-end=\"1786\">euforia alegre<\/strong> y <strong data-start=\"1789\" data-end=\"1808\">claridad mental<\/strong>.<\/p>\n<\/li>\n<li data-start=\"1810\" data-end=\"1851\">\n<p data-start=\"1812\" data-end=\"1851\"><strong data-start=\"1812\" data-end=\"1835\">Tiempo de floraci\u00f3n<\/strong>: 9-10 semanas<\/p>\n<\/li>\n<li data-start=\"1852\" data-end=\"1970\">\n<p data-start=\"1854\" data-end=\"1970\"><strong data-start=\"1854\" data-end=\"1869\">Rendimiento<\/strong>: Entre 600 y 700 gramos por metro cuadrado en interior; hasta <strong data-start=\"1932\" data-end=\"1957\">800 gramos por planta<\/strong> en exterior.<\/p>\n<\/li>\n<li data-start=\"1971\" data-end=\"2127\">\n<p data-start=\"1973\" data-end=\"2127\"><strong data-start=\"1973\" data-end=\"1990\">Aroma y sabor<\/strong>: Predominan <strong data-start=\"2003\" data-end=\"2021\">notas c\u00edtricas<\/strong> y <strong data-start=\"2024\" data-end=\"2036\">terrosas<\/strong>, con un toque ligeramente <strong data-start=\"2063\" data-end=\"2086\">a madera y especias<\/strong>, lo que le da una <strong data-start=\"2105\" data-end=\"2126\">complejidad \u00fanica<\/strong>.<\/p>\n<\/li>\n<\/ul>\n<h3 data-start=\"2134\" data-end=\"2193\"><strong data-start=\"2138\" data-end=\"2193\">\u00bfPor qu\u00e9 elegir Amnesia Granel para tu cultivo?<\/strong><\/h3>\n<p data-start=\"2195\" data-end=\"2606\">Si buscas una variedad con <strong data-start=\"2222\" data-end=\"2242\">gran rendimiento<\/strong> y <strong data-start=\"2245\" data-end=\"2269\">efectos psicoactivos<\/strong> estimulantes, <strong data-start=\"2284\" data-end=\"2302\">Amnesia Granel<\/strong> es la semilla perfecta. Su <strong data-start=\"2330\" data-end=\"2359\">gen\u00e9tica sativa dominante<\/strong> proporciona una <strong data-start=\"2376\" data-end=\"2405\">gran producci\u00f3n de resina<\/strong>, ideal para <strong data-start=\"2418\" data-end=\"2434\">extracciones<\/strong> y concentrados, mientras que su <strong data-start=\"2467\" data-end=\"2482\">resistencia<\/strong> y <strong data-start=\"2485\" data-end=\"2501\">f\u00e1cil manejo<\/strong> la hacen apta para todo tipo de cultivadores. Aqu\u00ed te dejamos las razones por las que deber\u00edas elegirla:<\/p>\n<ul data-start=\"2608\" data-end=\"3314\">\n<li data-start=\"2608\" data-end=\"2736\">\n<p data-start=\"2610\" data-end=\"2736\"><strong data-start=\"2610\" data-end=\"2639\">Alta producci\u00f3n de resina<\/strong>: Perfecta para cultivadores interesados en <strong data-start=\"2683\" data-end=\"2699\">extracciones<\/strong> de alta calidad (BHO, resina, etc.).<\/p>\n<\/li>\n<li data-start=\"2737\" data-end=\"2957\">\n<p data-start=\"2739\" data-end=\"2957\"><strong data-start=\"2739\" data-end=\"2763\">Rendimiento superior<\/strong>: Esta semilla ofrece una de las mejores <strong data-start=\"2804\" data-end=\"2846\">relaciones entre rendimiento y calidad<\/strong>, lo que la convierte en una opci\u00f3n atractiva tanto para <strong data-start=\"2903\" data-end=\"2933\">cultivadores profesionales<\/strong> como para <strong data-start=\"2944\" data-end=\"2956\">amateurs<\/strong>.<\/p>\n<\/li>\n<li data-start=\"2958\" data-end=\"3114\">\n<p data-start=\"2960\" data-end=\"3114\"><strong data-start=\"2960\" data-end=\"2987\">Cultivo f\u00e1cil y robusto<\/strong>: La <strong data-start=\"2992\" data-end=\"3010\">Amnesia Granel<\/strong> es ideal para <strong data-start=\"3025\" data-end=\"3048\">cultivos interiores<\/strong> y <strong data-start=\"3051\" data-end=\"3065\">exteriores<\/strong>, tolerando distintos tipos de suelos y climas.<\/p>\n<\/li>\n<li data-start=\"3115\" data-end=\"3314\">\n<p data-start=\"3117\" data-end=\"3314\"><strong data-start=\"3117\" data-end=\"3144\">Efecto cerebral potente<\/strong>: El <strong data-start=\"3149\" data-end=\"3170\">efecto energ\u00e9tico<\/strong> de esta variedad es perfecto para aquellos que buscan una experiencia de <strong data-start=\"3244\" data-end=\"3268\">concentraci\u00f3n mental<\/strong> o un toque de <strong data-start=\"3283\" data-end=\"3298\">creatividad<\/strong> durante el d\u00eda.<\/p>\n<\/li>\n<\/ul>\n<h3>Sabor de Amnesia Granel<\/h3>\n<p>Aromas de lim\u00f3n y lima acompa\u00f1ados de incienso cl\u00e1sico Haze, matices de madera de cedro y un fondo especiado que aporta complejidad. La sensaci\u00f3n en boca es fresca, persistente y limpia, con un retrogusto c\u00edtrico-inciensado.<\/p>\n<h3>Efectos de Amnesia Granel<\/h3>\n<p>Efecto principalmente cerebral: estimulante, euf\u00f3rico y enfocado, con sensaci\u00f3n de energ\u00eda y creatividad. Intensidad alta y duraci\u00f3n prolongada. Debido a su potencia, no se recomienda a personas sensibles. Consumo reservado a mayores de edad y \u00fanicamente en lugares donde sea legal.<\/p>\n<h3 data-start=\"3321\" data-end=\"3390\"><strong data-start=\"3325\" data-end=\"3390\">\u00bfC\u00f3mo cultivar Amnesia Granel?<\/strong><\/h3>\n<p data-start=\"3392\" data-end=\"3713\">La semilla feminizada amnesia a granel tiene un tiempo de <strong data-start=\"3551\" data-end=\"3573\">floraci\u00f3n moderado<\/strong>, pero sus <strong data-start=\"3584\" data-end=\"3609\">resultados de calidad<\/strong> valen la pena. Aqu\u00ed tienes las mejores recomendaciones para optimizar tu cultivo de <strong data-start=\"3694\" data-end=\"3712\">Amnesia Granel<\/strong>:<\/p>\n<h4 data-start=\"3715\" data-end=\"3760\"><strong data-start=\"3720\" data-end=\"3759\">Condiciones ideales para el cultivo<\/strong>:<\/h4>\n<ul data-start=\"3761\" data-end=\"4169\">\n<li data-start=\"3761\" data-end=\"3892\">\n<p data-start=\"3763\" data-end=\"3892\"><strong data-start=\"3763\" data-end=\"3778\">Temperatura<\/strong>: Mant\u00e9n la temperatura entre <strong data-start=\"3808\" data-end=\"3819\">20\u201328\u00b0C<\/strong> durante el ciclo de floraci\u00f3n para conseguir la mejor calidad de resina.<\/p>\n<\/li>\n<li data-start=\"3893\" data-end=\"4035\">\n<p data-start=\"3895\" data-end=\"4035\"><strong data-start=\"3895\" data-end=\"3906\">Humedad<\/strong>: Durante la floraci\u00f3n, un <strong data-start=\"3933\" data-end=\"3943\">50-60%<\/strong> de humedad relativa es ideal para prevenir problemas de moho sin comprometer la producci\u00f3n.<\/p>\n<\/li>\n<li data-start=\"4036\" data-end=\"4169\">\n<p data-start=\"4038\" data-end=\"4169\"><strong data-start=\"4038\" data-end=\"4047\">Suelo<\/strong>: Utiliza un suelo bien aireado, mezclado con <strong data-start=\"4093\" data-end=\"4104\">perlita<\/strong> para asegurar un buen drenaje y evitar el estancamiento de agua.<\/p>\n<\/li>\n<\/ul>\n<p data-start=\"4038\" data-end=\"4169\"><strong style=\"font-family: -apple-system, BlinkMacSystemFont, 'Segoe UI', Roboto, Oxygen-Sans, Ubuntu, Cantarell, 'Helvetica Neue', sans-serif, 'Apple Color Emoji', 'Segoe UI Emoji', 'Segoe UI Symbol', sans-serif; font-size: 23px; letter-spacing: 0px;\" data-start=\"4176\" data-end=\"4212\">T\u00e9cnicas de cultivo recomendadas<\/strong><span style=\"font-family: -apple-system, BlinkMacSystemFont, 'Segoe UI', Roboto, Oxygen-Sans, Ubuntu, Cantarell, 'Helvetica Neue', sans-serif, 'Apple Color Emoji', 'Segoe UI Emoji', 'Segoe UI Symbol', sans-serif; font-size: 23px; font-weight: 600; letter-spacing: 0px;\">:<\/span><\/p>\n<ul data-start=\"4214\" data-end=\"4680\">\n<li data-start=\"4214\" data-end=\"4464\">\n<p data-start=\"4216\" data-end=\"4464\"><strong data-start=\"4216\" data-end=\"4239\">Cultivo en interior<\/strong>: Utiliza un sistema de <strong data-start=\"4263\" data-end=\"4272\">SCROG<\/strong> o <strong data-start=\"4275\" data-end=\"4282\">SOG<\/strong> para maximizar el rendimiento y controlar el tama\u00f1o de la planta. El <strong data-start=\"4352\" data-end=\"4382\">sistema de iluminaci\u00f3n LED<\/strong> es ideal para potenciar el desarrollo de los cogollos sin generar excesivo calor.<\/p>\n<\/li>\n<li data-start=\"4465\" data-end=\"4680\">\n<p data-start=\"4467\" data-end=\"4680\"><strong data-start=\"4467\" data-end=\"4490\">Cultivo en exterior<\/strong>: La <strong data-start=\"4495\" data-end=\"4513\">Amnesia Granel<\/strong> prefiere climas c\u00e1lidos y soleados. En exterior, puede alcanzar hasta <strong data-start=\"4584\" data-end=\"4606\">2 metros de altura<\/strong>, por lo que necesitar\u00e1s suficiente espacio para que crezca adecuadamente.<\/p>\n<\/li>\n<\/ul>\n","protected":false},"excerpt":{"rendered":"<p>Amnesia Granel es una selecci\u00f3n de semillas feminizadas de gen\u00e9tica Haze, con alta estabilidad y uniformidad lote a lote. Ofrece un perfil arom\u00e1tico intenso con notas c\u00edtricas e incienso, alta producci\u00f3n de resina y flores compactas de excelente apariencia. El formato a granel optimiza la gesti\u00f3n para profesionales, aportando consistencia y un alto rendimiento potencial en proyectos de gran volumen.<\/p>\n","protected":false},"featured_media":35872,"comment_status":"open","ping_status":"closed","template":"","meta":{"_bst_post_transparent":"default","_bst_post_title":"","_bst_post_layout":"default","_bst_post_sidebar_id":"","_bst_post_content_style":"default","_bst_post_vertical_padding":"default","_bst_post_feature":"","_bst_post_feature_position":"","_bst_post_header":false,"_bst_post_footer":false},"pwb-brand":[],"product_brand":[],"product_cat":[349],"product_tag":[],"class_list":{"0":"post-28520","1":"product","2":"type-product","3":"status-publish","4":"has-post-thumbnail","6":"product_cat-semillas-a-granel","8":"first","9":"instock","10":"sale","11":"taxable","12":"shipping-taxable","13":"purchasable","14":"product-type-variable","15":"has-default-attributes","16":"entry","17":"content-bg","18":"loop-entry"},"brands":[],"_links":{"self":[{"href":"https:\/\/puregrowshop.com\/fr\/wp-json\/wp\/v2\/product\/28520","targetHints":{"allow":["GET"]}}],"collection":[{"href":"https:\/\/puregrowshop.com\/fr\/wp-json\/wp\/v2\/product"}],"about":[{"href":"https:\/\/puregrowshop.com\/fr\/wp-json\/wp\/v2\/types\/product"}],"replies":[{"embeddable":true,"href":"https:\/\/puregrowshop.com\/fr\/wp-json\/wp\/v2\/comments?post=28520"}],"wp:featuredmedia":[{"embeddable":true,"href":"https:\/\/puregrowshop.com\/fr\/wp-json\/wp\/v2\/media\/35872"}],"wp:attachment":[{"href":"https:\/\/puregrowshop.com\/fr\/wp-json\/wp\/v2\/media?parent=28520"}],"wp:term":[{"taxonomy":"pwb-brand","embeddable":true,"href":"https:\/\/puregrowshop.com\/fr\/wp-json\/wp\/v2\/pwb-brand?post=28520"},{"taxonomy":"product_brand","embeddable":true,"href":"https:\/\/puregrowshop.com\/fr\/wp-json\/wp\/v2\/product_brand?post=28520"},{"taxonomy":"product_cat","embeddable":true,"href":"https:\/\/puregrowshop.com\/fr\/wp-json\/wp\/v2\/product_cat?post=28520"},{"taxonomy":"product_tag","embeddable":true,"href":"https:\/\/puregrowshop.com\/fr\/wp-json\/wp\/v2\/product_tag?post=28520"}],"curies":[{"name":"wp","href":"https:\/\/api.w.org\/{rel}","templated":true}]}}