{"id":27990,"date":"2025-01-09T12:11:22","date_gmt":"2025-01-09T12:11:22","guid":{"rendered":"https:\/\/puregrowshop.com\/?post_type=product&#038;p=27990"},"modified":"2025-08-11T07:32:12","modified_gmt":"2025-08-11T07:32:12","slug":"guerrilla-hydrogel-vdl","status":"publish","type":"product","link":"https:\/\/puregrowshop.com\/fr\/guerrilla-hydrogel-vdl\/","title":{"rendered":"Guerrilla Hydrogel VDL"},"content":{"rendered":"<p>Sus principales propiedades son:<br \/>-R\u00e1pida y alta absorci\u00f3n de agua.<br \/>-Reduce perdidas por filtraci\u00f3n (terrenos arenosos).<br \/>-Mantiene el suministro de agua alas plantas.<br \/>-Reduce el numero de riegos aproximadamente a ala tercera parte.<br \/>-Larga duraci\u00f3n del tratamiento (hasta cuatro a\u00f1os).<br \/>-Aumenta la velocidad de crecimiento de las plantas.<br \/>-Reduce las perdidas por trasplante.<br \/>-Evita el encharcamiento por excesos de riego.<br \/>-Capacidad de absorci\u00f3n 1g\/ 300 a 500.?<\/p>\n","protected":false},"excerpt":{"rendered":"<p>Pol\u00edmeros para mezclar con el sustrato. Es un aditivo corrector de la humedad del suelo. Su funci\u00f3n es absorber el agua para as\u00ed hacer m\u00e1s lenta la evaporaci\u00f3n y evitar que drene. Especial para cultivos de guerrilla.<\/p>\n","protected":false},"featured_media":28024,"comment_status":"open","ping_status":"closed","template":"","meta":{"_bst_post_transparent":"","_bst_post_title":"","_bst_post_layout":"","_bst_post_sidebar_id":"","_bst_post_content_style":"","_bst_post_vertical_padding":"","_bst_post_feature":"","_bst_post_feature_position":"","_bst_post_header":false,"_bst_post_footer":false},"pwb-brand":[],"product_brand":[],"product_cat":[39],"product_tag":[],"class_list":{"0":"post-27990","1":"product","2":"type-product","3":"status-publish","4":"has-post-thumbnail","6":"product_cat-fertilizantes","8":"first","9":"instock","10":"taxable","11":"shipping-taxable","12":"purchasable","13":"product-type-variable","14":"entry","15":"content-bg","16":"loop-entry"},"brands":[],"_links":{"self":[{"href":"https:\/\/puregrowshop.com\/fr\/wp-json\/wp\/v2\/product\/27990","targetHints":{"allow":["GET"]}}],"collection":[{"href":"https:\/\/puregrowshop.com\/fr\/wp-json\/wp\/v2\/product"}],"about":[{"href":"https:\/\/puregrowshop.com\/fr\/wp-json\/wp\/v2\/types\/product"}],"replies":[{"embeddable":true,"href":"https:\/\/puregrowshop.com\/fr\/wp-json\/wp\/v2\/comments?post=27990"}],"wp:featuredmedia":[{"embeddable":true,"href":"https:\/\/puregrowshop.com\/fr\/wp-json\/wp\/v2\/media\/28024"}],"wp:attachment":[{"href":"https:\/\/puregrowshop.com\/fr\/wp-json\/wp\/v2\/media?parent=27990"}],"wp:term":[{"taxonomy":"pwb-brand","embeddable":true,"href":"https:\/\/puregrowshop.com\/fr\/wp-json\/wp\/v2\/pwb-brand?post=27990"},{"taxonomy":"product_brand","embeddable":true,"href":"https:\/\/puregrowshop.com\/fr\/wp-json\/wp\/v2\/product_brand?post=27990"},{"taxonomy":"product_cat","embeddable":true,"href":"https:\/\/puregrowshop.com\/fr\/wp-json\/wp\/v2\/product_cat?post=27990"},{"taxonomy":"product_tag","embeddable":true,"href":"https:\/\/puregrowshop.com\/fr\/wp-json\/wp\/v2\/product_tag?post=27990"}],"curies":[{"name":"wp","href":"https:\/\/api.w.org\/{rel}","templated":true}]}}