{"id":27989,"date":"2025-01-09T12:11:22","date_gmt":"2025-01-09T12:11:22","guid":{"rendered":"https:\/\/puregrowshop.com\/?post_type=product&#038;p=27989"},"modified":"2025-08-11T07:32:12","modified_gmt":"2025-08-11T07:32:12","slug":"great-white-microrrizas-premium-bote","status":"publish","type":"product","link":"https:\/\/puregrowshop.com\/fr\/great-white-microrrizas-premium-bote\/","title":{"rendered":"Great White\u00ae Microrrizas Premium (bote)"},"content":{"rendered":"<p>MODO DE USO:<\/p>\n<p>Semillas: Espolvoree ligeramente con Great White.<br \/>Esquejes: Sumerja el esqueje en gel \/ soluci\u00f3n de enraizamiento y luego sum\u00e9rjalo ligeramente directamente en el polvo Great White. Mezcle con la soluci\u00f3n de remojo \/ fertilizante en una proporci\u00f3n de 1 cucharada (1 cucharadita o 5 gramos) por 10 litros de agua.<br \/>Trasplante: Espolvoree ligeramente el hoyo de plantaci\u00f3n y coloque la planta directamente encima.<br \/>Tierra, Coco y Topfeeding: Aplique a raz\u00f3n de 1 cucharada (1 cucharadita o 5 gramos) por 10 litros de agua.<br \/>Hidropon\u00eda: mezcle en un dep\u00f3sito con alimentaci\u00f3n regular a raz\u00f3n de 1 cucharada (1 cucharadita o 5 gramos) por cada 40 litros de agua. Los usuarios hidrop\u00f3nicos pueden encontrar sedimentos o part\u00edculas en el fondo del dep\u00f3sito y no deben preocuparse por la p\u00e9rdida de producto; es normal que el agente de transporte se asiente.<\/p>\n<p>COMPOSICI\u00d3N:<\/p>\n<p>Endomycorrhiza<br \/>Glomus aggregatum \u2013 83 props per gram<br \/>Glomus intraradices \u2013 83 props per gram<br \/>Glomus mosseae \u2013 83 props per gram<br \/>Glomus etunicatum \u2013 83 props per gram<br \/>Glomus clarum \u2013 11 props per gram<br \/>Glomus monosporum \u2013 11 props per gram<br \/>Paraglomus brazilianum \u2013 11 props per gram<br \/>Glomus deserticola \u2013 11 props per gram<br \/>Gigaspora margarita \u2013 11 props per gram<\/p>\n<p>Ectomycorrhiza<br \/>Pisolithus tinctorious \u2013 187,875 propagules per gram<br \/>Rhizopogon luteolus \u2013 5,219 props per gram<br \/>Rhizopogon fulvigleba \u2013 5,219 props per gram<br \/>Rhizopogon villosullus \u2013 5,219 props per gram<br \/>Rhizopogon amylopogon \u2013 5,219 props per gram<br \/>Scleroderma citrinum \u2013 5,219 props per gram<br \/>Scleroderma cepa \u2013 5,219 props per gram<\/p>\n<p>Bacteria<br \/>Azotobacter chroococcum \u2013 525,000 CFU\u2019s per gram<br \/>Bacillus subtilis \u2013 525,000 CFU\u2019s per gram<br \/>Bacillus licheniformis \u2013 525,000 CFU\u2019s per gram<br \/>Bacillus azotoformans \u2013 525,000 CFU\u2019s per gram<br \/>Bacillus megaterium \u2013 525,000 CFU\u2019s per gram<br \/>Bacillus coagulans \u2013 525,000 CFU\u2019s per gram<br \/>Bacillus pumilus \u2013 525,000 CFU\u2019s per gram<br \/>Bacillus amyloliquefaciens \u2013 525,000 CFU\u2019s per gram<br \/>Paenibacillus durum \u2013 525,000 CFU\u2019s per gram<br \/>Paenibacillus polymyxa \u2013 525,000 CFU\u2019s per gram<br \/>Saccharomyces cerevisiae \u2013 525,000 CFU\u2019s per gram<br \/>Pseudomonas aureofaciens \u2013 525,000 CFU\u2019s per gram<br \/>Pseudomonas fluorescens \u2013 525,000 CFU\u2019s per gram<\/p>\n<p>Trichoderma koningii-187,875 CFU\u2019s per gram<br \/>Trichoderma harzianum-125,250 CFU\u2019s per gram<\/p>\n","protected":false},"excerpt":{"rendered":"<p>Mejora la absorci\u00f3n de agua y nutrientes gracias a las micorrizas endo y ecto, las bacterias beneficiosas y la trichodermas que forman un sistema microbiano en y sobre las ra\u00edces de las plantas. Great White se puede utilizar en hidropon\u00eda, cultivos en tierra o jardiner\u00eda dom\u00e9stica. Se usa mejor directamente en semillas o en las primeras etapas de crecimiento.<\/p>\n","protected":false},"featured_media":28018,"comment_status":"open","ping_status":"closed","template":"","meta":{"_bst_post_transparent":"","_bst_post_title":"","_bst_post_layout":"","_bst_post_sidebar_id":"","_bst_post_content_style":"","_bst_post_vertical_padding":"","_bst_post_feature":"","_bst_post_feature_position":"","_bst_post_header":false,"_bst_post_footer":false},"pwb-brand":[],"product_brand":[],"product_cat":[39],"product_tag":[],"class_list":{"0":"post-27989","1":"product","2":"type-product","3":"status-publish","4":"has-post-thumbnail","6":"product_cat-fertilizantes","8":"first","9":"instock","10":"taxable","11":"shipping-taxable","12":"purchasable","13":"product-type-variable","14":"entry","15":"content-bg","16":"loop-entry"},"brands":[],"_links":{"self":[{"href":"https:\/\/puregrowshop.com\/fr\/wp-json\/wp\/v2\/product\/27989","targetHints":{"allow":["GET"]}}],"collection":[{"href":"https:\/\/puregrowshop.com\/fr\/wp-json\/wp\/v2\/product"}],"about":[{"href":"https:\/\/puregrowshop.com\/fr\/wp-json\/wp\/v2\/types\/product"}],"replies":[{"embeddable":true,"href":"https:\/\/puregrowshop.com\/fr\/wp-json\/wp\/v2\/comments?post=27989"}],"wp:featuredmedia":[{"embeddable":true,"href":"https:\/\/puregrowshop.com\/fr\/wp-json\/wp\/v2\/media\/28018"}],"wp:attachment":[{"href":"https:\/\/puregrowshop.com\/fr\/wp-json\/wp\/v2\/media?parent=27989"}],"wp:term":[{"taxonomy":"pwb-brand","embeddable":true,"href":"https:\/\/puregrowshop.com\/fr\/wp-json\/wp\/v2\/pwb-brand?post=27989"},{"taxonomy":"product_brand","embeddable":true,"href":"https:\/\/puregrowshop.com\/fr\/wp-json\/wp\/v2\/product_brand?post=27989"},{"taxonomy":"product_cat","embeddable":true,"href":"https:\/\/puregrowshop.com\/fr\/wp-json\/wp\/v2\/product_cat?post=27989"},{"taxonomy":"product_tag","embeddable":true,"href":"https:\/\/puregrowshop.com\/fr\/wp-json\/wp\/v2\/product_tag?post=27989"}],"curies":[{"name":"wp","href":"https:\/\/api.w.org\/{rel}","templated":true}]}}