{"id":27986,"date":"2025-01-09T12:11:22","date_gmt":"2025-01-09T12:11:22","guid":{"rendered":"https:\/\/puregrowshop.com\/?post_type=product&#038;p=27986"},"modified":"2025-08-11T07:32:12","modified_gmt":"2025-08-11T07:32:12","slug":"big-xxl-big-nutrients","status":"publish","type":"product","link":"https:\/\/puregrowshop.com\/fr\/big-xxl-big-nutrients\/","title":{"rendered":"Big XXL Big Nutrients"},"content":{"rendered":"<p>Dosificaci\u00f3n <br \/>0,3 gr\/litro<\/p>\n<p>Composici\u00f3n<br \/>N. Total \u2026 2,00% p.p.<br \/>N. Org\u00e1nico \u2026 1,25% p.p.<br \/>N. Amoniacal \u2026 0,75% p.p.<br \/>Pent\u00f3xido de F\u00f3sforo (P2O5 soluble en agua) \u2026 24,00% p.p.<br \/>Di\u00f3xido de Potasio (K2O soluble en agua) \u2026 39,00% p.p.<br \/>Azufre (S) \u2026 12,00% p.p.<br \/>Amino\u00e1cidos \u2026 4,00% p.p.<br \/>Hierro EDDHA (Fe) \u2026 0,50% p.p.<br \/>Manganeso EDDHA (Mn) \u2026 0,15% p.p.<br \/>Zinc EDDHA (Zn) \u2026 0,05% p.p.<\/p>\n","protected":false},"excerpt":{"rendered":"<p>Potenciador de floraci\u00f3n s\u00f3lido para el engorde y producci\u00f3n de flores en las plantas.<\/p>\n","protected":false},"featured_media":28002,"comment_status":"open","ping_status":"closed","template":"","meta":{"_bst_post_transparent":"","_bst_post_title":"","_bst_post_layout":"","_bst_post_sidebar_id":"","_bst_post_content_style":"","_bst_post_vertical_padding":"","_bst_post_feature":"","_bst_post_feature_position":"","_bst_post_header":false,"_bst_post_footer":false},"pwb-brand":[],"product_brand":[],"product_cat":[39],"product_tag":[],"class_list":{"0":"post-27986","1":"product","2":"type-product","3":"status-publish","4":"has-post-thumbnail","6":"product_cat-fertilizantes","8":"first","9":"instock","10":"taxable","11":"shipping-taxable","12":"purchasable","13":"product-type-variable","14":"entry","15":"content-bg","16":"loop-entry"},"brands":[],"_links":{"self":[{"href":"https:\/\/puregrowshop.com\/fr\/wp-json\/wp\/v2\/product\/27986","targetHints":{"allow":["GET"]}}],"collection":[{"href":"https:\/\/puregrowshop.com\/fr\/wp-json\/wp\/v2\/product"}],"about":[{"href":"https:\/\/puregrowshop.com\/fr\/wp-json\/wp\/v2\/types\/product"}],"replies":[{"embeddable":true,"href":"https:\/\/puregrowshop.com\/fr\/wp-json\/wp\/v2\/comments?post=27986"}],"wp:featuredmedia":[{"embeddable":true,"href":"https:\/\/puregrowshop.com\/fr\/wp-json\/wp\/v2\/media\/28002"}],"wp:attachment":[{"href":"https:\/\/puregrowshop.com\/fr\/wp-json\/wp\/v2\/media?parent=27986"}],"wp:term":[{"taxonomy":"pwb-brand","embeddable":true,"href":"https:\/\/puregrowshop.com\/fr\/wp-json\/wp\/v2\/pwb-brand?post=27986"},{"taxonomy":"product_brand","embeddable":true,"href":"https:\/\/puregrowshop.com\/fr\/wp-json\/wp\/v2\/product_brand?post=27986"},{"taxonomy":"product_cat","embeddable":true,"href":"https:\/\/puregrowshop.com\/fr\/wp-json\/wp\/v2\/product_cat?post=27986"},{"taxonomy":"product_tag","embeddable":true,"href":"https:\/\/puregrowshop.com\/fr\/wp-json\/wp\/v2\/product_tag?post=27986"}],"curies":[{"name":"wp","href":"https:\/\/api.w.org\/{rel}","templated":true}]}}