{"id":27980,"date":"2025-01-09T12:11:17","date_gmt":"2025-01-09T12:11:17","guid":{"rendered":"https:\/\/puregrowshop.com\/?post_type=product&#038;p=27980"},"modified":"2025-08-11T07:32:21","modified_gmt":"2025-08-11T07:32:21","slug":"budbastic-explosion-kayasolutions","status":"publish","type":"product","link":"https:\/\/puregrowshop.com\/fr\/budbastic-explosion-kayasolutions\/","title":{"rendered":"Budbastic Explosion Kayasolutions"},"content":{"rendered":"<p>DOSIFICACI\u00d3N: <br \/>   RIEGO: 1 a 2 ml x 1 litro <br \/>   FOLIAR: 0,5 a 1 ml x 1 litro<\/p>\n<p>COMPOSICION:<br \/>   P \u2013 F\u00f3sforo P2O5: 15 %<br \/>   K \u2013 Potasio K2: 21 %<br \/>   &#8211; Enzimas y bacterias: 3 %<\/p>\n<p>CONTIENE ADEM\u00c1S:<br \/>   AMINO\u00c1CIDOS<br \/>      &#8211; \u00c1cido Asp\u00e1rtico <br \/>      &#8211; \u00c1cido Glut\u00e1mico  <br \/>      &#8211; Serina <br \/>      &#8211; Histidina  <br \/>      &#8211; Glicina  <br \/>      &#8211; Treonina  <br \/>      &#8211; Arginina <br \/>      &#8211; Hidroxiprolina  <br \/>      &#8211; Fenilalanina<br \/>      &#8211; Valina <br \/>      &#8211; Metionina <br \/>      &#8211; Tirosina <br \/>      &#8211; Isoleucina  <br \/>      &#8211; Leucina <br \/>      &#8211; Lisina <br \/>      &#8211; Alanina <br \/>      &#8211; Prolina<br \/>   MICRO ELEMENTOS <br \/>      &#8211; Hierro <br \/>      &#8211; Manganeso <br \/>      &#8211; Zinc <br \/>      &#8211; Boro <br \/>      &#8211; Cobre<br \/>   OTROS ELEMENTOS <br \/>      &#8211; Auxinas <br \/>      &#8211; Fitoquinina <br \/>      &#8211; Aminopurinas <br \/>      &#8211; \u00c1cido Indolac\u00e9tico<\/p>\n","protected":false},"excerpt":{"rendered":"<p>Activador PK 15-21 de la floraci\u00f3n. Alt\u00edsimo nivel de F\u00f3sforo y Potasio que aportan a la planta todo lo necesario para una FLORACI\u00d3N EXPLOSIVA, aumentando la producci\u00f3n, el peso y la resina.<br \/>Aplicar durante toda la fase de floraci\u00f3n.<\/p>\n","protected":false},"featured_media":11157,"comment_status":"open","ping_status":"closed","template":"","meta":{"_bst_post_transparent":"","_bst_post_title":"","_bst_post_layout":"","_bst_post_sidebar_id":"","_bst_post_content_style":"","_bst_post_vertical_padding":"","_bst_post_feature":"","_bst_post_feature_position":"","_bst_post_header":false,"_bst_post_footer":false},"pwb-brand":[],"product_brand":[],"product_cat":[39],"product_tag":[],"class_list":{"0":"post-27980","1":"product","2":"type-product","3":"status-publish","4":"has-post-thumbnail","6":"product_cat-fertilizantes","8":"first","9":"instock","10":"sale","11":"taxable","12":"shipping-taxable","13":"purchasable","14":"product-type-variable","15":"entry","16":"content-bg","17":"loop-entry"},"brands":[],"_links":{"self":[{"href":"https:\/\/puregrowshop.com\/fr\/wp-json\/wp\/v2\/product\/27980","targetHints":{"allow":["GET"]}}],"collection":[{"href":"https:\/\/puregrowshop.com\/fr\/wp-json\/wp\/v2\/product"}],"about":[{"href":"https:\/\/puregrowshop.com\/fr\/wp-json\/wp\/v2\/types\/product"}],"replies":[{"embeddable":true,"href":"https:\/\/puregrowshop.com\/fr\/wp-json\/wp\/v2\/comments?post=27980"}],"wp:featuredmedia":[{"embeddable":true,"href":"https:\/\/puregrowshop.com\/fr\/wp-json\/wp\/v2\/media\/11157"}],"wp:attachment":[{"href":"https:\/\/puregrowshop.com\/fr\/wp-json\/wp\/v2\/media?parent=27980"}],"wp:term":[{"taxonomy":"pwb-brand","embeddable":true,"href":"https:\/\/puregrowshop.com\/fr\/wp-json\/wp\/v2\/pwb-brand?post=27980"},{"taxonomy":"product_brand","embeddable":true,"href":"https:\/\/puregrowshop.com\/fr\/wp-json\/wp\/v2\/product_brand?post=27980"},{"taxonomy":"product_cat","embeddable":true,"href":"https:\/\/puregrowshop.com\/fr\/wp-json\/wp\/v2\/product_cat?post=27980"},{"taxonomy":"product_tag","embeddable":true,"href":"https:\/\/puregrowshop.com\/fr\/wp-json\/wp\/v2\/product_tag?post=27980"}],"curies":[{"name":"wp","href":"https:\/\/api.w.org\/{rel}","templated":true}]}}