{"id":27977,"date":"2025-01-09T12:11:17","date_gmt":"2025-01-09T12:11:17","guid":{"rendered":"https:\/\/puregrowshop.com\/?post_type=product&#038;p=27977"},"modified":"2025-08-11T07:32:29","modified_gmt":"2025-08-11T07:32:29","slug":"bactohemp-agrobacterias","status":"publish","type":"product","link":"https:\/\/puregrowshop.com\/fr\/bactohemp-agrobacterias\/","title":{"rendered":"Bactohemp Agrobacterias"},"content":{"rendered":"<p><P><STRONG>BACTOHEMP<\/STRONG> Es un producto en polvo soluble en agua a base de bacillus y bacterias que viven en simbiosis con la raiz de la planta. Es 100% Ecol\u00f3gico y apto para su uso en la agricultura ecol\u00f3gica.<\/P><br \/><P><STRONG>COMPOSICI\u00d3N<\/STRONG>: Siete familias de Bacillus y Bacterias + Extracto de alga Acophyllum Nodosum.<\/P><br \/><P><STRONG>APLICACI\u00d3N<\/STRONG>: Disolver el contenido en 4 litros de agua, o una cucharadita para 1 litro de agua, y regar el sustrato para conseguir que las bacterias se fijen a la ra\u00edz. Se puede aplicar por inmersi\u00f3n de cepellones. No regar el sustrato con bactericidas ni fungicidas.<\/P><br \/><P>La adicci\u00f3n de BactoHemp al sustrato produce:<\/P><br \/><P>&#8211; <STRONG>PRODUCCI\u00d3N EXPLOSIVA DE RA\u00cdCES<\/STRONG>, a mayor desarrollo radicular m\u00e1s crecimiento y resistencia a la sequ\u00eda.<BR>&#8211; <STRONG>AUMENTA LA CANTIDAD, EL TAMA\u00d1O Y EL PESO<\/STRONG> de las flores y cogollos.<BR>&#8211; <STRONG>AHORRA COSTES<\/STRONG> en agua, nutrientes y mano de obra.<BR>&#8211; <STRONG>PROTEGE CONTRA HONGOS<\/STRONG> nocivos de ra\u00edz como Fusarium, Phytophtora, Alternaria,&#8230;<BR>&#8211; <STRONG>EVITA PERDIDA DE PLANTAS<\/STRONG> en esquejes, trasplantes y semilleros.<BR>&#8211;<STRONG> FIJA EL NITR\u00d3GENO ATMOSF\u00c9RICO EN EL SUSTRATO DE FORMA NATURAL<\/STRONG>, poniendolo a disposici\u00f3n de la planta estimulando el crecimiento.<BR>&#8211; <STRONG>SOLUBILIZA F\u00d3SFORO Y POTASIO NO SOLUBLE<\/STRONG> del sustrato, produciendo una mayor floraci\u00f3n.<BR>&#8211; <STRONG>PRODUCE CITOQUININAS, AUXINAS Y GIBERELINAS<\/STRONG> de forma continuada, defensoras y estimuladoras del crecimiento y la floraci\u00f3n.<BR>&#8211; <STRONG>MEJORA LOS CULTIVO AERO &#8211; HIDROP\u00d3NICOS<\/STRONG> manteniendolos sanos.<BR>&#8211; <STRONG>IDEAL PARA CULTIVO DE GUERRILLA Y EXTERIOR<\/STRONG>, extrae el m\u00e1ximo de los nutrientes presentes en el sustrato o suelo y alcanza el agua a mayor profundidad.<BR>&#8211; <STRONG>UNA SOLA APLICACI\u00d3N POR CULTIVO<\/STRONG>, es efectiva durante toda la vida de la planta. En cultivo de exterior podemos potenciar el efecto repitiendo el tratamiento a los 3 meses.<BR>&#8211; ES <STRONG>100% ECOL\u00d3GICO<\/STRONG> y certificado para su uso en Agricultura Ecol\u00f3gica.<\/P><br \/><P><STRONG>BACTOHEMP<\/STRONG> Se presenta en formato de 15 y 60 gramos, en cajas de 25 unidades.<\/P><br \/><P>Mantener fuera del alcance de los ni\u00f1os y alejado de piensos comidas y bebidas.<BR>Conservar en lugar fresco y seco, evitar la luz del sol directa.<\/P><\/p>\n","protected":false},"excerpt":{"rendered":"<p><STRONG>BACTOHEMP<\/STRONG> Es un producto en polvo soluble en agua a base de bacillus y bacterias que viven en simbiosis con la raiz de la planta. Es 100% Ecol\u00f3gico y apto para su uso en la agricultura ecol\u00f3gica.<br \/><BR>&nbsp;<br \/><BR><STRONG>COMPOSICI\u00d3N<\/STRONG>: Siete familias de Bacillus y Bacterias + Extracto de alga Acophyllum Nodosum.<br \/><BR>&nbsp;<br \/><BR><STRONG>APLICACI\u00d3N<\/STRONG>: Disolver el contenido en 4 litros de agua, o una cucharadita para 1 litro de agua, y regar el sustrato para conseguir que las bacterias se fijen a la ra\u00edz. Se puede aplicar por inmersi\u00f3n de cepellones. No regar el sustrato con bactericidas ni fungicidas.<\/p>\n","protected":false},"featured_media":11069,"comment_status":"open","ping_status":"closed","template":"","meta":{"_bst_post_transparent":"","_bst_post_title":"","_bst_post_layout":"","_bst_post_sidebar_id":"","_bst_post_content_style":"","_bst_post_vertical_padding":"","_bst_post_feature":"","_bst_post_feature_position":"","_bst_post_header":false,"_bst_post_footer":false},"pwb-brand":[],"product_brand":[],"product_cat":[39],"product_tag":[],"class_list":{"0":"post-27977","1":"product","2":"type-product","3":"status-publish","4":"has-post-thumbnail","6":"product_cat-fertilizantes","8":"first","9":"instock","10":"sale","11":"taxable","12":"shipping-taxable","13":"purchasable","14":"product-type-variable","15":"entry","16":"content-bg","17":"loop-entry"},"brands":[],"_links":{"self":[{"href":"https:\/\/puregrowshop.com\/fr\/wp-json\/wp\/v2\/product\/27977","targetHints":{"allow":["GET"]}}],"collection":[{"href":"https:\/\/puregrowshop.com\/fr\/wp-json\/wp\/v2\/product"}],"about":[{"href":"https:\/\/puregrowshop.com\/fr\/wp-json\/wp\/v2\/types\/product"}],"replies":[{"embeddable":true,"href":"https:\/\/puregrowshop.com\/fr\/wp-json\/wp\/v2\/comments?post=27977"}],"wp:featuredmedia":[{"embeddable":true,"href":"https:\/\/puregrowshop.com\/fr\/wp-json\/wp\/v2\/media\/11069"}],"wp:attachment":[{"href":"https:\/\/puregrowshop.com\/fr\/wp-json\/wp\/v2\/media?parent=27977"}],"wp:term":[{"taxonomy":"pwb-brand","embeddable":true,"href":"https:\/\/puregrowshop.com\/fr\/wp-json\/wp\/v2\/pwb-brand?post=27977"},{"taxonomy":"product_brand","embeddable":true,"href":"https:\/\/puregrowshop.com\/fr\/wp-json\/wp\/v2\/product_brand?post=27977"},{"taxonomy":"product_cat","embeddable":true,"href":"https:\/\/puregrowshop.com\/fr\/wp-json\/wp\/v2\/product_cat?post=27977"},{"taxonomy":"product_tag","embeddable":true,"href":"https:\/\/puregrowshop.com\/fr\/wp-json\/wp\/v2\/product_tag?post=27977"}],"curies":[{"name":"wp","href":"https:\/\/api.w.org\/{rel}","templated":true}]}}