{"id":27975,"date":"2025-01-09T12:11:14","date_gmt":"2025-01-09T12:11:14","guid":{"rendered":"https:\/\/puregrowshop.com\/bactogel-agrobacterias\/"},"modified":"2025-11-06T19:44:23","modified_gmt":"2025-11-06T19:44:23","slug":"bactogel-agrobacterias","status":"publish","type":"product","link":"https:\/\/puregrowshop.com\/fr\/bactogel-agrobacterias\/","title":{"rendered":"Bactogel Agrobacterias"},"content":{"rendered":"<p>Descubre la excelencia en el cuidado de tus plantas con Bactogel Agrobacterias, el fertilizante biol\u00f3gico que transforma el crecimiento de tus cultivos de manera natural y eficiente. Dise\u00f1ado para potenciar la salud del suelo, este producto es ideal para agricultores y jardineros que buscan soluciones sostenibles y efectivas.<\/p>\n<ul>\n<li>Peso disponible: 50 g, 200 g, 950 g.<\/li>\n<li>Categor\u00eda: Fertilizantes biol\u00f3gicos.<\/li>\n<li>Contiene bacterias beneficiosas que mejoran la estructura del suelo.<\/li>\n<li>Promueve un crecimiento vigoroso y saludable de las plantas.<\/li>\n<li>Facilita la absorci\u00f3n de nutrientes esenciales.<\/li>\n<li>Mejora la resistencia de las plantas a enfermedades y estr\u00e9s ambiental.<\/li>\n<\/ul>\n<p>Bactogel Agrobacterias act\u00faa como un potenciador del suelo, asegurando que tus plantas reciban todos los nutrientes que necesitan para prosperar. Su f\u00f3rmula de bacterias beneficiosas no solo fortalece las ra\u00edces, sino que tambi\u00e9n aumenta la biodiversidad del suelo, creando un ecosistema equilibrado y f\u00e9rtil. Simplemente mezcla la cantidad recomendada con agua y apl\u00edcala al suelo o directamente a las ra\u00edces.<\/p>\n<p>Elaborado con ingredientes naturales, Bactogel Agrobacterias es seguro para el medio ambiente, permiti\u00e9ndote mantener cultivos saludables sin comprometer la sostenibilidad. Lleva tu cultivo al siguiente nivel con esta soluci\u00f3n innovadora y ecol\u00f3gica.<\/p>\n","protected":false},"excerpt":{"rendered":"<p>Bactogel Guerrilla es una mezcla de bacterias<br \/>beneficiosas para las plantas y pol\u00edmeros hidro-<br \/>absorbentes. A\u00f1ade Bactogel Guerrilla al<br \/>sustrato para obtener un crecimiento explosivo<br \/>de ra\u00edces y la formaci\u00f3n de n\u00f3dulos gelatinosos<br \/>absorbentes y retenedores de humedad<br \/>en el sustrato. Mejorar\u00e1 el sustrato con una excelente<br \/>capacidad de retenci\u00f3n de agua y nutrientes<br \/>para ponerlos a disposici\u00f3n de la planta,<br \/>evitando su p\u00e9rdida por filtraciones o<br \/>evo-transpiraci\u00f3n.<\/p>\n<p>Es ideal para el cultivo en terrenos con problemas<br \/>de suministro de agua o plantas que no<br \/>se puedan regar con frecuencia.<\/p>\n","protected":false},"featured_media":11093,"comment_status":"open","ping_status":"closed","template":"","meta":{"_bst_post_transparent":"","_bst_post_title":"","_bst_post_layout":"","_bst_post_sidebar_id":"","_bst_post_content_style":"","_bst_post_vertical_padding":"","_bst_post_feature":"","_bst_post_feature_position":"","_bst_post_header":false,"_bst_post_footer":false},"pwb-brand":[],"product_brand":[],"product_cat":[39],"product_tag":[],"class_list":{"0":"post-27975","1":"product","2":"type-product","3":"status-publish","4":"has-post-thumbnail","6":"product_cat-fertilizantes","8":"first","9":"instock","10":"sale","11":"taxable","12":"shipping-taxable","13":"purchasable","14":"product-type-variable","15":"entry","16":"content-bg","17":"loop-entry"},"brands":[],"_links":{"self":[{"href":"https:\/\/puregrowshop.com\/fr\/wp-json\/wp\/v2\/product\/27975","targetHints":{"allow":["GET"]}}],"collection":[{"href":"https:\/\/puregrowshop.com\/fr\/wp-json\/wp\/v2\/product"}],"about":[{"href":"https:\/\/puregrowshop.com\/fr\/wp-json\/wp\/v2\/types\/product"}],"replies":[{"embeddable":true,"href":"https:\/\/puregrowshop.com\/fr\/wp-json\/wp\/v2\/comments?post=27975"}],"wp:featuredmedia":[{"embeddable":true,"href":"https:\/\/puregrowshop.com\/fr\/wp-json\/wp\/v2\/media\/11093"}],"wp:attachment":[{"href":"https:\/\/puregrowshop.com\/fr\/wp-json\/wp\/v2\/media?parent=27975"}],"wp:term":[{"taxonomy":"pwb-brand","embeddable":true,"href":"https:\/\/puregrowshop.com\/fr\/wp-json\/wp\/v2\/pwb-brand?post=27975"},{"taxonomy":"product_brand","embeddable":true,"href":"https:\/\/puregrowshop.com\/fr\/wp-json\/wp\/v2\/product_brand?post=27975"},{"taxonomy":"product_cat","embeddable":true,"href":"https:\/\/puregrowshop.com\/fr\/wp-json\/wp\/v2\/product_cat?post=27975"},{"taxonomy":"product_tag","embeddable":true,"href":"https:\/\/puregrowshop.com\/fr\/wp-json\/wp\/v2\/product_tag?post=27975"}],"curies":[{"name":"wp","href":"https:\/\/api.w.org\/{rel}","templated":true}]}}