{"id":27968,"date":"2025-01-09T12:11:12","date_gmt":"2025-01-09T12:11:12","guid":{"rendered":"https:\/\/puregrowshop.com\/?post_type=product&#038;p=27968"},"modified":"2025-08-11T07:32:29","modified_gmt":"2025-08-11T07:32:29","slug":"bactofil-agrobacterias","status":"publish","type":"product","link":"https:\/\/puregrowshop.com\/fr\/bactofil-agrobacterias\/","title":{"rendered":"Bactofil Agrobacterias"},"content":{"rendered":"<p><P><STRONG>BACTOFIL<\/STRONG> estimula y protege los cultivos. Compuesto en polvo soluble en agua a base de bacillus y bacterias que viven en simbiosis con la ra\u00edz de la planta con resultados espectaculares: producci\u00f3n explosiva de ra\u00edces, estimula el crecimiento, protege contra hongos, aporta NPK extra.<\/P><br \/><P><STRONG>COMPOSICI\u00d3N:<\/STRONG> Azospirilum Lipoferum, Azotobacter Vinelandii, Bacillus Megaterium, B. Circulans, B. Subtilis, Pseudomonas Fluorescens y Micrococus Roseurs.<\/P><br \/><P><STRONG>USO:<\/STRONG> Diluir el contenido del envase en 25 litros agua, o una cucharadita en un litro de agua.<\/P><br \/><P>Envase para 25 litros de agua.<\/P><br \/><P><STRONG>CARACTER\u00cdSTICAS<\/STRONG><\/P><br \/><UL><br \/><LI>PRODUCCI\u00d3N EXPLOSIVA de ra\u00edces, a mayor desarrollo radicular m\u00e1s crecimiento y resistencia a la sequ\u00eda.<\/LI><br \/><LI>ESTIMULA el crecimiento de las plantas<\/LI><br \/><LI>PROTEGE contra hongos radiculares nocivos como Fusarium, Phytophtora, Alternaria&#8230;<\/LI><br \/><LI>SOLUBILIZA F\u00d3SFORO Y POTASIO no solubles produciendo una mayor floraci\u00f3n.<\/LI><br \/><LI>PRODUCE CITOQUININAS, auxinas y giberelinas de forma continuada, defensoras y estimuladoras del sistema radicular.<\/LI><br \/><LI>MEJORA los cultivos aero &#8211; hidrop\u00f3nicos manteni\u00e9ndolos sanos.<\/LI><br \/><LI>IDEAL para cultivo de guerrilla y exterior, extrae el m\u00e1ximo de los nutrientes presentes en el sustrato o suelo.<\/LI><br \/><LI>UNA SOLA APLICACI\u00d3N por cultivo es efectiva durante toda la vida de la planta<\/LI><\/UL><\/p>\n","protected":false},"excerpt":{"rendered":"<p><P><STRONG>BACTOFIL<\/STRONG> estimula y protege los cultivos. Compuesto en polvo soluble en agua a base de bacillus y bacterias que viven en simbiosis con la ra\u00edz de la planta con resultados espectaculares: producci\u00f3n explosiva de ra\u00edces, estimula el crecimiento, protege contra hongos, aporta NPK extra.<\/P><br \/><P><STRONG>COMPOSICI\u00d3N<\/STRONG>: Azospirilum Lipoferum, Azotobacter Vinelandii, Bacillus Megaterium, B. Circulans, B. Subtilis, Pseudomonas Fluorescens y Micrococus Roseurs.<\/P><br \/><P><STRONG>USO<\/STRONG>: Diluir el contenido del envase en 25 litros agua, o una cucharadita en un litro de agua.<\/P><br \/><P>Envase para 25 litros de agua.<\/P><\/p>\n","protected":false},"featured_media":11081,"comment_status":"open","ping_status":"closed","template":"","meta":{"_bst_post_transparent":"","_bst_post_title":"","_bst_post_layout":"","_bst_post_sidebar_id":"","_bst_post_content_style":"","_bst_post_vertical_padding":"","_bst_post_feature":"","_bst_post_feature_position":"","_bst_post_header":false,"_bst_post_footer":false},"pwb-brand":[],"product_brand":[],"product_cat":[39],"product_tag":[],"class_list":{"0":"post-27968","1":"product","2":"type-product","3":"status-publish","4":"has-post-thumbnail","6":"product_cat-fertilizantes","8":"first","9":"instock","10":"sale","11":"taxable","12":"shipping-taxable","13":"purchasable","14":"product-type-variable","15":"entry","16":"content-bg","17":"loop-entry"},"brands":[],"_links":{"self":[{"href":"https:\/\/puregrowshop.com\/fr\/wp-json\/wp\/v2\/product\/27968","targetHints":{"allow":["GET"]}}],"collection":[{"href":"https:\/\/puregrowshop.com\/fr\/wp-json\/wp\/v2\/product"}],"about":[{"href":"https:\/\/puregrowshop.com\/fr\/wp-json\/wp\/v2\/types\/product"}],"replies":[{"embeddable":true,"href":"https:\/\/puregrowshop.com\/fr\/wp-json\/wp\/v2\/comments?post=27968"}],"wp:featuredmedia":[{"embeddable":true,"href":"https:\/\/puregrowshop.com\/fr\/wp-json\/wp\/v2\/media\/11081"}],"wp:attachment":[{"href":"https:\/\/puregrowshop.com\/fr\/wp-json\/wp\/v2\/media?parent=27968"}],"wp:term":[{"taxonomy":"pwb-brand","embeddable":true,"href":"https:\/\/puregrowshop.com\/fr\/wp-json\/wp\/v2\/pwb-brand?post=27968"},{"taxonomy":"product_brand","embeddable":true,"href":"https:\/\/puregrowshop.com\/fr\/wp-json\/wp\/v2\/product_brand?post=27968"},{"taxonomy":"product_cat","embeddable":true,"href":"https:\/\/puregrowshop.com\/fr\/wp-json\/wp\/v2\/product_cat?post=27968"},{"taxonomy":"product_tag","embeddable":true,"href":"https:\/\/puregrowshop.com\/fr\/wp-json\/wp\/v2\/product_tag?post=27968"}],"curies":[{"name":"wp","href":"https:\/\/api.w.org\/{rel}","templated":true}]}}