{"id":27965,"date":"2025-01-09T12:11:12","date_gmt":"2025-01-09T12:11:12","guid":{"rendered":"https:\/\/puregrowshop.com\/?post_type=product&#038;p=27965"},"modified":"2025-08-11T07:32:29","modified_gmt":"2025-08-11T07:32:29","slug":"bactobloom-tabs-agrobacterias","status":"publish","type":"product","link":"https:\/\/puregrowshop.com\/fr\/bactobloom-tabs-agrobacterias\/","title":{"rendered":"Bactobloom Tabs Agrobacterias"},"content":{"rendered":"<p>COMPOSICI\u00d3N\/INFORMACI\u00d3N SOBRE INGREDIENTES<br \/>Inoculante de bacterias PGP (Promotoras del crecimiento de las plantas) y levaduras, formulado en comprimidos para su f\u00e1cil aplicaci\u00f3n al suelo. Los microorganismos contenidos en el producto NO han sido modificados gen\u00e9ticamente.<br \/>Cepas microbianas contenidas:<br \/>&#8211;\tContenido m\u00ednimo garantizado: 5&#215;109 ufc totales\/g-2&#215;1010 ufc totales\/comprimido: Bacillus megaterium (109 ufc\/g), Bacillus velezensis (109 ufc\/g), Bacillus licheniformis (109 ufc\/g), Bacillus methylotrophicus (109 ufc\/g), Bacillus subtilis (109 ufc\/g) y Saccharomyces cerevisiae (107 ufc\/g).<br \/>Excipientes para compresi\u00f3n: 10%<br \/>Az\u00facares: 70-75%<br \/>Amino\u00e1cidos, extractos vegetales y abono org\u00e1nico: 15%<\/p>\n<p>PLANTAS COMPATIBLES CON BACTOBLOOM<br \/>La mayor\u00eda de las plantas cultivadas ya sean hort\u00edcolas, frut\u00edcolas u ornamentales son compatibles con el uso del producto.<\/p>\n<p>RECOMENDACIONES DE USO<br \/>El producto est\u00e1 dise\u00f1ado para su aplicaci\u00f3n durante el trasplante a contenedores de gran tama\u00f1o o campo (agujero de plantaci\u00f3n), colocando el comprimido cercano a las ra\u00edces de la planta en la siguiente proporci\u00f3n:<br \/>&#8211;\tViveros y cultivos en maceta de gran porte: 1 TAB por planta<br \/>&#8211;\tHortalizas en siembra directa y\/o trasplante: 1 TAB por planta<br \/>&#8211;\tFrutales y otras le\u00f1osas: 1-2 TABS por \u00e1rbol<br \/>Para una mejor inoculaci\u00f3n se aconseja: Regar despu\u00e9s de aportar los comprimidos<\/p>\n<p>COMPATIBILIDAD CON FITOSANITARIOS Y ABONOS<br \/>Se trata de un producto microbiano vivo por lo que se desaconseja el uso de pesticidas (bactericidas y fungicidas) pues podr\u00edan ser perjudiciales para las cepas microbianas contenidas en los comprimidos.<\/p>\n<p>ESTABILIDAD<br \/>Producto estable por un per\u00edodo de 18 meses si se conserva en un lugar fresco y seco, alejado de la radiaci\u00f3n solar directa.<\/p>\n<p>PROPIEDADES F\u00cdSICO QU\u00cdMICAS<br \/>pH en agua (1:5): 7<br \/>Materia seca: 97%<\/p>\n","protected":false},"excerpt":{"rendered":"<p>Bactobloom TABS es utilizado como abono natural para las plantas otorgando los siguientes beneficios:<br \/>&#8211;\tMayor adquisici\u00f3n de nutrientes disponibles y no disponibles.<br \/>&#8211;\tLos microorganismos aportados solubilizan minerales y producen metabolitos activos que estimulan el crecimiento y la productividad de las plantas.<br \/>&#8211;\tReducen el estr\u00e9s causado por condiciones ambientales adversas y organismos nocivos.<br \/>&#8211;\tMejoran la estructura del suelo y el equilibrio biol\u00f3gico de la rizosfera.<br \/>&#8211;\tIncrementa la proliferaci\u00f3n de ra\u00edces secundarias.<\/p>\n","protected":false},"featured_media":11133,"comment_status":"open","ping_status":"closed","template":"","meta":{"_bst_post_transparent":"","_bst_post_title":"","_bst_post_layout":"","_bst_post_sidebar_id":"","_bst_post_content_style":"","_bst_post_vertical_padding":"","_bst_post_feature":"","_bst_post_feature_position":"","_bst_post_header":false,"_bst_post_footer":false},"pwb-brand":[],"product_brand":[],"product_cat":[39],"product_tag":[],"class_list":{"0":"post-27965","1":"product","2":"type-product","3":"status-publish","4":"has-post-thumbnail","6":"product_cat-fertilizantes","8":"first","9":"outofstock","10":"taxable","11":"shipping-taxable","12":"purchasable","13":"product-type-variable","14":"entry","15":"content-bg","16":"loop-entry"},"brands":[],"_links":{"self":[{"href":"https:\/\/puregrowshop.com\/fr\/wp-json\/wp\/v2\/product\/27965","targetHints":{"allow":["GET"]}}],"collection":[{"href":"https:\/\/puregrowshop.com\/fr\/wp-json\/wp\/v2\/product"}],"about":[{"href":"https:\/\/puregrowshop.com\/fr\/wp-json\/wp\/v2\/types\/product"}],"replies":[{"embeddable":true,"href":"https:\/\/puregrowshop.com\/fr\/wp-json\/wp\/v2\/comments?post=27965"}],"wp:featuredmedia":[{"embeddable":true,"href":"https:\/\/puregrowshop.com\/fr\/wp-json\/wp\/v2\/media\/11133"}],"wp:attachment":[{"href":"https:\/\/puregrowshop.com\/fr\/wp-json\/wp\/v2\/media?parent=27965"}],"wp:term":[{"taxonomy":"pwb-brand","embeddable":true,"href":"https:\/\/puregrowshop.com\/fr\/wp-json\/wp\/v2\/pwb-brand?post=27965"},{"taxonomy":"product_brand","embeddable":true,"href":"https:\/\/puregrowshop.com\/fr\/wp-json\/wp\/v2\/product_brand?post=27965"},{"taxonomy":"product_cat","embeddable":true,"href":"https:\/\/puregrowshop.com\/fr\/wp-json\/wp\/v2\/product_cat?post=27965"},{"taxonomy":"product_tag","embeddable":true,"href":"https:\/\/puregrowshop.com\/fr\/wp-json\/wp\/v2\/product_tag?post=27965"}],"curies":[{"name":"wp","href":"https:\/\/api.w.org\/{rel}","templated":true}]}}