{"id":27963,"date":"2025-01-09T12:11:11","date_gmt":"2025-01-09T12:11:11","guid":{"rendered":"https:\/\/puregrowshop.com\/?post_type=product&#038;p=27963"},"modified":"2025-11-06T19:47:02","modified_gmt":"2025-11-06T19:47:02","slug":"upgrade-atami-bcuzz","status":"publish","type":"product","link":"https:\/\/puregrowshop.com\/fr\/upgrade-atami-bcuzz\/","title":{"rendered":"Upgrade Atami B&#8217;cuzz"},"content":{"rendered":"<p>Presentamos el &quot;Upgrade Atami B&#039;cuzz&quot;, un fertilizante de calidad profesional dise\u00f1ado para maximizar el crecimiento y la floraci\u00f3n de tus plantas. Este producto es ideal para aquellos cultivadores que buscan resultados excepcionales con una f\u00f3rmula comprobada que promueve un desarrollo vigoroso y una producci\u00f3n abundante.<\/p>\n<ul>\n<li>Disponible en presentaciones de 600 g, 3 kg y 6 kg.<\/li>\n<li>F\u00f3rmula concentrada para un uso eficiente y duradero.<\/li>\n<li>Compatible con una amplia variedad de plantas y cultivos.<\/li>\n<li>Promueve un crecimiento r\u00e1pido y saludable.<\/li>\n<li>Mejora la resistencia de las plantas contra enfermedades y estr\u00e9s ambiental.<\/li>\n<\/ul>\n<p>El &quot;Upgrade Atami B&#039;cuzz&quot; potencia el desarrollo radicular, lo que se traduce en plantas m\u00e1s fuertes y saludables. Su aplicaci\u00f3n regular asegura una floraci\u00f3n m\u00e1s intensa y prolongada, maximizando el rendimiento de tu cultivo. Este fertilizante es f\u00e1cil de usar y se integra perfectamente en tus rutinas de cuidado de plantas, permiti\u00e9ndote disfrutar de una vegetaci\u00f3n exuberante y productiva.<\/p>\n<p>Fabricado con ingredientes de alta calidad, este fertilizante ofrece una soluci\u00f3n completa para el cuidado de tus plantas. Aseg\u00farate de seguir las instrucciones de uso para obtener los mejores resultados y mantener tus plantas en \u00f3ptimas condiciones. Con &quot;Upgrade Atami B&#039;cuzz&quot;, eleva el nivel de tu cultivo y alcanza nuevas alturas en la jardiner\u00eda.<\/p>\n","protected":false},"excerpt":{"rendered":"<p>&#8211; Fertilizante org\u00e1nico s\u00f3lido de descomposici\u00f3n lenta. Upgrade es un abono base cuyo NPK es 6-3-4.<br \/>&#8211; Es un producto apto para su uso en agricultura ecol\u00f3gica al estar certificado por Control Union.<br \/>&#8211; No contiene ning\u00fan ingrediente de origen animal.<br \/>&#8211; Los nutrientes org\u00e1nicos se liberan lentamente al sustrato, permitiendo una fertilizaci\u00f3n a largo plazo (75-100 d\u00edas), justo al ritmo que la planta los necesite.<br \/>&#8211; Contiene bacterias Bacillus Amyloliquefaciens, las cuales garantizan una forma responsable de fertilizaci\u00f3n con fosfatos, permitiendo que los fosfatos presentes en el sustrato sean absorbibles por la planta.<br \/>&#8211; Rico en nitr\u00f3geno, el cual es ideal para cultivos en crecimiento.<br \/>&#8211; Lo ideal es mezclar el abono con el sustrato (3-6g en cada litro de SUSTRATO) pero tambi\u00e9n se puede utilizar rociando el fertilizante sobre el sustrato ya en uso para enriquecerlo.  <\/p>\n","protected":false},"featured_media":10761,"comment_status":"open","ping_status":"closed","template":"","meta":{"_bst_post_transparent":"","_bst_post_title":"","_bst_post_layout":"","_bst_post_sidebar_id":"","_bst_post_content_style":"","_bst_post_vertical_padding":"","_bst_post_feature":"","_bst_post_feature_position":"","_bst_post_header":false,"_bst_post_footer":false},"pwb-brand":[],"product_brand":[],"product_cat":[39],"product_tag":[],"class_list":{"0":"post-27963","1":"product","2":"type-product","3":"status-publish","4":"has-post-thumbnail","6":"product_cat-fertilizantes","8":"first","9":"instock","10":"sale","11":"taxable","12":"shipping-taxable","13":"purchasable","14":"product-type-variable","15":"entry","16":"content-bg","17":"loop-entry"},"brands":[],"_links":{"self":[{"href":"https:\/\/puregrowshop.com\/fr\/wp-json\/wp\/v2\/product\/27963","targetHints":{"allow":["GET"]}}],"collection":[{"href":"https:\/\/puregrowshop.com\/fr\/wp-json\/wp\/v2\/product"}],"about":[{"href":"https:\/\/puregrowshop.com\/fr\/wp-json\/wp\/v2\/types\/product"}],"replies":[{"embeddable":true,"href":"https:\/\/puregrowshop.com\/fr\/wp-json\/wp\/v2\/comments?post=27963"}],"wp:featuredmedia":[{"embeddable":true,"href":"https:\/\/puregrowshop.com\/fr\/wp-json\/wp\/v2\/media\/10761"}],"wp:attachment":[{"href":"https:\/\/puregrowshop.com\/fr\/wp-json\/wp\/v2\/media?parent=27963"}],"wp:term":[{"taxonomy":"pwb-brand","embeddable":true,"href":"https:\/\/puregrowshop.com\/fr\/wp-json\/wp\/v2\/pwb-brand?post=27963"},{"taxonomy":"product_brand","embeddable":true,"href":"https:\/\/puregrowshop.com\/fr\/wp-json\/wp\/v2\/product_brand?post=27963"},{"taxonomy":"product_cat","embeddable":true,"href":"https:\/\/puregrowshop.com\/fr\/wp-json\/wp\/v2\/product_cat?post=27963"},{"taxonomy":"product_tag","embeddable":true,"href":"https:\/\/puregrowshop.com\/fr\/wp-json\/wp\/v2\/product_tag?post=27963"}],"curies":[{"name":"wp","href":"https:\/\/api.w.org\/{rel}","templated":true}]}}