{"id":27962,"date":"2025-01-09T12:11:10","date_gmt":"2025-01-09T12:11:10","guid":{"rendered":"https:\/\/puregrowshop.com\/terra-max-atami-bcuzz\/"},"modified":"2025-08-11T07:32:37","modified_gmt":"2025-08-11T07:32:37","slug":"terra-max-atami-bcuzz","status":"publish","type":"product","link":"https:\/\/puregrowshop.com\/fr\/terra-max-atami-bcuzz\/","title":{"rendered":"Terra Max Atami B&#8217;cuzz"},"content":{"rendered":"<p>Aplicaciones:<br \/>Puede aplicarse diariamente con el agua de riego durante todo el periodo de la floraci\u00f3n. <\/p>\n<p>Consejo de cultivo:<br \/>Ideal para tierras (tambi\u00e9n de maceta) ligeras y ricas en cal.<\/p>\n<p>Dosificaci\u00f3n:<br \/>Como suplemento alimenticio: 1 a 5 ml por litro de agua nutriente.<\/p>\n<p>NPK: 2-2-4<\/p>\n","protected":false},"excerpt":{"rendered":"<p>Se trata de un minuciosamente concebido alimento completo para la floraci\u00f3n que suministra todos los nutrientes necesarios para la planta durante este periodo. El Terra Max influye positivamente sobre la capacidad de floraci\u00f3n de los cultivos. Induce la producci\u00f3n de brotes bellos y compactos y que aumentan visiblemente de di\u00e1metro. Terra Max se disuelve directamente en el agua y es absorbido f\u00e1cilmente por la planta. Con todo ello, los resultados son visibles a corto plazo. <\/p>\n","protected":false},"featured_media":10630,"comment_status":"open","ping_status":"closed","template":"","meta":{"_bst_post_transparent":"","_bst_post_title":"","_bst_post_layout":"","_bst_post_sidebar_id":"","_bst_post_content_style":"","_bst_post_vertical_padding":"","_bst_post_feature":"","_bst_post_feature_position":"","_bst_post_header":false,"_bst_post_footer":false},"pwb-brand":[],"product_brand":[],"product_cat":[39],"product_tag":[],"class_list":{"0":"post-27962","1":"product","2":"type-product","3":"status-publish","4":"has-post-thumbnail","6":"product_cat-fertilizantes","8":"first","9":"instock","10":"sale","11":"taxable","12":"shipping-taxable","13":"purchasable","14":"product-type-variable","15":"entry","16":"content-bg","17":"loop-entry"},"brands":[],"_links":{"self":[{"href":"https:\/\/puregrowshop.com\/fr\/wp-json\/wp\/v2\/product\/27962","targetHints":{"allow":["GET"]}}],"collection":[{"href":"https:\/\/puregrowshop.com\/fr\/wp-json\/wp\/v2\/product"}],"about":[{"href":"https:\/\/puregrowshop.com\/fr\/wp-json\/wp\/v2\/types\/product"}],"replies":[{"embeddable":true,"href":"https:\/\/puregrowshop.com\/fr\/wp-json\/wp\/v2\/comments?post=27962"}],"wp:featuredmedia":[{"embeddable":true,"href":"https:\/\/puregrowshop.com\/fr\/wp-json\/wp\/v2\/media\/10630"}],"wp:attachment":[{"href":"https:\/\/puregrowshop.com\/fr\/wp-json\/wp\/v2\/media?parent=27962"}],"wp:term":[{"taxonomy":"pwb-brand","embeddable":true,"href":"https:\/\/puregrowshop.com\/fr\/wp-json\/wp\/v2\/pwb-brand?post=27962"},{"taxonomy":"product_brand","embeddable":true,"href":"https:\/\/puregrowshop.com\/fr\/wp-json\/wp\/v2\/product_brand?post=27962"},{"taxonomy":"product_cat","embeddable":true,"href":"https:\/\/puregrowshop.com\/fr\/wp-json\/wp\/v2\/product_cat?post=27962"},{"taxonomy":"product_tag","embeddable":true,"href":"https:\/\/puregrowshop.com\/fr\/wp-json\/wp\/v2\/product_tag?post=27962"}],"curies":[{"name":"wp","href":"https:\/\/api.w.org\/{rel}","templated":true}]}}