{"id":27960,"date":"2025-01-09T12:11:08","date_gmt":"2025-01-09T12:11:08","guid":{"rendered":"https:\/\/puregrowshop.com\/?post_type=product&#038;p=27960"},"modified":"2025-08-11T07:32:37","modified_gmt":"2025-08-11T07:32:37","slug":"terra-leaves-atami-bcuzz","status":"publish","type":"product","link":"https:\/\/puregrowshop.com\/fr\/terra-leaves-atami-bcuzz\/","title":{"rendered":"Terra Leaves Atami B&#8217;cuzz"},"content":{"rendered":"<p>Aplicaciones:<br \/>Puede utilizarse diariamente con el agua de riego durante la totalidad del periodo de crecimiento como suplemento del alimento habitual. <\/p>\n<p>Consejo de cultivo:<br \/>Ideal para tierras (tambi\u00e9n de maceta) ligeras y ricas en cal.<\/p>\n<p>Dosificaci\u00f3n:<br \/>Como suplemento alimenticio: 1 a 5 ml por litro de agua nutriente.<\/p>\n<p>NPK: 3-1-3<\/p>\n","protected":false},"excerpt":{"rendered":"<p>Terra Leaves es un alimento completo concebido espec\u00edficamente para el ciclo de crecimiento de la planta. \u00c9ste hace que la planta se concentre especialmente en el desarrollo de ramas y brotes de gran robustez y vitalidad, con lo que la planta aumenta r\u00e1pidamente su di\u00e1metro. El Terra Leaves se disuelve directamente en el agua y es absorbido f\u00e1cilmente por la planta. Por todo ello, los resultados son visibles a corto plazo. <\/p>\n","protected":false},"featured_media":10638,"comment_status":"open","ping_status":"closed","template":"","meta":{"_bst_post_transparent":"","_bst_post_title":"","_bst_post_layout":"","_bst_post_sidebar_id":"","_bst_post_content_style":"","_bst_post_vertical_padding":"","_bst_post_feature":"","_bst_post_feature_position":"","_bst_post_header":false,"_bst_post_footer":false},"pwb-brand":[],"product_brand":[],"product_cat":[39],"product_tag":[],"class_list":{"0":"post-27960","1":"product","2":"type-product","3":"status-publish","4":"has-post-thumbnail","6":"product_cat-fertilizantes","8":"first","9":"instock","10":"sale","11":"taxable","12":"shipping-taxable","13":"purchasable","14":"product-type-variable","15":"entry","16":"content-bg","17":"loop-entry"},"brands":[],"_links":{"self":[{"href":"https:\/\/puregrowshop.com\/fr\/wp-json\/wp\/v2\/product\/27960","targetHints":{"allow":["GET"]}}],"collection":[{"href":"https:\/\/puregrowshop.com\/fr\/wp-json\/wp\/v2\/product"}],"about":[{"href":"https:\/\/puregrowshop.com\/fr\/wp-json\/wp\/v2\/types\/product"}],"replies":[{"embeddable":true,"href":"https:\/\/puregrowshop.com\/fr\/wp-json\/wp\/v2\/comments?post=27960"}],"wp:featuredmedia":[{"embeddable":true,"href":"https:\/\/puregrowshop.com\/fr\/wp-json\/wp\/v2\/media\/10638"}],"wp:attachment":[{"href":"https:\/\/puregrowshop.com\/fr\/wp-json\/wp\/v2\/media?parent=27960"}],"wp:term":[{"taxonomy":"pwb-brand","embeddable":true,"href":"https:\/\/puregrowshop.com\/fr\/wp-json\/wp\/v2\/pwb-brand?post=27960"},{"taxonomy":"product_brand","embeddable":true,"href":"https:\/\/puregrowshop.com\/fr\/wp-json\/wp\/v2\/product_brand?post=27960"},{"taxonomy":"product_cat","embeddable":true,"href":"https:\/\/puregrowshop.com\/fr\/wp-json\/wp\/v2\/product_cat?post=27960"},{"taxonomy":"product_tag","embeddable":true,"href":"https:\/\/puregrowshop.com\/fr\/wp-json\/wp\/v2\/product_tag?post=27960"}],"curies":[{"name":"wp","href":"https:\/\/api.w.org\/{rel}","templated":true}]}}