{"id":27957,"date":"2025-01-09T12:11:08","date_gmt":"2025-01-09T12:11:08","guid":{"rendered":"https:\/\/puregrowshop.com\/?post_type=product&#038;p=27957"},"modified":"2025-11-06T19:47:29","modified_gmt":"2025-11-06T19:47:29","slug":"silic-boost-atami-bcuzz","status":"publish","type":"product","link":"https:\/\/puregrowshop.com\/fr\/silic-boost-atami-bcuzz\/","title":{"rendered":"Silic Boost Atami B&#8217;cuzz"},"content":{"rendered":"<p>Descubre el potencial de tus plantas con Silic Boost Atami B&#039;cuzz, un aditivo esencial dise\u00f1ado para fortalecer y optimizar el crecimiento de tus cultivos. Este innovador fertilizante es ideal para agricultores y jardineros que buscan mejorar la resistencia y vitalidad de sus plantas.<\/p>\n<ul>\n<li>Disponible en vol\u00famenes de 50 ml, 100 ml, 250 ml, 500 ml, 1 litro y 5 litros.<\/li>\n<li>Formulado con silicio de alta calidad que refuerza las paredes celulares de las plantas.<\/li>\n<li>Aumenta la resistencia ante plagas y enfermedades.<\/li>\n<li>Impulsa el crecimiento y desarrollo de ra\u00edces fuertes y sanas.<\/li>\n<li>Compatible con diferentes tipos de cultivo y sustratos.<\/li>\n<\/ul>\n<p>Silic Boost Atami B&#039;cuzz proporciona a tus plantas un escudo natural, mejorando su capacidad de soportar condiciones adversas y maximizando la absorci\u00f3n de nutrientes. Su uso regular asegura un follaje vibrante y una producci\u00f3n m\u00e1s abundante. Simplemente a\u00f1ade la dosis recomendada a tu rutina de riego y observa c\u00f3mo tus plantas prosperan con vigor renovado.<\/p>\n<p>Fabricado con los m\u00e1s altos est\u00e1ndares de calidad, este fertilizante es f\u00e1cil de aplicar y se integra perfectamente en cualquier programa de cultivo. Lleva tus resultados al siguiente nivel con Atami, un nombre de confianza en el mundo de la horticultura.<\/p>\n","protected":false},"excerpt":{"rendered":"<p>&#8211; El SilicBoost es un producto hecho a base de silicio.<br \/>&#8211; El silicio regula la absorci\u00f3n de nutrientes y asegura las dosis suficientes de todos los elementos esenciales. Tambi\u00e9n permite un uso m\u00e1s eficiente de elementos como el F\u00f3sforo (P) y regula la absorci\u00f3n de elementos como el Hierro y el Manganeso.<br \/>&#8211; El uso del silicio es muy beneficioso en sustratos que no contienen silicio.<br \/>&#8211; El silicio refuerza el tallo y las ramas, evita roturas por viento o exceso de peso.<br \/>&#8211; El silicio hace la planta m\u00e1s resistente contra el estr\u00e9s bi\u00f3tico (plagas, hongos\u2026) y abi\u00f3tico (sequia, calor..).<br \/>&#8211; Es considerablemente m\u00e1s concentrado que productos parecidos del mercado. La dosificaci\u00f3n es de 0,1 ml\/1L.<br \/>&#8211; Hemos comprobado que con el SilicBoost hay un incremento considerable en seco del peso de la flor.<\/p>\n","protected":false},"featured_media":10739,"comment_status":"open","ping_status":"closed","template":"","meta":{"_bst_post_transparent":"","_bst_post_title":"","_bst_post_layout":"","_bst_post_sidebar_id":"","_bst_post_content_style":"","_bst_post_vertical_padding":"","_bst_post_feature":"","_bst_post_feature_position":"","_bst_post_header":false,"_bst_post_footer":false},"pwb-brand":[],"product_brand":[],"product_cat":[39],"product_tag":[],"class_list":{"0":"post-27957","1":"product","2":"type-product","3":"status-publish","4":"has-post-thumbnail","6":"product_cat-fertilizantes","8":"first","9":"instock","10":"sale","11":"taxable","12":"shipping-taxable","13":"purchasable","14":"product-type-variable","15":"entry","16":"content-bg","17":"loop-entry"},"brands":[],"_links":{"self":[{"href":"https:\/\/puregrowshop.com\/fr\/wp-json\/wp\/v2\/product\/27957","targetHints":{"allow":["GET"]}}],"collection":[{"href":"https:\/\/puregrowshop.com\/fr\/wp-json\/wp\/v2\/product"}],"about":[{"href":"https:\/\/puregrowshop.com\/fr\/wp-json\/wp\/v2\/types\/product"}],"replies":[{"embeddable":true,"href":"https:\/\/puregrowshop.com\/fr\/wp-json\/wp\/v2\/comments?post=27957"}],"wp:featuredmedia":[{"embeddable":true,"href":"https:\/\/puregrowshop.com\/fr\/wp-json\/wp\/v2\/media\/10739"}],"wp:attachment":[{"href":"https:\/\/puregrowshop.com\/fr\/wp-json\/wp\/v2\/media?parent=27957"}],"wp:term":[{"taxonomy":"pwb-brand","embeddable":true,"href":"https:\/\/puregrowshop.com\/fr\/wp-json\/wp\/v2\/pwb-brand?post=27957"},{"taxonomy":"product_brand","embeddable":true,"href":"https:\/\/puregrowshop.com\/fr\/wp-json\/wp\/v2\/product_brand?post=27957"},{"taxonomy":"product_cat","embeddable":true,"href":"https:\/\/puregrowshop.com\/fr\/wp-json\/wp\/v2\/product_cat?post=27957"},{"taxonomy":"product_tag","embeddable":true,"href":"https:\/\/puregrowshop.com\/fr\/wp-json\/wp\/v2\/product_tag?post=27957"}],"curies":[{"name":"wp","href":"https:\/\/api.w.org\/{rel}","templated":true}]}}