{"id":27956,"date":"2025-01-09T12:11:08","date_gmt":"2025-01-09T12:11:08","guid":{"rendered":"https:\/\/puregrowshop.com\/?post_type=product&#038;p=27956"},"modified":"2025-08-11T07:32:37","modified_gmt":"2025-08-11T07:32:37","slug":"rootbastic-atami-bcuzz","status":"publish","type":"product","link":"https:\/\/puregrowshop.com\/fr\/rootbastic-atami-bcuzz\/","title":{"rendered":"Rootbastic Atami B&#8217;cuzz"},"content":{"rendered":"<p>&#8211; Nuevo en el mercado y en la l\u00ednea de Bloombastic.<br \/>&#8211; Altamente concentrado (una media de 1\/5000).<br \/>&#8211; Crea una producci\u00f3n explosiva de ra\u00edces.<br \/>&#8211; El potenciador de ra\u00edces m\u00e1s eficaz, con una combinaci\u00f3n \u00fanica de NPK alto, bio-estimulantes y bio-minerales.<br \/>&#8211; Aumenta la resistencia de la planta al estr\u00e9s ambiental.<br \/>&#8211; Ideal para despu\u00e9s de plantar los esquejes, cuando las primeras ra\u00edces ya son visibles.<br \/>&#8211; Rico en F\u00f3sforo (P), a las ra\u00edces les encanta.<\/p>\n","protected":false},"excerpt":{"rendered":"<p>Despu\u00e9s del \u00e9xito y de la popularidad de Bloombastic, Atami su fabricante de nutrientes de confianza, presenta ahora con gran orgullo una nueva variante. ROOTBASTIC! Este suplemento para las ra\u00edces de alta calidad y excelente rendimiento garantiza una producci\u00f3n explosiva de ra\u00edces. Esto significa un sistema radicular m\u00e1s extenso y m\u00e1s cantidad de peque\u00f1os capilares haciendo que la planta pueda absorber los nutrientes con mayor facilidad. Adicionalmente, Rootbastic aumenta la resistencia de la planta y por lo tanto ser\u00e1 menos receptiva al estr\u00e9s ambiental.<\/p>\n","protected":false},"featured_media":10677,"comment_status":"open","ping_status":"closed","template":"","meta":{"_bst_post_transparent":"","_bst_post_title":"","_bst_post_layout":"","_bst_post_sidebar_id":"","_bst_post_content_style":"","_bst_post_vertical_padding":"","_bst_post_feature":"","_bst_post_feature_position":"","_bst_post_header":false,"_bst_post_footer":false},"pwb-brand":[],"product_brand":[],"product_cat":[39],"product_tag":[],"class_list":{"0":"post-27956","1":"product","2":"type-product","3":"status-publish","4":"has-post-thumbnail","6":"product_cat-fertilizantes","8":"first","9":"instock","10":"sale","11":"taxable","12":"shipping-taxable","13":"purchasable","14":"product-type-variable","15":"entry","16":"content-bg","17":"loop-entry"},"brands":[],"_links":{"self":[{"href":"https:\/\/puregrowshop.com\/fr\/wp-json\/wp\/v2\/product\/27956","targetHints":{"allow":["GET"]}}],"collection":[{"href":"https:\/\/puregrowshop.com\/fr\/wp-json\/wp\/v2\/product"}],"about":[{"href":"https:\/\/puregrowshop.com\/fr\/wp-json\/wp\/v2\/types\/product"}],"replies":[{"embeddable":true,"href":"https:\/\/puregrowshop.com\/fr\/wp-json\/wp\/v2\/comments?post=27956"}],"wp:featuredmedia":[{"embeddable":true,"href":"https:\/\/puregrowshop.com\/fr\/wp-json\/wp\/v2\/media\/10677"}],"wp:attachment":[{"href":"https:\/\/puregrowshop.com\/fr\/wp-json\/wp\/v2\/media?parent=27956"}],"wp:term":[{"taxonomy":"pwb-brand","embeddable":true,"href":"https:\/\/puregrowshop.com\/fr\/wp-json\/wp\/v2\/pwb-brand?post=27956"},{"taxonomy":"product_brand","embeddable":true,"href":"https:\/\/puregrowshop.com\/fr\/wp-json\/wp\/v2\/product_brand?post=27956"},{"taxonomy":"product_cat","embeddable":true,"href":"https:\/\/puregrowshop.com\/fr\/wp-json\/wp\/v2\/product_cat?post=27956"},{"taxonomy":"product_tag","embeddable":true,"href":"https:\/\/puregrowshop.com\/fr\/wp-json\/wp\/v2\/product_tag?post=27956"}],"curies":[{"name":"wp","href":"https:\/\/api.w.org\/{rel}","templated":true}]}}