{"id":27955,"date":"2025-01-09T12:11:08","date_gmt":"2025-01-09T12:11:08","guid":{"rendered":"https:\/\/puregrowshop.com\/?post_type=product&#038;p=27955"},"modified":"2025-08-11T07:32:37","modified_gmt":"2025-08-11T07:32:37","slug":"root-stimulator-atami-bcuzz","status":"publish","type":"product","link":"https:\/\/puregrowshop.com\/fr\/root-stimulator-atami-bcuzz\/","title":{"rendered":"Root Stimulator Atami B&#8217;cuzz"},"content":{"rendered":"<p>Aplicaciones:<br \/>A partir de la primera semana a\u00f1adir al agua nutriente. Puede utilizarse diariamente durante el riego de los cultivos. A partir de la segunda semana, sustituir por B\u2019cuzz Booster.<\/p>\n<p>Dosificaci\u00f3n (1:1000):<br \/>1 ml por litro de agua.<\/p>\n","protected":false},"excerpt":{"rendered":"<p>Es sabido que la calidad de una planta se encuentra en su 50% debajo del suelo. As\u00ed que un sistema radicular bien desarrollado y sano contribuye en gran manera al buen crecimiento de la planta. Para conseguir esto, este estimulador de la ra\u00edz hace que se produzca un crecimiento explosivo del sistema radicular, a la vez que protege los cultivos de enfermedades como Pythium, Fusarium y pulg\u00f3n de ra\u00edces. Adem\u00e1s, este estimulante radicular le ofrece mayor vitalidad a la vida del suelo, por lo que la planta puede absorber los nutrientes del sustrato en mayor medida y con m\u00e1s facilidad. Las ra\u00edces se ramifican mas r\u00e1pidamente, mientras que el di\u00e1metro y el volumen de la ra\u00edz aumentan de forma patente, con lo que la planta encuentra m\u00e1s agarre, aumentando tambi\u00e9n el volumen de su parte visible. Una planta con un sistema radicular bien desarrollado y s\u00f3lido, resistir\u00e1 m\u00e1s racimos de flores en la fase final, lo que repercutir\u00e1 finalmente en una mejor cosecha.<\/p>\n","protected":false},"featured_media":10612,"comment_status":"open","ping_status":"closed","template":"","meta":{"_bst_post_transparent":"","_bst_post_title":"","_bst_post_layout":"","_bst_post_sidebar_id":"","_bst_post_content_style":"","_bst_post_vertical_padding":"","_bst_post_feature":"","_bst_post_feature_position":"","_bst_post_header":false,"_bst_post_footer":false},"pwb-brand":[],"product_brand":[],"product_cat":[39],"product_tag":[],"class_list":{"0":"post-27955","1":"product","2":"type-product","3":"status-publish","4":"has-post-thumbnail","6":"product_cat-fertilizantes","8":"first","9":"instock","10":"sale","11":"taxable","12":"shipping-taxable","13":"purchasable","14":"product-type-variable","15":"entry","16":"content-bg","17":"loop-entry"},"brands":[],"_links":{"self":[{"href":"https:\/\/puregrowshop.com\/fr\/wp-json\/wp\/v2\/product\/27955","targetHints":{"allow":["GET"]}}],"collection":[{"href":"https:\/\/puregrowshop.com\/fr\/wp-json\/wp\/v2\/product"}],"about":[{"href":"https:\/\/puregrowshop.com\/fr\/wp-json\/wp\/v2\/types\/product"}],"replies":[{"embeddable":true,"href":"https:\/\/puregrowshop.com\/fr\/wp-json\/wp\/v2\/comments?post=27955"}],"wp:featuredmedia":[{"embeddable":true,"href":"https:\/\/puregrowshop.com\/fr\/wp-json\/wp\/v2\/media\/10612"}],"wp:attachment":[{"href":"https:\/\/puregrowshop.com\/fr\/wp-json\/wp\/v2\/media?parent=27955"}],"wp:term":[{"taxonomy":"pwb-brand","embeddable":true,"href":"https:\/\/puregrowshop.com\/fr\/wp-json\/wp\/v2\/pwb-brand?post=27955"},{"taxonomy":"product_brand","embeddable":true,"href":"https:\/\/puregrowshop.com\/fr\/wp-json\/wp\/v2\/product_brand?post=27955"},{"taxonomy":"product_cat","embeddable":true,"href":"https:\/\/puregrowshop.com\/fr\/wp-json\/wp\/v2\/product_cat?post=27955"},{"taxonomy":"product_tag","embeddable":true,"href":"https:\/\/puregrowshop.com\/fr\/wp-json\/wp\/v2\/product_tag?post=27955"}],"curies":[{"name":"wp","href":"https:\/\/api.w.org\/{rel}","templated":true}]}}