{"id":27953,"date":"2025-01-09T12:11:05","date_gmt":"2025-01-09T12:11:05","guid":{"rendered":"https:\/\/puregrowshop.com\/?post_type=product&#038;p=27953"},"modified":"2025-08-11T07:32:45","modified_gmt":"2025-08-11T07:32:45","slug":"root-c-atami-bcuzz","status":"publish","type":"product","link":"https:\/\/puregrowshop.com\/fr\/root-c-atami-bcuzz\/","title":{"rendered":"Root &#8211; C Atami B&#8217;cuzz"},"content":{"rendered":"<p>Aplicaciones:<br \/>Puede utilizarse diariamente con el agua de riego durante el ciclo completo de crecimiento, como suplemento del alimento habitual. <\/p>\n<p>Consejo de cultivo:<br \/>Atami aconseja utilizar el Root-C al inicio del ciclo de cultivo y, despu\u00e9s de tres semanas, pasar al uso del Alga-C, estimulante org\u00e1nico del crecimiento. De esta forma se consiguen los mejores resultados. <\/p>\n<p>Dosificaci\u00f3n:<br \/>Como suplemento alimenticio: 1 a 5 ml por litro de agua nutriente.<\/p>\n","protected":false},"excerpt":{"rendered":"<p>Un sistema radicular bien desarrollado y sano influye en gran manera en el buen desarrollo de la planta. Para lograr esto, este producto org\u00e1nico estimulante de la ra\u00edz, induce a un r\u00e1pido y potente crecimiento del sistema radicular y posee un efecto preventivo contra enfermedades del suelo como Pythium, Fusarium y el pulg\u00f3n de ra\u00edces. Las ra\u00edces se ramifican m\u00e1s r\u00e1pidamente, aumentando tambi\u00e9n su volumen, por lo que la planta alcanza mayor solidez tambi\u00e9n en su parte visible. Una planta con un sistema radicular bien desarrollado y firme, podr\u00e1 soportar m\u00e1s racimos de flores en el estadio final, lo cual se traduce en una mejor recolecci\u00f3n.<\/p>\n","protected":false},"featured_media":10659,"comment_status":"open","ping_status":"closed","template":"","meta":{"_bst_post_transparent":"","_bst_post_title":"","_bst_post_layout":"","_bst_post_sidebar_id":"","_bst_post_content_style":"","_bst_post_vertical_padding":"","_bst_post_feature":"","_bst_post_feature_position":"","_bst_post_header":false,"_bst_post_footer":false},"pwb-brand":[],"product_brand":[],"product_cat":[39],"product_tag":[],"class_list":{"0":"post-27953","1":"product","2":"type-product","3":"status-publish","4":"has-post-thumbnail","6":"product_cat-fertilizantes","8":"first","9":"instock","10":"sale","11":"taxable","12":"shipping-taxable","13":"purchasable","14":"product-type-variable","15":"entry","16":"content-bg","17":"loop-entry"},"brands":[],"_links":{"self":[{"href":"https:\/\/puregrowshop.com\/fr\/wp-json\/wp\/v2\/product\/27953","targetHints":{"allow":["GET"]}}],"collection":[{"href":"https:\/\/puregrowshop.com\/fr\/wp-json\/wp\/v2\/product"}],"about":[{"href":"https:\/\/puregrowshop.com\/fr\/wp-json\/wp\/v2\/types\/product"}],"replies":[{"embeddable":true,"href":"https:\/\/puregrowshop.com\/fr\/wp-json\/wp\/v2\/comments?post=27953"}],"wp:featuredmedia":[{"embeddable":true,"href":"https:\/\/puregrowshop.com\/fr\/wp-json\/wp\/v2\/media\/10659"}],"wp:attachment":[{"href":"https:\/\/puregrowshop.com\/fr\/wp-json\/wp\/v2\/media?parent=27953"}],"wp:term":[{"taxonomy":"pwb-brand","embeddable":true,"href":"https:\/\/puregrowshop.com\/fr\/wp-json\/wp\/v2\/pwb-brand?post=27953"},{"taxonomy":"product_brand","embeddable":true,"href":"https:\/\/puregrowshop.com\/fr\/wp-json\/wp\/v2\/product_brand?post=27953"},{"taxonomy":"product_cat","embeddable":true,"href":"https:\/\/puregrowshop.com\/fr\/wp-json\/wp\/v2\/product_cat?post=27953"},{"taxonomy":"product_tag","embeddable":true,"href":"https:\/\/puregrowshop.com\/fr\/wp-json\/wp\/v2\/product_tag?post=27953"}],"curies":[{"name":"wp","href":"https:\/\/api.w.org\/{rel}","templated":true}]}}