{"id":27951,"date":"2025-01-09T12:11:05","date_gmt":"2025-01-09T12:11:05","guid":{"rendered":"https:\/\/puregrowshop.com\/?post_type=product&#038;p=27951"},"modified":"2025-09-29T15:14:30","modified_gmt":"2025-09-29T15:14:30","slug":"pk-13-14-atami-bcuzz","status":"publish","type":"product","link":"https:\/\/puregrowshop.com\/fr\/pk-13-14-atami-bcuzz\/","title":{"rendered":"PK 13\/14 Atami B&#8217;cuzz"},"content":{"rendered":"<p>Aplicaciones:<br \/>Apropiado como complemento adicional del alimento corriente NPK, para el cultivo en tierra, hidropon\u00eda y fibra de coco. A partir de la 1a semana del periodo de floraci\u00f3n, a\u00f1adir al agua nutriente. Puede utilizarse diariamente con el agua de riego durante el periodo de floraci\u00f3n. La \u00faltima semana antes de la cosecha, se roc\u00eda el sustrato con agua y enzimas. <\/p>\n<p>Consejo de cultivo:<br \/>Aumentar lentamente la dosificaci\u00f3n del PK 13-14. Con ello se acostumbra la planta poco a poco y se consiguen los mejores resultados. <\/p>\n<p>Dosificaci\u00f3n:<br \/>De 2,5 a 15 ml por 10 litros de agua nutriente.<\/p>\n<p>NPK PK 13-14: 0-17-18<\/p>\n","protected":false},"excerpt":{"rendered":"<p>Las plantas tienen una enorme necesidad de f\u00f3sforo (P) y potasio (K) durante el periodo de floraci\u00f3n y si podemos cubrir estas necesidades del cultivo, las plantas nos lo agradecer\u00e1n con creces. Para ello existe el PK 13-14. El f\u00f3sforo (P) estimula, entre otras cosas, la r\u00e1pida divisi\u00f3n celular en los racimos florales, con lo que \u00e9stos aumentan visiblemente de tama\u00f1o. El f\u00f3sforo, juega un papel crucial en los procesos metab\u00f3licos de la planta. El potasio (K) influye de forma importante en la buena circulaci\u00f3n de la savia en la planta. Con ello, la planta desarrolla un tallo m\u00e1s grueso y un ramaje robusto, resultando finalmente en una mejor recolecci\u00f3n. El potasio estimula tambi\u00e9n la producci\u00f3n de az\u00facar en los racimos florales, lo cual influye positivamente en el aroma y sabor del producto final. <\/p>\n<p>La combinaci\u00f3n de f\u00f3sforo (P) y potasio (K) aporta el equilibrio necesario y es por ello indispensable para un buena cosecha. En este aspecto, el PK 13-14 es tambi\u00e9n muy aconsejable para todos los cultivos en flor. Es conveniente para todos los sustratos, es absorbido directamente por la planta y s\u00f3lo contiene sustancias digeribles. Adem\u00e1s, el PK 13-14 promueve un sistema radicular sano y es conveniente para todos los cultivos en tierra, hidropon\u00eda y fibra de coco.  <\/p>\n","protected":false},"featured_media":10610,"comment_status":"open","ping_status":"closed","template":"","meta":{"_bst_post_transparent":"","_bst_post_title":"","_bst_post_layout":"","_bst_post_sidebar_id":"","_bst_post_content_style":"","_bst_post_vertical_padding":"","_bst_post_feature":"","_bst_post_feature_position":"","_bst_post_header":false,"_bst_post_footer":false},"pwb-brand":[],"product_brand":[],"product_cat":[39],"product_tag":[],"class_list":{"0":"post-27951","1":"product","2":"type-product","3":"status-publish","4":"has-post-thumbnail","6":"product_cat-fertilizantes","8":"first","9":"instock","10":"sale","11":"taxable","12":"shipping-taxable","13":"purchasable","14":"product-type-variable","15":"entry","16":"content-bg","17":"loop-entry"},"brands":[],"_links":{"self":[{"href":"https:\/\/puregrowshop.com\/fr\/wp-json\/wp\/v2\/product\/27951","targetHints":{"allow":["GET"]}}],"collection":[{"href":"https:\/\/puregrowshop.com\/fr\/wp-json\/wp\/v2\/product"}],"about":[{"href":"https:\/\/puregrowshop.com\/fr\/wp-json\/wp\/v2\/types\/product"}],"replies":[{"embeddable":true,"href":"https:\/\/puregrowshop.com\/fr\/wp-json\/wp\/v2\/comments?post=27951"}],"wp:featuredmedia":[{"embeddable":true,"href":"https:\/\/puregrowshop.com\/fr\/wp-json\/wp\/v2\/media\/10610"}],"wp:attachment":[{"href":"https:\/\/puregrowshop.com\/fr\/wp-json\/wp\/v2\/media?parent=27951"}],"wp:term":[{"taxonomy":"pwb-brand","embeddable":true,"href":"https:\/\/puregrowshop.com\/fr\/wp-json\/wp\/v2\/pwb-brand?post=27951"},{"taxonomy":"product_brand","embeddable":true,"href":"https:\/\/puregrowshop.com\/fr\/wp-json\/wp\/v2\/product_brand?post=27951"},{"taxonomy":"product_cat","embeddable":true,"href":"https:\/\/puregrowshop.com\/fr\/wp-json\/wp\/v2\/product_cat?post=27951"},{"taxonomy":"product_tag","embeddable":true,"href":"https:\/\/puregrowshop.com\/fr\/wp-json\/wp\/v2\/product_tag?post=27951"}],"curies":[{"name":"wp","href":"https:\/\/api.w.org\/{rel}","templated":true}]}}