{"id":27948,"date":"2025-01-09T12:11:05","date_gmt":"2025-01-09T12:11:05","guid":{"rendered":"https:\/\/puregrowshop.com\/?post_type=product&#038;p=27948"},"modified":"2025-09-29T15:14:30","modified_gmt":"2025-09-29T15:14:30","slug":"growth-c-atami-bcuzz","status":"publish","type":"product","link":"https:\/\/puregrowshop.com\/fr\/growth-c-atami-bcuzz\/","title":{"rendered":"Growth &#8211; C Atami B&#8217;cuzz"},"content":{"rendered":"<p><P>Aplicaciones:<BR>A partir del periodo de floraci\u00f3n, a\u00f1adir al agua nutriente. Puede durante utilizarse diariamente con el agua de riego durante el periodo de crecimiento. \u00a1No utilizar en combinaci\u00f3n con cal! <\/P><br \/><P>Consejo de cultivo:<BR>Aconsejamos la combinaci\u00f3n del&nbsp; Growth-C con el Bloom-C, Flavor, Kilomix y el humus de lombriz. <\/P><br \/><P>Dosificaci\u00f3n:<BR>30 a 50 ml por 10 litros de agua nutriente.<\/P><br \/><P>NPK Growth-C: 3-3-5<BR><\/P><\/p>\n","protected":false},"excerpt":{"rendered":"<p>El cultivo ecol\u00f3gico gana en popularidad. Este abono l\u00edquido org\u00e1nico ha sido creado para responder a esta demanda. \u00c9ste ejerce una influencia positiva sobre el desarrollo de la planta, proporcion\u00e1ndole adem\u00e1s un tallo firme y una ramificaci\u00f3n robusta. En definitiva, indispensable para una planta sana y verde.<BR><\/p>\n","protected":false},"featured_media":10604,"comment_status":"open","ping_status":"closed","template":"","meta":{"_bst_post_transparent":"","_bst_post_title":"","_bst_post_layout":"","_bst_post_sidebar_id":"","_bst_post_content_style":"","_bst_post_vertical_padding":"","_bst_post_feature":"","_bst_post_feature_position":"","_bst_post_header":false,"_bst_post_footer":false},"pwb-brand":[],"product_brand":[],"product_cat":[39],"product_tag":[],"class_list":{"0":"post-27948","1":"product","2":"type-product","3":"status-publish","4":"has-post-thumbnail","6":"product_cat-fertilizantes","8":"first","9":"instock","10":"sale","11":"taxable","12":"shipping-taxable","13":"purchasable","14":"product-type-variable","15":"entry","16":"content-bg","17":"loop-entry"},"brands":[],"_links":{"self":[{"href":"https:\/\/puregrowshop.com\/fr\/wp-json\/wp\/v2\/product\/27948","targetHints":{"allow":["GET"]}}],"collection":[{"href":"https:\/\/puregrowshop.com\/fr\/wp-json\/wp\/v2\/product"}],"about":[{"href":"https:\/\/puregrowshop.com\/fr\/wp-json\/wp\/v2\/types\/product"}],"replies":[{"embeddable":true,"href":"https:\/\/puregrowshop.com\/fr\/wp-json\/wp\/v2\/comments?post=27948"}],"wp:featuredmedia":[{"embeddable":true,"href":"https:\/\/puregrowshop.com\/fr\/wp-json\/wp\/v2\/media\/10604"}],"wp:attachment":[{"href":"https:\/\/puregrowshop.com\/fr\/wp-json\/wp\/v2\/media?parent=27948"}],"wp:term":[{"taxonomy":"pwb-brand","embeddable":true,"href":"https:\/\/puregrowshop.com\/fr\/wp-json\/wp\/v2\/pwb-brand?post=27948"},{"taxonomy":"product_brand","embeddable":true,"href":"https:\/\/puregrowshop.com\/fr\/wp-json\/wp\/v2\/product_brand?post=27948"},{"taxonomy":"product_cat","embeddable":true,"href":"https:\/\/puregrowshop.com\/fr\/wp-json\/wp\/v2\/product_cat?post=27948"},{"taxonomy":"product_tag","embeddable":true,"href":"https:\/\/puregrowshop.com\/fr\/wp-json\/wp\/v2\/product_tag?post=27948"}],"curies":[{"name":"wp","href":"https:\/\/api.w.org\/{rel}","templated":true}]}}