{"id":27947,"date":"2025-01-09T12:11:03","date_gmt":"2025-01-09T12:11:03","guid":{"rendered":"https:\/\/puregrowshop.com\/flower-c-atamii-bcuzz\/"},"modified":"2025-08-11T07:32:45","modified_gmt":"2025-08-11T07:32:45","slug":"flower-c-atamii-bcuzz","status":"publish","type":"product","link":"https:\/\/puregrowshop.com\/fr\/flower-c-atamii-bcuzz\/","title":{"rendered":"Flower &#8211; C Atamii B&#8217;cuzz"},"content":{"rendered":"<p><P>Aplicaciones:<BR>Puede utilizarse diariamente con el agua de riego durante todo el periodo de floraci\u00f3n como suplemento del alimento habitual. <\/P><br \/><P>Dosificaci\u00f3n:<BR>Como suplemento alimenticio: 1 a 5 ml por litro de agua nutriente.<\/P><\/p>\n","protected":false},"excerpt":{"rendered":"<p>El periodo de floraci\u00f3n constituye para muchas plantas el periodo m\u00e1s importante del ciclo de vida. Este estimulante de la floraci\u00f3n org\u00e1nico ejerce una influencia muy positiva sobre capacidad de floraci\u00f3n de la planta, de forma que el periodo de floraci\u00f3n se inicia m\u00e1s temprano y tiene lugar de una forma m\u00e1s prolongada e intensa. Este estimulante de la floraci\u00f3n es adem\u00e1s directamente absorbible por la planta y conduce a una producci\u00f3n explosiva de flores. Las flores crecen m\u00e1s robustas pero mantienen su aroma y sabor caracter\u00edsticos. <BR><\/p>\n","protected":false},"featured_media":10598,"comment_status":"open","ping_status":"closed","template":"","meta":{"_bst_post_transparent":"","_bst_post_title":"","_bst_post_layout":"","_bst_post_sidebar_id":"","_bst_post_content_style":"","_bst_post_vertical_padding":"","_bst_post_feature":"","_bst_post_feature_position":"","_bst_post_header":false,"_bst_post_footer":false},"pwb-brand":[],"product_brand":[],"product_cat":[76],"product_tag":[],"class_list":{"0":"post-27947","1":"product","2":"type-product","3":"status-publish","4":"has-post-thumbnail","6":"product_cat-estimulantes-floracion","8":"first","9":"instock","10":"sale","11":"taxable","12":"shipping-taxable","13":"purchasable","14":"product-type-variable","15":"entry","16":"content-bg","17":"loop-entry"},"brands":[],"_links":{"self":[{"href":"https:\/\/puregrowshop.com\/fr\/wp-json\/wp\/v2\/product\/27947","targetHints":{"allow":["GET"]}}],"collection":[{"href":"https:\/\/puregrowshop.com\/fr\/wp-json\/wp\/v2\/product"}],"about":[{"href":"https:\/\/puregrowshop.com\/fr\/wp-json\/wp\/v2\/types\/product"}],"replies":[{"embeddable":true,"href":"https:\/\/puregrowshop.com\/fr\/wp-json\/wp\/v2\/comments?post=27947"}],"wp:featuredmedia":[{"embeddable":true,"href":"https:\/\/puregrowshop.com\/fr\/wp-json\/wp\/v2\/media\/10598"}],"wp:attachment":[{"href":"https:\/\/puregrowshop.com\/fr\/wp-json\/wp\/v2\/media?parent=27947"}],"wp:term":[{"taxonomy":"pwb-brand","embeddable":true,"href":"https:\/\/puregrowshop.com\/fr\/wp-json\/wp\/v2\/pwb-brand?post=27947"},{"taxonomy":"product_brand","embeddable":true,"href":"https:\/\/puregrowshop.com\/fr\/wp-json\/wp\/v2\/product_brand?post=27947"},{"taxonomy":"product_cat","embeddable":true,"href":"https:\/\/puregrowshop.com\/fr\/wp-json\/wp\/v2\/product_cat?post=27947"},{"taxonomy":"product_tag","embeddable":true,"href":"https:\/\/puregrowshop.com\/fr\/wp-json\/wp\/v2\/product_tag?post=27947"}],"curies":[{"name":"wp","href":"https:\/\/api.w.org\/{rel}","templated":true}]}}