{"id":27943,"date":"2025-01-09T12:11:01","date_gmt":"2025-01-09T12:11:01","guid":{"rendered":"https:\/\/puregrowshop.com\/?post_type=product&#038;p=27943"},"modified":"2025-08-11T07:32:54","modified_gmt":"2025-08-11T07:32:54","slug":"coco-bloom-stimulator-atami-bcuzz","status":"publish","type":"product","link":"https:\/\/puregrowshop.com\/fr\/coco-bloom-stimulator-atami-bcuzz\/","title":{"rendered":"Coco Bloom Stimulator Atami B&#8217;cuzz"},"content":{"rendered":"<p><P>Aplicaciones:<BR>A partir del periodo de floraci\u00f3n, a\u00f1adir al agua nutriente. Puede utilizarse diariamente con el agua de riego durante el periodo de floraci\u00f3n. <\/P><br \/><P>Consejo de cultivo:<BR>La combinaci\u00f3n de B\u2019cuzz Booster con el Coco Bloom Stimulator, resulta muy aconsejable, ayud\u00e1ndole a superar todas las expectativas de \u00e9xito. <\/P><br \/><P><BR>Dosificaci\u00f3n (1:1000):<BR>1 ml por litro de agua.<\/P><\/p>\n","protected":false},"excerpt":{"rendered":"<p>El periodo de floraci\u00f3n constituye&nbsp; para muchas plantas el periodo m\u00e1s importante de todo el ciclo de cultivo. El Coco Bloom Stimulator (Estimulante de la floraci\u00f3n) posee las mismas excelentes caracter\u00edsticas del estimulador de la floraci\u00f3n usual de Atami, pero esta variante ha sido espec\u00edficamente concebida para el cultivo en coco. Con ello, se produce la floraci\u00f3n obligada en un estadio anticipado, con lo que el periodo de floraci\u00f3n se inicia tempranamente y se produce de forma prolongada e intensa. El Coco Bloom Stimulator es directamente absorbido por la planta y produce una sensacional producci\u00f3n de flores. Las flores se vuelven m\u00e1s grandes y compactas pero mantienen su aroma y sabor caracter\u00edsticos.<BR><\/p>\n","protected":false},"featured_media":10628,"comment_status":"open","ping_status":"closed","template":"","meta":{"_bst_post_transparent":"","_bst_post_title":"","_bst_post_layout":"","_bst_post_sidebar_id":"","_bst_post_content_style":"","_bst_post_vertical_padding":"","_bst_post_feature":"","_bst_post_feature_position":"","_bst_post_header":false,"_bst_post_footer":false},"pwb-brand":[],"product_brand":[],"product_cat":[76],"product_tag":[],"class_list":{"0":"post-27943","1":"product","2":"type-product","3":"status-publish","4":"has-post-thumbnail","6":"product_cat-estimulantes-floracion","8":"first","9":"instock","10":"sale","11":"taxable","12":"shipping-taxable","13":"purchasable","14":"product-type-variable","15":"entry","16":"content-bg","17":"loop-entry"},"brands":[],"_links":{"self":[{"href":"https:\/\/puregrowshop.com\/fr\/wp-json\/wp\/v2\/product\/27943","targetHints":{"allow":["GET"]}}],"collection":[{"href":"https:\/\/puregrowshop.com\/fr\/wp-json\/wp\/v2\/product"}],"about":[{"href":"https:\/\/puregrowshop.com\/fr\/wp-json\/wp\/v2\/types\/product"}],"replies":[{"embeddable":true,"href":"https:\/\/puregrowshop.com\/fr\/wp-json\/wp\/v2\/comments?post=27943"}],"wp:featuredmedia":[{"embeddable":true,"href":"https:\/\/puregrowshop.com\/fr\/wp-json\/wp\/v2\/media\/10628"}],"wp:attachment":[{"href":"https:\/\/puregrowshop.com\/fr\/wp-json\/wp\/v2\/media?parent=27943"}],"wp:term":[{"taxonomy":"pwb-brand","embeddable":true,"href":"https:\/\/puregrowshop.com\/fr\/wp-json\/wp\/v2\/pwb-brand?post=27943"},{"taxonomy":"product_brand","embeddable":true,"href":"https:\/\/puregrowshop.com\/fr\/wp-json\/wp\/v2\/product_brand?post=27943"},{"taxonomy":"product_cat","embeddable":true,"href":"https:\/\/puregrowshop.com\/fr\/wp-json\/wp\/v2\/product_cat?post=27943"},{"taxonomy":"product_tag","embeddable":true,"href":"https:\/\/puregrowshop.com\/fr\/wp-json\/wp\/v2\/product_tag?post=27943"}],"curies":[{"name":"wp","href":"https:\/\/api.w.org\/{rel}","templated":true}]}}