{"id":27941,"date":"2025-01-09T12:11:01","date_gmt":"2025-01-09T12:11:01","guid":{"rendered":"https:\/\/puregrowshop.com\/?post_type=product&#038;p=27941"},"modified":"2026-04-29T17:23:24","modified_gmt":"2026-04-29T17:23:24","slug":"coco-a-atami-bcuzz","status":"publish","type":"product","link":"https:\/\/puregrowshop.com\/fr\/coco-a-atami-bcuzz\/","title":{"rendered":"Coco A Atami B&#8217;cuzz"},"content":{"rendered":"<p><P>Aplicaciones:<BR>El B&#8217;cuzz Coco Nutrition A+B se aplica \u00fanicamente mezclando los dos componentes al mismo tiempo en agua templada. Utilizar agua a temperatura ambiental (21\u00b0C) para obtener los mejores resultados. <\/P><br \/><P>Consejo de cultivo:<BR>Adem\u00e1s del B&#8217;cuzz Coco Nutrition A+B, se aconseja la utilizaci\u00f3n de bio-estimulantes. <\/P><br \/><P>Dosificaci\u00f3n:<BR>1 a 3 ml de A, y 1 a 3 ml de B por litro de agua.<\/P><br \/><P>pH entre 5,5 \u2013 5,8<BR>CE entre 1,0 \u2013 2,5<\/P><br \/><P>NPK&nbsp; B&#8217;cuzz Coco Nutrition A 6-0-6 (w\/v).<BR>NPK&nbsp; B&#8217;cuzz Coco Nutrition B 1-5-6 (w\/v).<\/P><\/p>\n","protected":false},"excerpt":{"rendered":"<p>Los sustratos de coco mantienen su gran popularidad como medio de cultivo. Y ello no es de extra\u00f1ar, la fibra de coco posee las propiedades de acopio de reservas de la tierra y la precisi\u00f3n de la lana de roca. Esta combinaci\u00f3n ayuda a producir plantas de excelente crecimiento y floraci\u00f3n. El B&#8217;cuzz Coco Nutrition A+B hace que el cultivo aproveche \u00f3ptimamente el sustrato de coco, contribuyendo adem\u00e1s a su equilibrio biol\u00f3gico. <BR><\/p>\n","protected":false},"featured_media":10590,"comment_status":"open","ping_status":"closed","template":"","meta":{"_bst_post_transparent":"","_bst_post_title":"","_bst_post_layout":"","_bst_post_sidebar_id":"","_bst_post_content_style":"","_bst_post_vertical_padding":"","_bst_post_feature":"","_bst_post_feature_position":"","_bst_post_header":false,"_bst_post_footer":false},"pwb-brand":[],"product_brand":[],"product_cat":[76],"product_tag":[],"class_list":{"0":"post-27941","1":"product","2":"type-product","3":"status-publish","4":"has-post-thumbnail","6":"product_cat-estimulantes-floracion","8":"first","9":"instock","10":"sale","11":"taxable","12":"shipping-taxable","13":"purchasable","14":"product-type-variable","15":"entry","16":"content-bg","17":"loop-entry"},"brands":[],"_links":{"self":[{"href":"https:\/\/puregrowshop.com\/fr\/wp-json\/wp\/v2\/product\/27941","targetHints":{"allow":["GET"]}}],"collection":[{"href":"https:\/\/puregrowshop.com\/fr\/wp-json\/wp\/v2\/product"}],"about":[{"href":"https:\/\/puregrowshop.com\/fr\/wp-json\/wp\/v2\/types\/product"}],"replies":[{"embeddable":true,"href":"https:\/\/puregrowshop.com\/fr\/wp-json\/wp\/v2\/comments?post=27941"}],"wp:featuredmedia":[{"embeddable":true,"href":"https:\/\/puregrowshop.com\/fr\/wp-json\/wp\/v2\/media\/10590"}],"wp:attachment":[{"href":"https:\/\/puregrowshop.com\/fr\/wp-json\/wp\/v2\/media?parent=27941"}],"wp:term":[{"taxonomy":"pwb-brand","embeddable":true,"href":"https:\/\/puregrowshop.com\/fr\/wp-json\/wp\/v2\/pwb-brand?post=27941"},{"taxonomy":"product_brand","embeddable":true,"href":"https:\/\/puregrowshop.com\/fr\/wp-json\/wp\/v2\/product_brand?post=27941"},{"taxonomy":"product_cat","embeddable":true,"href":"https:\/\/puregrowshop.com\/fr\/wp-json\/wp\/v2\/product_cat?post=27941"},{"taxonomy":"product_tag","embeddable":true,"href":"https:\/\/puregrowshop.com\/fr\/wp-json\/wp\/v2\/product_tag?post=27941"}],"curies":[{"name":"wp","href":"https:\/\/api.w.org\/{rel}","templated":true}]}}