{"id":27940,"date":"2025-01-09T12:11:01","date_gmt":"2025-01-09T12:11:01","guid":{"rendered":"https:\/\/puregrowshop.com\/?post_type=product&#038;p=27940"},"modified":"2025-08-11T07:32:54","modified_gmt":"2025-08-11T07:32:54","slug":"booster-soil-uni-atami-bcuzz","status":"publish","type":"product","link":"https:\/\/puregrowshop.com\/fr\/booster-soil-uni-atami-bcuzz\/","title":{"rendered":"Booster Soil Uni. Atami B&#8217;cuzz"},"content":{"rendered":"<p><P>Aplicaciones:<BR>A partir de la fase de crecimiento, a\u00f1adir al agua nutriente. Puede utilizarse diariamente con el agua de riego durante el periodo de crecimiento. <\/P><br \/><P>Consejo de cultivo:<BR>Atami aconseja la utilizaci\u00f3n del B\u2019Cuzz Booster en combinaci\u00f3n con el estimulante de la floraci\u00f3n B\u2019cuzz bloom stimulator para obtener los mejores resultados. <\/P><\/p>\n","protected":false},"excerpt":{"rendered":"<p>Este reforzante o booster est\u00e1 especialmente concebido tanto para el cultivo en tierra. Ejerce una influencia muy positiva sobre importantes microorganismos y bacterias que estimulan la vida del sustrato, ayudando as\u00ed a mejorar la condici\u00f3n de la planta. De esta forma, aporta estabilidad adicional y equilibrio biol\u00f3gico al sustrato, lo cual acrecienta el desarrollo del sistema radicular. Adem\u00e1s de bacterias acu\u00e1ticas, contiene este booster tambi\u00e9n micro nutrientes esenciales en forma quelada. Los micro nutrientes son componentes alimenticios indispensables para que la planta pueda desarrollarse plenamente, pero que \u00e9sta no puede producir por s\u00ed misma. Este reforzante o booster ayuda as\u00ed a evitar posibles deficiencias durante el ciclo de crecimiento. El Booster estimula tambi\u00e9n el ciclo del \u00e1cido c\u00edtrico, de forma que la planta pueda convertir directamente en energ\u00eda todos los elementos nutrientes.<BR><\/p>\n","protected":false},"featured_media":10669,"comment_status":"open","ping_status":"closed","template":"","meta":{"_bst_post_transparent":"","_bst_post_title":"","_bst_post_layout":"","_bst_post_sidebar_id":"","_bst_post_content_style":"","_bst_post_vertical_padding":"","_bst_post_feature":"","_bst_post_feature_position":"","_bst_post_header":false,"_bst_post_footer":false},"pwb-brand":[],"product_brand":[],"product_cat":[76],"product_tag":[],"class_list":{"0":"post-27940","1":"product","2":"type-product","3":"status-publish","4":"has-post-thumbnail","6":"product_cat-estimulantes-floracion","8":"first","9":"instock","10":"sale","11":"taxable","12":"shipping-taxable","13":"purchasable","14":"product-type-variable","15":"entry","16":"content-bg","17":"loop-entry"},"brands":[],"_links":{"self":[{"href":"https:\/\/puregrowshop.com\/fr\/wp-json\/wp\/v2\/product\/27940","targetHints":{"allow":["GET"]}}],"collection":[{"href":"https:\/\/puregrowshop.com\/fr\/wp-json\/wp\/v2\/product"}],"about":[{"href":"https:\/\/puregrowshop.com\/fr\/wp-json\/wp\/v2\/types\/product"}],"replies":[{"embeddable":true,"href":"https:\/\/puregrowshop.com\/fr\/wp-json\/wp\/v2\/comments?post=27940"}],"wp:featuredmedia":[{"embeddable":true,"href":"https:\/\/puregrowshop.com\/fr\/wp-json\/wp\/v2\/media\/10669"}],"wp:attachment":[{"href":"https:\/\/puregrowshop.com\/fr\/wp-json\/wp\/v2\/media?parent=27940"}],"wp:term":[{"taxonomy":"pwb-brand","embeddable":true,"href":"https:\/\/puregrowshop.com\/fr\/wp-json\/wp\/v2\/pwb-brand?post=27940"},{"taxonomy":"product_brand","embeddable":true,"href":"https:\/\/puregrowshop.com\/fr\/wp-json\/wp\/v2\/product_brand?post=27940"},{"taxonomy":"product_cat","embeddable":true,"href":"https:\/\/puregrowshop.com\/fr\/wp-json\/wp\/v2\/product_cat?post=27940"},{"taxonomy":"product_tag","embeddable":true,"href":"https:\/\/puregrowshop.com\/fr\/wp-json\/wp\/v2\/product_tag?post=27940"}],"curies":[{"name":"wp","href":"https:\/\/api.w.org\/{rel}","templated":true}]}}