{"id":27937,"date":"2025-01-09T12:11:01","date_gmt":"2025-01-09T12:11:01","guid":{"rendered":"https:\/\/puregrowshop.com\/?post_type=product&#038;p=27937"},"modified":"2025-11-06T19:48:50","modified_gmt":"2025-11-06T19:48:50","slug":"blossom-builder-liquid-atami-bcuzz","status":"publish","type":"product","link":"https:\/\/puregrowshop.com\/fr\/blossom-builder-liquid-atami-bcuzz\/","title":{"rendered":"Blossom Builder Liquid Atami B&#8217;cuzz"},"content":{"rendered":"<p>El &quot;Blossom Builder Liquid Atami B&#039;cuzz&quot; es un fertilizante de alta calidad dise\u00f1ado para maximizar el potencial de floraci\u00f3n de tus plantas, garantizando cosechas abundantes y saludables. Ideal para horticultores que buscan resultados excepcionales en sus cultivos, este producto es una adici\u00f3n esencial a tu arsenal de jardiner\u00eda.<\/p>\n<ul>\n<li>Vol\u00famenes disponibles: 5 litros, 100 ml, 1 litro, 250 ml.<\/li>\n<li>Categor\u00eda: Fertilizantes.<\/li>\n<li>Proporciona los nutrientes necesarios para una floraci\u00f3n \u00f3ptima.<\/li>\n<li>Formulaci\u00f3n l\u00edquida para una absorci\u00f3n r\u00e1pida y eficiente.<\/li>\n<li>Compatible con diversos medios de cultivo.<\/li>\n<\/ul>\n<p>Beneficios del uso de &quot;Blossom Builder Liquid Atami B&#039;cuzz&quot; incluyen un aumento significativo en la cantidad y calidad de las flores. Su f\u00f3rmula concentrada asegura que tus plantas reciban la nutrici\u00f3n esencial durante la fase cr\u00edtica de floraci\u00f3n, lo que se traduce en flores m\u00e1s grandes y densas. Su aplicaci\u00f3n es sencilla: mezcla la cantidad recomendada con agua y apl\u00edcala directamente al sustrato o sistema de riego.<\/p>\n<p>Este fertilizante est\u00e1 formulado con componentes de alta calidad que garantizan un cuidado superior de tus plantas, optimizando su desarrollo y resistencia. Perfecto para cultivadores que exigen lo mejor en cada cosecha.<\/p>\n","protected":false},"excerpt":{"rendered":"<p>El Blossom Builder Liquid\u00ae es un endurecedor\/finalizador que debe ser utilizado en las \u00faltimas 4-2 semanas de las etapas de floraci\u00f3n y maduraci\u00f3n de la planta.<\/p>\n<p>Aumentar\u00e1 al m\u00e1ximo la estructura de sus flores.<br \/>Blossom Builder Liquid\u00ae contiene unos valores \u00fanicos de P: K de 1: 1,5.<br \/>Blossom Builder Liquid\u00ae es adecuado para todo tipo de sustratos de cultivo, tierra, hidro y coco y todos los sistemas de riego<\/p>\n","protected":false},"featured_media":10699,"comment_status":"open","ping_status":"closed","template":"","meta":{"_bst_post_transparent":"","_bst_post_title":"","_bst_post_layout":"","_bst_post_sidebar_id":"","_bst_post_content_style":"","_bst_post_vertical_padding":"","_bst_post_feature":"","_bst_post_feature_position":"","_bst_post_header":false,"_bst_post_footer":false},"pwb-brand":[],"product_brand":[],"product_cat":[39],"product_tag":[],"class_list":{"0":"post-27937","1":"product","2":"type-product","3":"status-publish","4":"has-post-thumbnail","6":"product_cat-fertilizantes","8":"first","9":"instock","10":"sale","11":"taxable","12":"shipping-taxable","13":"purchasable","14":"product-type-variable","15":"entry","16":"content-bg","17":"loop-entry"},"brands":[],"_links":{"self":[{"href":"https:\/\/puregrowshop.com\/fr\/wp-json\/wp\/v2\/product\/27937","targetHints":{"allow":["GET"]}}],"collection":[{"href":"https:\/\/puregrowshop.com\/fr\/wp-json\/wp\/v2\/product"}],"about":[{"href":"https:\/\/puregrowshop.com\/fr\/wp-json\/wp\/v2\/types\/product"}],"replies":[{"embeddable":true,"href":"https:\/\/puregrowshop.com\/fr\/wp-json\/wp\/v2\/comments?post=27937"}],"wp:featuredmedia":[{"embeddable":true,"href":"https:\/\/puregrowshop.com\/fr\/wp-json\/wp\/v2\/media\/10699"}],"wp:attachment":[{"href":"https:\/\/puregrowshop.com\/fr\/wp-json\/wp\/v2\/media?parent=27937"}],"wp:term":[{"taxonomy":"pwb-brand","embeddable":true,"href":"https:\/\/puregrowshop.com\/fr\/wp-json\/wp\/v2\/pwb-brand?post=27937"},{"taxonomy":"product_brand","embeddable":true,"href":"https:\/\/puregrowshop.com\/fr\/wp-json\/wp\/v2\/product_brand?post=27937"},{"taxonomy":"product_cat","embeddable":true,"href":"https:\/\/puregrowshop.com\/fr\/wp-json\/wp\/v2\/product_cat?post=27937"},{"taxonomy":"product_tag","embeddable":true,"href":"https:\/\/puregrowshop.com\/fr\/wp-json\/wp\/v2\/product_tag?post=27937"}],"curies":[{"name":"wp","href":"https:\/\/api.w.org\/{rel}","templated":true}]}}