{"id":27935,"date":"2025-01-09T12:10:58","date_gmt":"2025-01-09T12:10:58","guid":{"rendered":"https:\/\/puregrowshop.com\/?post_type=product&#038;p=27935"},"modified":"2025-08-11T07:33:01","modified_gmt":"2025-08-11T07:33:01","slug":"bloom-stimulator-atami-bcuzz","status":"publish","type":"product","link":"https:\/\/puregrowshop.com\/fr\/bloom-stimulator-atami-bcuzz\/","title":{"rendered":"Bloom Stimulator Atami B&#8217;cuzz"},"content":{"rendered":"<p><P>Aplicaciones:<BR>A partir del periodo de floraci\u00f3n a\u00f1adir al agua nutriente. Puede utilizarse diariamente con el agua de riego durante el periodo de floraci\u00f3n. <\/P><br \/><P>Consejo de cultivo:<BR>La combinaci\u00f3n de B\u2019cuzz Booster con este estimulante de la floraci\u00f3n, resulta muy aconsejable, ayud\u00e1ndole a superar todas las expectativas de \u00e9xito. <\/P><br \/><P>Dosificaci\u00f3n (1:1000):<BR>1 ml por litro de agua.<\/P><\/p>\n","protected":false},"excerpt":{"rendered":"<p>El periodo de floraci\u00f3n constituye para muchas plantas el periodo m\u00e1s importante del ciclo vital. Este estimulante de la floraci\u00f3n acelera la producci\u00f3n de flores en su estadio m\u00e1s temprano, con lo cual el periodo de floraci\u00f3n se inicia precozmente, aumentando su duraci\u00f3n e intensidad. Este estimulante de la floraci\u00f3n es absorbido directamente por la planta y conduce a una producci\u00f3n explosiva de flores. Las flores se vuelven m\u00e1s grandes y compactas pero mantienen su aroma y sabor caracter\u00edsticos. <\/p>\n","protected":false},"featured_media":10576,"comment_status":"open","ping_status":"closed","template":"","meta":{"_bst_post_transparent":"","_bst_post_title":"","_bst_post_layout":"","_bst_post_sidebar_id":"","_bst_post_content_style":"","_bst_post_vertical_padding":"","_bst_post_feature":"","_bst_post_feature_position":"","_bst_post_header":false,"_bst_post_footer":false},"pwb-brand":[],"product_brand":[],"product_cat":[76],"product_tag":[],"class_list":{"0":"post-27935","1":"product","2":"type-product","3":"status-publish","4":"has-post-thumbnail","6":"product_cat-estimulantes-floracion","8":"first","9":"instock","10":"sale","11":"taxable","12":"shipping-taxable","13":"purchasable","14":"product-type-variable","15":"entry","16":"content-bg","17":"loop-entry"},"brands":[],"_links":{"self":[{"href":"https:\/\/puregrowshop.com\/fr\/wp-json\/wp\/v2\/product\/27935","targetHints":{"allow":["GET"]}}],"collection":[{"href":"https:\/\/puregrowshop.com\/fr\/wp-json\/wp\/v2\/product"}],"about":[{"href":"https:\/\/puregrowshop.com\/fr\/wp-json\/wp\/v2\/types\/product"}],"replies":[{"embeddable":true,"href":"https:\/\/puregrowshop.com\/fr\/wp-json\/wp\/v2\/comments?post=27935"}],"wp:featuredmedia":[{"embeddable":true,"href":"https:\/\/puregrowshop.com\/fr\/wp-json\/wp\/v2\/media\/10576"}],"wp:attachment":[{"href":"https:\/\/puregrowshop.com\/fr\/wp-json\/wp\/v2\/media?parent=27935"}],"wp:term":[{"taxonomy":"pwb-brand","embeddable":true,"href":"https:\/\/puregrowshop.com\/fr\/wp-json\/wp\/v2\/pwb-brand?post=27935"},{"taxonomy":"product_brand","embeddable":true,"href":"https:\/\/puregrowshop.com\/fr\/wp-json\/wp\/v2\/product_brand?post=27935"},{"taxonomy":"product_cat","embeddable":true,"href":"https:\/\/puregrowshop.com\/fr\/wp-json\/wp\/v2\/product_cat?post=27935"},{"taxonomy":"product_tag","embeddable":true,"href":"https:\/\/puregrowshop.com\/fr\/wp-json\/wp\/v2\/product_tag?post=27935"}],"curies":[{"name":"wp","href":"https:\/\/api.w.org\/{rel}","templated":true}]}}