{"id":27933,"date":"2025-01-09T12:10:57","date_gmt":"2025-01-09T12:10:57","guid":{"rendered":"https:\/\/puregrowshop.com\/?post_type=product&#038;p=27933"},"modified":"2025-08-11T07:33:01","modified_gmt":"2025-08-11T07:33:01","slug":"bi-bloombastic-atami-bcuzz","status":"publish","type":"product","link":"https:\/\/puregrowshop.com\/fr\/bi-bloombastic-atami-bcuzz\/","title":{"rendered":"Bi Bloombastic Atami B&#8217;cuzz"},"content":{"rendered":"<p>Bi-Bloombastic es un c\u00f3ctel de alta calidad elaborado con aditivos minerales y org\u00e1nicos de origen vegetal. Bi-Bloombastic es un estimulador de la floraci\u00f3n con una alta concentraci\u00f3n de f\u00f3sforo, potasio y hierro, al igual que Bloombastic. Las concentraciones de los nutrientes son m\u00e1s bajas en Bi-Bloombastic, pero esto se ve compensado por la mayor dosis de Bi-Bloombastic. Por otro lado, la relaci\u00f3n de P y K tambi\u00e9n es diferente.<\/p>\n<p>Al cultivar org\u00e1nicamente, los fertilizantes minerales deben reemplazarse con fertilizantes org\u00e1nicos tanto como sea posible. Esto es especialmente importante para los cultivadores org\u00e1nicos, que deben agregar sustancias biol\u00f3gicas para mantener sanos a los microorganismos del sustrato y, as\u00ed, a sus plantas. Durante la floraci\u00f3n esto es m\u00e1s dif\u00edcil, porque las plantas exigen una mayor proporci\u00f3n de P-K para florecer de manera \u00f3ptima.<\/p>\n<p>Los fertilizantes P-K son casi siempre fertilizantes minerales (por ejemplo, PK 13-14). Esto hace que Bi-Bloombastic sea una buena alternativa para los cultivadores con una mentalidad ecol\u00f3gica, que desean un mayor rendimiento y un gran sabor.<br \/>ATA NRG Bi-Bloombastic solo se puede administrar mediante riego manual, dado que puede obstruir los sistemas de riego.<\/p>\n<p>Adecuado para diferentes tipos de verduras y frutas como chiles, fresas, ar\u00e1ndanos. Tambi\u00e9n se puede usar para plantas ornamentales en floraci\u00f3n (por ejemplo, orqu\u00eddeas, violetas)<\/p>\n<p>Dosificaci\u00f3n:<br \/>De 1 a 2 ml por litro de soluci\u00f3n nutritiva.<\/p>\n<p>Grow tips<br \/>A\u00f1adir en las \u00faltimas 4 o 6 semanas de floraci\u00f3n. No compatible con sistemas de riego!<\/p>\n","protected":false},"excerpt":{"rendered":"<p>Bi Bloombastic\u00ae es un producto altamente concentrado adecuado para ser usado desde las \u00faltimas 4 a 6 semanas de floraci\u00f3n. Bi Bloombastic\u00ae produce un aumento de la EC (valor nutricional) en la soluci\u00f3n nutritiva.<\/p>\n","protected":false},"featured_media":10671,"comment_status":"open","ping_status":"closed","template":"","meta":{"_bst_post_transparent":"","_bst_post_title":"","_bst_post_layout":"","_bst_post_sidebar_id":"","_bst_post_content_style":"","_bst_post_vertical_padding":"","_bst_post_feature":"","_bst_post_feature_position":"","_bst_post_header":false,"_bst_post_footer":false},"pwb-brand":[],"product_brand":[],"product_cat":[39],"product_tag":[],"class_list":{"0":"post-27933","1":"product","2":"type-product","3":"status-publish","4":"has-post-thumbnail","6":"product_cat-fertilizantes","8":"first","9":"instock","10":"sale","11":"taxable","12":"shipping-taxable","13":"purchasable","14":"product-type-variable","15":"entry","16":"content-bg","17":"loop-entry"},"brands":[],"_links":{"self":[{"href":"https:\/\/puregrowshop.com\/fr\/wp-json\/wp\/v2\/product\/27933","targetHints":{"allow":["GET"]}}],"collection":[{"href":"https:\/\/puregrowshop.com\/fr\/wp-json\/wp\/v2\/product"}],"about":[{"href":"https:\/\/puregrowshop.com\/fr\/wp-json\/wp\/v2\/types\/product"}],"replies":[{"embeddable":true,"href":"https:\/\/puregrowshop.com\/fr\/wp-json\/wp\/v2\/comments?post=27933"}],"wp:featuredmedia":[{"embeddable":true,"href":"https:\/\/puregrowshop.com\/fr\/wp-json\/wp\/v2\/media\/10671"}],"wp:attachment":[{"href":"https:\/\/puregrowshop.com\/fr\/wp-json\/wp\/v2\/media?parent=27933"}],"wp:term":[{"taxonomy":"pwb-brand","embeddable":true,"href":"https:\/\/puregrowshop.com\/fr\/wp-json\/wp\/v2\/pwb-brand?post=27933"},{"taxonomy":"product_brand","embeddable":true,"href":"https:\/\/puregrowshop.com\/fr\/wp-json\/wp\/v2\/product_brand?post=27933"},{"taxonomy":"product_cat","embeddable":true,"href":"https:\/\/puregrowshop.com\/fr\/wp-json\/wp\/v2\/product_cat?post=27933"},{"taxonomy":"product_tag","embeddable":true,"href":"https:\/\/puregrowshop.com\/fr\/wp-json\/wp\/v2\/product_tag?post=27933"}],"curies":[{"name":"wp","href":"https:\/\/api.w.org\/{rel}","templated":true}]}}