{"id":27932,"date":"2025-01-09T12:10:57","date_gmt":"2025-01-09T12:10:57","guid":{"rendered":"https:\/\/puregrowshop.com\/?post_type=product&#038;p=27932"},"modified":"2025-08-11T07:33:01","modified_gmt":"2025-08-11T07:33:01","slug":"atazyme-atami-bcuzz","status":"publish","type":"product","link":"https:\/\/puregrowshop.com\/fr\/atazyme-atami-bcuzz\/","title":{"rendered":"Atazyme Atami B&#8217;cuzz"},"content":{"rendered":"<p><P>Consejo de cultivo:<BR>Atazyme es tambi\u00e9n muy eficaz durante la reutilizaci\u00f3n (parcial) del sustrato. <\/P><br \/><P>Aplicaciones:<BR>Apropiado como complemento adicional del alimento corriente para el cultivo en tierra, hidropon\u00eda y fibra de coco. Puede utilizarse una vez por semana durante la totalidad del periodo de crecimiento y del ciclo de floraci\u00f3n.<\/P><br \/><P>Dosificaci\u00f3n (2:1000):<BR>2 ml por litro de agua.<\/P><\/p>\n","protected":false},"excerpt":{"rendered":"<p>Facilita la absorci\u00f3n de alimento por la planta y evita un posible exceso de abonado. Estimula enormemente la vida del suelo, influenciando as\u00ed positivamente el desarrollo del sistema radicular y el crecimiento y la floraci\u00f3n de la planta. Atazyme descompone los restos de plantas y ra\u00edces en el sustrato, disminuyendo as\u00ed posibles enfermedades del suelo.&nbsp;<\/p>\n","protected":false},"featured_media":10568,"comment_status":"open","ping_status":"closed","template":"","meta":{"_bst_post_transparent":"","_bst_post_title":"","_bst_post_layout":"","_bst_post_sidebar_id":"","_bst_post_content_style":"","_bst_post_vertical_padding":"","_bst_post_feature":"","_bst_post_feature_position":"","_bst_post_header":false,"_bst_post_footer":false},"pwb-brand":[],"product_brand":[],"product_cat":[39],"product_tag":[],"class_list":{"0":"post-27932","1":"product","2":"type-product","3":"status-publish","4":"has-post-thumbnail","6":"product_cat-fertilizantes","8":"first","9":"instock","10":"sale","11":"taxable","12":"shipping-taxable","13":"purchasable","14":"product-type-variable","15":"entry","16":"content-bg","17":"loop-entry"},"brands":[],"_links":{"self":[{"href":"https:\/\/puregrowshop.com\/fr\/wp-json\/wp\/v2\/product\/27932","targetHints":{"allow":["GET"]}}],"collection":[{"href":"https:\/\/puregrowshop.com\/fr\/wp-json\/wp\/v2\/product"}],"about":[{"href":"https:\/\/puregrowshop.com\/fr\/wp-json\/wp\/v2\/types\/product"}],"replies":[{"embeddable":true,"href":"https:\/\/puregrowshop.com\/fr\/wp-json\/wp\/v2\/comments?post=27932"}],"wp:featuredmedia":[{"embeddable":true,"href":"https:\/\/puregrowshop.com\/fr\/wp-json\/wp\/v2\/media\/10568"}],"wp:attachment":[{"href":"https:\/\/puregrowshop.com\/fr\/wp-json\/wp\/v2\/media?parent=27932"}],"wp:term":[{"taxonomy":"pwb-brand","embeddable":true,"href":"https:\/\/puregrowshop.com\/fr\/wp-json\/wp\/v2\/pwb-brand?post=27932"},{"taxonomy":"product_brand","embeddable":true,"href":"https:\/\/puregrowshop.com\/fr\/wp-json\/wp\/v2\/product_brand?post=27932"},{"taxonomy":"product_cat","embeddable":true,"href":"https:\/\/puregrowshop.com\/fr\/wp-json\/wp\/v2\/product_cat?post=27932"},{"taxonomy":"product_tag","embeddable":true,"href":"https:\/\/puregrowshop.com\/fr\/wp-json\/wp\/v2\/product_tag?post=27932"}],"curies":[{"name":"wp","href":"https:\/\/api.w.org\/{rel}","templated":true}]}}